{"id":4750,"date":"2026-04-04T20:45:45","date_gmt":"2026-04-04T20:45:45","guid":{"rendered":"https:\/\/silvertriangleleatherworks.ca\/product\/stlw-2-leather-wrist-ankle-restraints-7-10\/"},"modified":"2026-04-04T20:45:45","modified_gmt":"2026-04-04T20:45:45","slug":"stlw-2-leather-wrist-ankle-restraints-7-10","status":"publish","type":"product","link":"https:\/\/silvertriangleleatherworks.ca\/fr\/produit\/stlw-2-leather-wrist-ankle-restraints-7-10\/","title":{"rendered":"STLW 2\u2033 Entraves en cuir pour poignets et chevilles ( 7-10\u2033)"},"content":{"rendered":"<p>STLW 2\u2033 Entraves en cuir pour poignets et chevilles ( 7-10\u2033). Non rembourr\u00e9.<\/p>\n<p class=\"MsoNormal\">Tous nos produits sont fabriqu\u00e9s \u00e0 partir de cuir d'\u00e9paule de premi\u00e8re qualit\u00e9, class\u00e9 dans la cat\u00e9gorie 7-9oz, ce qui le place dans une fourchette d'\u00e9paisseur de 2,8-3,6 mm. Notre cuir n'est pas pli\u00e9 pour plus de solidit\u00e9, ni coll\u00e9, ni cousu en double \u00e9paisseur pour plus de solidit\u00e9. Il est utilis\u00e9 tel qu'il est cens\u00e9 l'\u00eatre, dans sa forme originale, et n'a pas besoin d'\u00eatre renforc\u00e9 pour \u00eatre plus solide ou plus stable.<\/p>\n<p class=\"MsoNormal\">Nous sommes \u00e9galement les seuls dans l'industrie \u00e0 offrir une garantie de 5 ans sur les pi\u00e8ces.<\/p>\n<p><span style=\"font-size: 12.0pt; line-height: 115%; font-family: 'Aptos',sans-serif; mso-ascii-theme-font: minor-latin; mso-fareast-font-family: Aptos; mso-fareast-theme-font: minor-latin; mso-hansi-theme-font: minor-latin; mso-bidi-font-family: 'Times New Roman'; mso-bidi-theme-font: minor-bidi; mso-ansi-language: EN-CA; mso-fareast-language: EN-US; mso-bidi-language: AR-SA;\">\u201cCon\u00e7u pour la passion, con\u00e7u pour l'endurance\u201d.<\/span><\/p>\n<p>\u00a0<\/p>","protected":false},"excerpt":{"rendered":"<p>STLW 2&#8243; Leather Wrist\/Ankle Restraints ( 7-10&#8243;).\u00a0Non-padded. All of our products are made with top-grain shoulder leather, classed in the 7-9oz range, putting it in the thickness range of 2.8-3.6mm. Our leather is not folded for strength, not glued, nor is it sewn to a double thickness for added strength. It is used as it [&hellip;]<\/p>\n","protected":false},"featured_media":0,"comment_status":"open","ping_status":"closed","template":"","meta":{"_et_pb_use_builder":"","_et_pb_old_content":"","_et_gb_content_width":""},"product_brand":[],"product_cat":[473],"product_tag":[176,56,50,327,474,177,57,58],"class_list":{"0":"post-4750","1":"product","2":"type-product","3":"status-publish","5":"product_cat-wristbands","6":"product_tag-clothing","7":"product_tag-kink","8":"product_tag-leather-3","9":"product_tag-restraint-3","10":"product_tag-wristband-2","11":"product_tag-accessories-2","12":"product_tag-adult-3","13":"product_tag-fetish-2","15":"first","16":"instock","17":"taxable","18":"shipping-taxable","19":"product-type-simple"},"yoast_head":"<!-- This site is optimized with the Yoast SEO plugin v27.3 - https:\/\/yoast.com\/product\/yoast-seo-wordpress\/ -->\n<title>STLW 2&quot; Leather Wrist\/Ankle Restraints ( 7-10&quot;) - Silver Triangle Leatherworks<\/title>\n<meta name=\"robots\" content=\"index, follow, max-snippet:-1, max-image-preview:large, max-video-preview:-1\" \/>\n<link rel=\"canonical\" href=\"https:\/\/silvertriangleleatherworks.ca\/fr\/produit\/stlw-2-leather-wrist-ankle-restraints-7-10\/\" \/>\n<meta property=\"og:locale\" content=\"fr_CA\" \/>\n<meta property=\"og:type\" content=\"article\" \/>\n<meta property=\"og:title\" content=\"STLW 2&quot; Leather Wrist\/Ankle Restraints ( 7-10&quot;) - Silver Triangle Leatherworks\" \/>\n<meta property=\"og:description\" content=\"STLW 2&#8243; Leather Wrist\/Ankle Restraints ( 7-10&#8243;).\u00a0Non-padded. All of our products are made with top-grain shoulder leather, classed in the 7-9oz range, putting it in the thickness range of 2.8-3.6mm. Our leather is not folded for strength, not glued, nor is it sewn to a double thickness for added strength. It is used as it [&hellip;]\" \/>\n<meta property=\"og:url\" content=\"https:\/\/silvertriangleleatherworks.ca\/fr\/produit\/stlw-2-leather-wrist-ankle-restraints-7-10\/\" \/>\n<meta property=\"og:site_name\" content=\"Silver Triangle Leatherworks\" \/>\n<meta name=\"twitter:card\" content=\"summary_large_image\" \/>\n<script type=\"application\/ld+json\" class=\"yoast-schema-graph\">{\"@context\":\"https:\\\/\\\/schema.org\",\"@graph\":[{\"@type\":\"WebPage\",\"@id\":\"https:\\\/\\\/silvertriangleleatherworks.ca\\\/product\\\/stlw-2-leather-wrist-ankle-restraints-7-10\\\/\",\"url\":\"https:\\\/\\\/silvertriangleleatherworks.ca\\\/product\\\/stlw-2-leather-wrist-ankle-restraints-7-10\\\/\",\"name\":\"STLW 2\\\" Leather Wrist\\\/Ankle Restraints ( 7-10\\\") - Silver Triangle Leatherworks\",\"isPartOf\":{\"@id\":\"https:\\\/\\\/silvertriangleleatherworks.ca\\\/#website\"},\"datePublished\":\"2026-04-04T20:45:45+00:00\",\"breadcrumb\":{\"@id\":\"https:\\\/\\\/silvertriangleleatherworks.ca\\\/product\\\/stlw-2-leather-wrist-ankle-restraints-7-10\\\/#breadcrumb\"},\"inLanguage\":\"fr-CA\",\"potentialAction\":[{\"@type\":\"ReadAction\",\"target\":[\"https:\\\/\\\/silvertriangleleatherworks.ca\\\/product\\\/stlw-2-leather-wrist-ankle-restraints-7-10\\\/\"]}]},{\"@type\":\"BreadcrumbList\",\"@id\":\"https:\\\/\\\/silvertriangleleatherworks.ca\\\/product\\\/stlw-2-leather-wrist-ankle-restraints-7-10\\\/#breadcrumb\",\"itemListElement\":[{\"@type\":\"ListItem\",\"position\":1,\"name\":\"Home\",\"item\":\"https:\\\/\\\/silvertriangleleatherworks.ca\\\/\"},{\"@type\":\"ListItem\",\"position\":2,\"name\":\"Shop\",\"item\":\"https:\\\/\\\/silvertriangleleatherworks.ca\\\/shopxmade-in-canada-adult-leathergoods\\\/\"},{\"@type\":\"ListItem\",\"position\":3,\"name\":\"STLW 2&#8243; Leather Wrist\\\/Ankle Restraints ( 7-10&#8243;)\"}]},{\"@type\":\"WebSite\",\"@id\":\"https:\\\/\\\/silvertriangleleatherworks.ca\\\/#website\",\"url\":\"https:\\\/\\\/silvertriangleleatherworks.ca\\\/\",\"name\":\"Silver Triangle Leatherworks\",\"description\":\"Designed for passion, Crafted for enduranse\",\"potentialAction\":[{\"@type\":\"SearchAction\",\"target\":{\"@type\":\"EntryPoint\",\"urlTemplate\":\"https:\\\/\\\/silvertriangleleatherworks.ca\\\/?s={search_term_string}\"},\"query-input\":{\"@type\":\"PropertyValueSpecification\",\"valueRequired\":true,\"valueName\":\"search_term_string\"}}],\"inLanguage\":\"fr-CA\"}]}<\/script>\n<!-- \/ Yoast SEO plugin. -->","yoast_head_json":{"title":"STLW 2\" Leather Wrist\/Ankle Restraints ( 7-10\") - Silver Triangle Leatherworks","robots":{"index":"index","follow":"follow","max-snippet":"max-snippet:-1","max-image-preview":"max-image-preview:large","max-video-preview":"max-video-preview:-1"},"canonical":"https:\/\/silvertriangleleatherworks.ca\/fr\/produit\/stlw-2-leather-wrist-ankle-restraints-7-10\/","og_locale":"fr_CA","og_type":"article","og_title":"STLW 2\" Leather Wrist\/Ankle Restraints ( 7-10\") - Silver Triangle Leatherworks","og_description":"STLW 2&#8243; Leather Wrist\/Ankle Restraints ( 7-10&#8243;).\u00a0Non-padded. All of our products are made with top-grain shoulder leather, classed in the 7-9oz range, putting it in the thickness range of 2.8-3.6mm. Our leather is not folded for strength, not glued, nor is it sewn to a double thickness for added strength. It is used as it [&hellip;]","og_url":"https:\/\/silvertriangleleatherworks.ca\/fr\/produit\/stlw-2-leather-wrist-ankle-restraints-7-10\/","og_site_name":"Silver Triangle Leatherworks","twitter_card":"summary_large_image","schema":{"@context":"https:\/\/schema.org","@graph":[{"@type":"WebPage","@id":"https:\/\/silvertriangleleatherworks.ca\/product\/stlw-2-leather-wrist-ankle-restraints-7-10\/","url":"https:\/\/silvertriangleleatherworks.ca\/product\/stlw-2-leather-wrist-ankle-restraints-7-10\/","name":"STLW 2\" Leather Wrist\/Ankle Restraints ( 7-10\") - Silver Triangle Leatherworks","isPartOf":{"@id":"https:\/\/silvertriangleleatherworks.ca\/#website"},"datePublished":"2026-04-04T20:45:45+00:00","breadcrumb":{"@id":"https:\/\/silvertriangleleatherworks.ca\/product\/stlw-2-leather-wrist-ankle-restraints-7-10\/#breadcrumb"},"inLanguage":"fr-CA","potentialAction":[{"@type":"ReadAction","target":["https:\/\/silvertriangleleatherworks.ca\/product\/stlw-2-leather-wrist-ankle-restraints-7-10\/"]}]},{"@type":"BreadcrumbList","@id":"https:\/\/silvertriangleleatherworks.ca\/product\/stlw-2-leather-wrist-ankle-restraints-7-10\/#breadcrumb","itemListElement":[{"@type":"ListItem","position":1,"name":"Home","item":"https:\/\/silvertriangleleatherworks.ca\/"},{"@type":"ListItem","position":2,"name":"Shop","item":"https:\/\/silvertriangleleatherworks.ca\/shopxmade-in-canada-adult-leathergoods\/"},{"@type":"ListItem","position":3,"name":"STLW 2&#8243; Leather Wrist\/Ankle Restraints ( 7-10&#8243;)"}]},{"@type":"WebSite","@id":"https:\/\/silvertriangleleatherworks.ca\/#website","url":"https:\/\/silvertriangleleatherworks.ca\/","name":"Maroquinerie du Triangle d'Argent","description":"Designed for passion, Crafted for enduranse","potentialAction":[{"@type":"SearchAction","target":{"@type":"EntryPoint","urlTemplate":"https:\/\/silvertriangleleatherworks.ca\/?s={search_term_string}"},"query-input":{"@type":"PropertyValueSpecification","valueRequired":true,"valueName":"search_term_string"}}],"inLanguage":"fr-CA"}]}},"jetpack_sharing_enabled":true,"_links":{"self":[{"href":"https:\/\/silvertriangleleatherworks.ca\/fr\/wp-json\/wp\/v2\/product\/4750","targetHints":{"allow":["GET"]}}],"collection":[{"href":"https:\/\/silvertriangleleatherworks.ca\/fr\/wp-json\/wp\/v2\/product"}],"about":[{"href":"https:\/\/silvertriangleleatherworks.ca\/fr\/wp-json\/wp\/v2\/types\/product"}],"replies":[{"embeddable":true,"href":"https:\/\/silvertriangleleatherworks.ca\/fr\/wp-json\/wp\/v2\/comments?post=4750"}],"wp:attachment":[{"href":"https:\/\/silvertriangleleatherworks.ca\/fr\/wp-json\/wp\/v2\/media?parent=4750"}],"wp:term":[{"taxonomy":"product_brand","embeddable":true,"href":"https:\/\/silvertriangleleatherworks.ca\/fr\/wp-json\/wp\/v2\/product_brand?post=4750"},{"taxonomy":"product_cat","embeddable":true,"href":"https:\/\/silvertriangleleatherworks.ca\/fr\/wp-json\/wp\/v2\/product_cat?post=4750"},{"taxonomy":"product_tag","embeddable":true,"href":"https:\/\/silvertriangleleatherworks.ca\/fr\/wp-json\/wp\/v2\/product_tag?post=4750"}],"curies":[{"name":"wp","href":"https:\/\/api.w.org\/{rel}","templated":true}]}}