{"id":4696,"date":"2026-04-04T20:45:28","date_gmt":"2026-04-04T20:45:28","guid":{"rendered":"https:\/\/silvertriangleleatherworks.ca\/product\/imp-studded-faux-leather-wristband\/"},"modified":"2026-04-04T20:45:28","modified_gmt":"2026-04-04T20:45:28","slug":"imp-studded-faux-leather-wristband","status":"publish","type":"product","link":"https:\/\/silvertriangleleatherworks.ca\/fr\/produit\/imp-studded-faux-leather-wristband\/","title":{"rendered":"(IMP) Bracelet en simili-cuir clout\u00e9"},"content":{"rendered":"<p>Bracelet en faux cuir clout\u00e9. Taille unique.\u00c2\u00a0<\/p>\n<p>Ces bracelets sont import\u00e9s et ne sont pas couverts par notre garantie. Si vous voulez un bracelet fait par nous, regardez l'article \u201cSTLW Studded Leather Wristband\u201d, bien qu'il y ait une \u00e9norme diff\u00e9rence de prix, notre version faite \u00e0 la main sera faite pour s'adapter et sera faite avec le m\u00eame cuir que tous nos autres articles faits \u00e0 la main et non pas faux.\u00a0<\/p>","protected":false},"excerpt":{"rendered":"<p>Faux leather studded wristband. One size fits most.\u00c2\u00a0 These wristbands are imported and are not covered by our warranty. If you want one made by us please look at item &#8220;STLW Studded Leather Wristband&#8221;, although a huge price difference our hand made version will be made to fit and be made with the same leather [&hellip;]<\/p>\n","protected":false},"featured_media":0,"comment_status":"open","ping_status":"closed","template":"","meta":{"_et_pb_use_builder":"","_et_pb_old_content":"","_et_gb_content_width":""},"product_brand":[],"product_cat":[459],"product_tag":[56,50,474,57,58],"class_list":{"0":"post-4696","1":"product","2":"type-product","3":"status-publish","5":"product_cat-accessories","6":"product_tag-kink","7":"product_tag-leather-3","8":"product_tag-wristband-2","9":"product_tag-adult-3","10":"product_tag-fetish-2","12":"first","13":"instock","14":"sale","15":"taxable","16":"shipping-taxable","17":"purchasable","18":"product-type-simple"},"yoast_head":"<!-- This site is optimized with the Yoast SEO plugin v27.3 - https:\/\/yoast.com\/product\/yoast-seo-wordpress\/ -->\n<title>(IMP) Studded Faux Leather Wristband - Silver Triangle Leatherworks<\/title>\n<meta name=\"robots\" content=\"index, follow, max-snippet:-1, max-image-preview:large, max-video-preview:-1\" \/>\n<link rel=\"canonical\" href=\"https:\/\/silvertriangleleatherworks.ca\/fr\/produit\/imp-studded-faux-leather-wristband\/\" \/>\n<meta property=\"og:locale\" content=\"fr_CA\" \/>\n<meta property=\"og:type\" content=\"article\" \/>\n<meta property=\"og:title\" content=\"(IMP) Studded Faux Leather Wristband - Silver Triangle Leatherworks\" \/>\n<meta property=\"og:description\" content=\"Faux leather studded wristband. One size fits most.\u00c2\u00a0 These wristbands are imported and are not covered by our warranty. If you want one made by us please look at item &#8220;STLW Studded Leather Wristband&#8221;, although a huge price difference our hand made version will be made to fit and be made with the same leather [&hellip;]\" \/>\n<meta property=\"og:url\" content=\"https:\/\/silvertriangleleatherworks.ca\/fr\/produit\/imp-studded-faux-leather-wristband\/\" \/>\n<meta property=\"og:site_name\" content=\"Silver Triangle Leatherworks\" \/>\n<meta name=\"twitter:card\" content=\"summary_large_image\" \/>\n<script type=\"application\/ld+json\" class=\"yoast-schema-graph\">{\"@context\":\"https:\\\/\\\/schema.org\",\"@graph\":[{\"@type\":\"WebPage\",\"@id\":\"https:\\\/\\\/silvertriangleleatherworks.ca\\\/product\\\/imp-studded-faux-leather-wristband\\\/\",\"url\":\"https:\\\/\\\/silvertriangleleatherworks.ca\\\/product\\\/imp-studded-faux-leather-wristband\\\/\",\"name\":\"(IMP) Studded Faux Leather Wristband - Silver Triangle Leatherworks\",\"isPartOf\":{\"@id\":\"https:\\\/\\\/silvertriangleleatherworks.ca\\\/#website\"},\"datePublished\":\"2026-04-04T20:45:28+00:00\",\"breadcrumb\":{\"@id\":\"https:\\\/\\\/silvertriangleleatherworks.ca\\\/product\\\/imp-studded-faux-leather-wristband\\\/#breadcrumb\"},\"inLanguage\":\"fr-CA\",\"potentialAction\":[{\"@type\":\"ReadAction\",\"target\":[\"https:\\\/\\\/silvertriangleleatherworks.ca\\\/product\\\/imp-studded-faux-leather-wristband\\\/\"]}]},{\"@type\":\"BreadcrumbList\",\"@id\":\"https:\\\/\\\/silvertriangleleatherworks.ca\\\/product\\\/imp-studded-faux-leather-wristband\\\/#breadcrumb\",\"itemListElement\":[{\"@type\":\"ListItem\",\"position\":1,\"name\":\"Home\",\"item\":\"https:\\\/\\\/silvertriangleleatherworks.ca\\\/\"},{\"@type\":\"ListItem\",\"position\":2,\"name\":\"Shop\",\"item\":\"https:\\\/\\\/silvertriangleleatherworks.ca\\\/shop\\\/\"},{\"@type\":\"ListItem\",\"position\":3,\"name\":\"(IMP) Studded Faux Leather Wristband\"}]},{\"@type\":\"WebSite\",\"@id\":\"https:\\\/\\\/silvertriangleleatherworks.ca\\\/#website\",\"url\":\"https:\\\/\\\/silvertriangleleatherworks.ca\\\/\",\"name\":\"Silver Triangle Leatherworks\",\"description\":\"Designed for passion, Crafted for enduranse\",\"potentialAction\":[{\"@type\":\"SearchAction\",\"target\":{\"@type\":\"EntryPoint\",\"urlTemplate\":\"https:\\\/\\\/silvertriangleleatherworks.ca\\\/?s={search_term_string}\"},\"query-input\":{\"@type\":\"PropertyValueSpecification\",\"valueRequired\":true,\"valueName\":\"search_term_string\"}}],\"inLanguage\":\"fr-CA\"}]}<\/script>\n<!-- \/ Yoast SEO plugin. -->","yoast_head_json":{"title":"(IMP) Studded Faux Leather Wristband - Silver Triangle Leatherworks","robots":{"index":"index","follow":"follow","max-snippet":"max-snippet:-1","max-image-preview":"max-image-preview:large","max-video-preview":"max-video-preview:-1"},"canonical":"https:\/\/silvertriangleleatherworks.ca\/fr\/produit\/imp-studded-faux-leather-wristband\/","og_locale":"fr_CA","og_type":"article","og_title":"(IMP) Studded Faux Leather Wristband - Silver Triangle Leatherworks","og_description":"Faux leather studded wristband. One size fits most.\u00c2\u00a0 These wristbands are imported and are not covered by our warranty. If you want one made by us please look at item &#8220;STLW Studded Leather Wristband&#8221;, although a huge price difference our hand made version will be made to fit and be made with the same leather [&hellip;]","og_url":"https:\/\/silvertriangleleatherworks.ca\/fr\/produit\/imp-studded-faux-leather-wristband\/","og_site_name":"Silver Triangle Leatherworks","twitter_card":"summary_large_image","schema":{"@context":"https:\/\/schema.org","@graph":[{"@type":"WebPage","@id":"https:\/\/silvertriangleleatherworks.ca\/product\/imp-studded-faux-leather-wristband\/","url":"https:\/\/silvertriangleleatherworks.ca\/product\/imp-studded-faux-leather-wristband\/","name":"(IMP) Studded Faux Leather Wristband - Silver Triangle Leatherworks","isPartOf":{"@id":"https:\/\/silvertriangleleatherworks.ca\/#website"},"datePublished":"2026-04-04T20:45:28+00:00","breadcrumb":{"@id":"https:\/\/silvertriangleleatherworks.ca\/product\/imp-studded-faux-leather-wristband\/#breadcrumb"},"inLanguage":"fr-CA","potentialAction":[{"@type":"ReadAction","target":["https:\/\/silvertriangleleatherworks.ca\/product\/imp-studded-faux-leather-wristband\/"]}]},{"@type":"BreadcrumbList","@id":"https:\/\/silvertriangleleatherworks.ca\/product\/imp-studded-faux-leather-wristband\/#breadcrumb","itemListElement":[{"@type":"ListItem","position":1,"name":"Home","item":"https:\/\/silvertriangleleatherworks.ca\/"},{"@type":"ListItem","position":2,"name":"Shop","item":"https:\/\/silvertriangleleatherworks.ca\/shop\/"},{"@type":"ListItem","position":3,"name":"(IMP) Studded Faux Leather Wristband"}]},{"@type":"WebSite","@id":"https:\/\/silvertriangleleatherworks.ca\/#website","url":"https:\/\/silvertriangleleatherworks.ca\/","name":"Maroquinerie du Triangle d'Argent","description":"Designed for passion, Crafted for enduranse","potentialAction":[{"@type":"SearchAction","target":{"@type":"EntryPoint","urlTemplate":"https:\/\/silvertriangleleatherworks.ca\/?s={search_term_string}"},"query-input":{"@type":"PropertyValueSpecification","valueRequired":true,"valueName":"search_term_string"}}],"inLanguage":"fr-CA"}]}},"jetpack_sharing_enabled":true,"_links":{"self":[{"href":"https:\/\/silvertriangleleatherworks.ca\/fr\/wp-json\/wp\/v2\/product\/4696","targetHints":{"allow":["GET"]}}],"collection":[{"href":"https:\/\/silvertriangleleatherworks.ca\/fr\/wp-json\/wp\/v2\/product"}],"about":[{"href":"https:\/\/silvertriangleleatherworks.ca\/fr\/wp-json\/wp\/v2\/types\/product"}],"replies":[{"embeddable":true,"href":"https:\/\/silvertriangleleatherworks.ca\/fr\/wp-json\/wp\/v2\/comments?post=4696"}],"wp:attachment":[{"href":"https:\/\/silvertriangleleatherworks.ca\/fr\/wp-json\/wp\/v2\/media?parent=4696"}],"wp:term":[{"taxonomy":"product_brand","embeddable":true,"href":"https:\/\/silvertriangleleatherworks.ca\/fr\/wp-json\/wp\/v2\/product_brand?post=4696"},{"taxonomy":"product_cat","embeddable":true,"href":"https:\/\/silvertriangleleatherworks.ca\/fr\/wp-json\/wp\/v2\/product_cat?post=4696"},{"taxonomy":"product_tag","embeddable":true,"href":"https:\/\/silvertriangleleatherworks.ca\/fr\/wp-json\/wp\/v2\/product_tag?post=4696"}],"curies":[{"name":"wp","href":"https:\/\/api.w.org\/{rel}","templated":true}]}}