{"id":4670,"date":"2026-04-04T20:45:21","date_gmt":"2026-04-04T20:45:21","guid":{"rendered":"https:\/\/silvertriangleleatherworks.ca\/product\/stlw-unisex-bondage-shorts\/"},"modified":"2026-04-04T20:45:21","modified_gmt":"2026-04-04T20:45:21","slug":"stlw-unisex-bondage-shorts","status":"publish","type":"product","link":"https:\/\/silvertriangleleatherworks.ca\/fr\/produit\/stlw-unisex-bondage-shorts\/","title":{"rendered":"STLW Short unisexe de bondage"},"content":{"rendered":"<p>Short de bondage unisexe. Fabriqu\u00e9 \u00e0 partir du m\u00eame cuir de harnais que nous utilisons pour les entraves, ajoutez une barre d'\u00e9cartement entre les poignets, et ils ne pourront pas atteindre les boucles.<\/p>\n<p>\u201cCon\u00e7u pour la passion, con\u00e7u pour l'endurance\u201d.<\/p>\n<p class=\"tm8\"><span class=\"tm9\">Voir <\/span><u><a href=\"https:\/\/silvertriangleleatherworks.ca\/fr\/pages\/our-promise-to-you-our-customers\/\"><span class=\"tm10\">Notre promesse \u00e0 vous, nos clients.<\/span><\/a><\/u><\/p>","protected":false},"excerpt":{"rendered":"<p>Unisex Bondage Shorts. Made from the same harness leather we use for restraints, add a spreader bar between the cuffs, and they can&#8217;t reach the buckles. &#8220;Crafted for Passion, Designed for Endurance&#8221;. Please see \u00e2\u20ac\u0153Our Promise To You, Our Customers\u00e2\u20ac\u009d.<\/p>","protected":false},"featured_media":0,"comment_status":"open","ping_status":"closed","template":"","meta":{"_et_pb_use_builder":"","_et_pb_old_content":"","_et_gb_content_width":""},"product_brand":[],"product_cat":[19],"product_tag":[56,50,120,57,58],"class_list":{"0":"post-4670","1":"product","2":"type-product","3":"status-publish","5":"product_cat-uncategorized","6":"product_tag-kink","7":"product_tag-leather-3","8":"product_tag-restraint","9":"product_tag-adult-3","10":"product_tag-fetish-2","12":"first","13":"instock","14":"taxable","15":"shipping-taxable","16":"product-type-simple"},"yoast_head":"<!-- This site is optimized with the Yoast SEO plugin v27.4 - https:\/\/yoast.com\/product\/yoast-seo-wordpress\/ -->\n<title>STLW Unisex Bondage Shorts - Silver Triangle Leatherworks<\/title>\n<meta name=\"robots\" content=\"index, follow, max-snippet:-1, max-image-preview:large, max-video-preview:-1\" \/>\n<link rel=\"canonical\" href=\"https:\/\/silvertriangleleatherworks.ca\/fr\/produit\/stlw-unisex-bondage-shorts\/\" \/>\n<meta property=\"og:locale\" content=\"fr_CA\" \/>\n<meta property=\"og:type\" content=\"article\" \/>\n<meta property=\"og:title\" content=\"STLW Unisex Bondage Shorts - Silver Triangle Leatherworks\" \/>\n<meta property=\"og:description\" content=\"Unisex Bondage Shorts. Made from the same harness leather we use for restraints, add a spreader bar between the cuffs, and they can&#8217;t reach the buckles. &#8220;Crafted for Passion, Designed for Endurance&#8221;. Please see \u00e2\u20ac\u0153Our Promise To You, Our Customers\u00e2\u20ac\u009d.\" \/>\n<meta property=\"og:url\" content=\"https:\/\/silvertriangleleatherworks.ca\/fr\/produit\/stlw-unisex-bondage-shorts\/\" \/>\n<meta property=\"og:site_name\" content=\"Silver Triangle Leatherworks\" \/>\n<meta name=\"twitter:card\" content=\"summary_large_image\" \/>\n<script type=\"application\/ld+json\" class=\"yoast-schema-graph\">{\"@context\":\"https:\\\/\\\/schema.org\",\"@graph\":[{\"@type\":\"WebPage\",\"@id\":\"https:\\\/\\\/silvertriangleleatherworks.ca\\\/product\\\/stlw-unisex-bondage-shorts\\\/\",\"url\":\"https:\\\/\\\/silvertriangleleatherworks.ca\\\/product\\\/stlw-unisex-bondage-shorts\\\/\",\"name\":\"STLW Unisex Bondage Shorts - Silver Triangle Leatherworks\",\"isPartOf\":{\"@id\":\"https:\\\/\\\/silvertriangleleatherworks.ca\\\/#website\"},\"datePublished\":\"2026-04-04T20:45:21+00:00\",\"breadcrumb\":{\"@id\":\"https:\\\/\\\/silvertriangleleatherworks.ca\\\/product\\\/stlw-unisex-bondage-shorts\\\/#breadcrumb\"},\"inLanguage\":\"fr-CA\",\"potentialAction\":[{\"@type\":\"ReadAction\",\"target\":[\"https:\\\/\\\/silvertriangleleatherworks.ca\\\/product\\\/stlw-unisex-bondage-shorts\\\/\"]}]},{\"@type\":\"BreadcrumbList\",\"@id\":\"https:\\\/\\\/silvertriangleleatherworks.ca\\\/product\\\/stlw-unisex-bondage-shorts\\\/#breadcrumb\",\"itemListElement\":[{\"@type\":\"ListItem\",\"position\":1,\"name\":\"Home\",\"item\":\"https:\\\/\\\/silvertriangleleatherworks.ca\\\/\"},{\"@type\":\"ListItem\",\"position\":2,\"name\":\"Shop\",\"item\":\"https:\\\/\\\/silvertriangleleatherworks.ca\\\/shopxmade-in-canada-adult-leathergoods\\\/\"},{\"@type\":\"ListItem\",\"position\":3,\"name\":\"STLW Unisex Bondage Shorts\"}]},{\"@type\":\"WebSite\",\"@id\":\"https:\\\/\\\/silvertriangleleatherworks.ca\\\/#website\",\"url\":\"https:\\\/\\\/silvertriangleleatherworks.ca\\\/\",\"name\":\"Silver Triangle Leatherworks\",\"description\":\"Designed for passion, Crafted for enduranse\",\"potentialAction\":[{\"@type\":\"SearchAction\",\"target\":{\"@type\":\"EntryPoint\",\"urlTemplate\":\"https:\\\/\\\/silvertriangleleatherworks.ca\\\/?s={search_term_string}\"},\"query-input\":{\"@type\":\"PropertyValueSpecification\",\"valueRequired\":true,\"valueName\":\"search_term_string\"}}],\"inLanguage\":\"fr-CA\"}]}<\/script>\n<!-- \/ Yoast SEO plugin. -->","yoast_head_json":{"title":"STLW Unisex Bondage Shorts - Silver Triangle Leatherworks","robots":{"index":"index","follow":"follow","max-snippet":"max-snippet:-1","max-image-preview":"max-image-preview:large","max-video-preview":"max-video-preview:-1"},"canonical":"https:\/\/silvertriangleleatherworks.ca\/fr\/produit\/stlw-unisex-bondage-shorts\/","og_locale":"fr_CA","og_type":"article","og_title":"STLW Unisex Bondage Shorts - Silver Triangle Leatherworks","og_description":"Unisex Bondage Shorts. Made from the same harness leather we use for restraints, add a spreader bar between the cuffs, and they can&#8217;t reach the buckles. &#8220;Crafted for Passion, Designed for Endurance&#8221;. Please see \u00e2\u20ac\u0153Our Promise To You, Our Customers\u00e2\u20ac\u009d.","og_url":"https:\/\/silvertriangleleatherworks.ca\/fr\/produit\/stlw-unisex-bondage-shorts\/","og_site_name":"Silver Triangle Leatherworks","twitter_card":"summary_large_image","schema":{"@context":"https:\/\/schema.org","@graph":[{"@type":"WebPage","@id":"https:\/\/silvertriangleleatherworks.ca\/product\/stlw-unisex-bondage-shorts\/","url":"https:\/\/silvertriangleleatherworks.ca\/product\/stlw-unisex-bondage-shorts\/","name":"STLW Unisex Bondage Shorts - Silver Triangle Leatherworks","isPartOf":{"@id":"https:\/\/silvertriangleleatherworks.ca\/#website"},"datePublished":"2026-04-04T20:45:21+00:00","breadcrumb":{"@id":"https:\/\/silvertriangleleatherworks.ca\/product\/stlw-unisex-bondage-shorts\/#breadcrumb"},"inLanguage":"fr-CA","potentialAction":[{"@type":"ReadAction","target":["https:\/\/silvertriangleleatherworks.ca\/product\/stlw-unisex-bondage-shorts\/"]}]},{"@type":"BreadcrumbList","@id":"https:\/\/silvertriangleleatherworks.ca\/product\/stlw-unisex-bondage-shorts\/#breadcrumb","itemListElement":[{"@type":"ListItem","position":1,"name":"Home","item":"https:\/\/silvertriangleleatherworks.ca\/"},{"@type":"ListItem","position":2,"name":"Shop","item":"https:\/\/silvertriangleleatherworks.ca\/shopxmade-in-canada-adult-leathergoods\/"},{"@type":"ListItem","position":3,"name":"STLW Unisex Bondage Shorts"}]},{"@type":"WebSite","@id":"https:\/\/silvertriangleleatherworks.ca\/#website","url":"https:\/\/silvertriangleleatherworks.ca\/","name":"Maroquinerie du Triangle d'Argent","description":"Designed for passion, Crafted for enduranse","potentialAction":[{"@type":"SearchAction","target":{"@type":"EntryPoint","urlTemplate":"https:\/\/silvertriangleleatherworks.ca\/?s={search_term_string}"},"query-input":{"@type":"PropertyValueSpecification","valueRequired":true,"valueName":"search_term_string"}}],"inLanguage":"fr-CA"}]}},"jetpack_sharing_enabled":true,"_links":{"self":[{"href":"https:\/\/silvertriangleleatherworks.ca\/fr\/wp-json\/wp\/v2\/product\/4670","targetHints":{"allow":["GET"]}}],"collection":[{"href":"https:\/\/silvertriangleleatherworks.ca\/fr\/wp-json\/wp\/v2\/product"}],"about":[{"href":"https:\/\/silvertriangleleatherworks.ca\/fr\/wp-json\/wp\/v2\/types\/product"}],"replies":[{"embeddable":true,"href":"https:\/\/silvertriangleleatherworks.ca\/fr\/wp-json\/wp\/v2\/comments?post=4670"}],"wp:attachment":[{"href":"https:\/\/silvertriangleleatherworks.ca\/fr\/wp-json\/wp\/v2\/media?parent=4670"}],"wp:term":[{"taxonomy":"product_brand","embeddable":true,"href":"https:\/\/silvertriangleleatherworks.ca\/fr\/wp-json\/wp\/v2\/product_brand?post=4670"},{"taxonomy":"product_cat","embeddable":true,"href":"https:\/\/silvertriangleleatherworks.ca\/fr\/wp-json\/wp\/v2\/product_cat?post=4670"},{"taxonomy":"product_tag","embeddable":true,"href":"https:\/\/silvertriangleleatherworks.ca\/fr\/wp-json\/wp\/v2\/product_tag?post=4670"}],"curies":[{"name":"wp","href":"https:\/\/api.w.org\/{rel}","templated":true}]}}