{"id":4563,"date":"2026-04-04T20:44:53","date_gmt":"2026-04-04T20:44:53","guid":{"rendered":"https:\/\/silvertriangleleatherworks.ca\/product\/7mm-x-8mm-dbl-cap-rivet-set\/"},"modified":"2026-04-04T20:44:53","modified_gmt":"2026-04-04T20:44:53","slug":"7mm-x-8mm-dbl-cap-rivet-set","status":"publish","type":"product","link":"https:\/\/silvertriangleleatherworks.ca\/fr\/produit\/7mm-x-8mm-dbl-cap-rivet-set\/","title":{"rendered":"Set de rivets \u00e0 capuchon DBL 7mm x 8mm"},"content":{"rendered":"<p>7 mm en largeur et 8 mm en hauteur. Les rivets \u00e0 double capuchon signifient simplement que les deux c\u00f4t\u00e9s sont identiques.<\/p>","protected":false},"excerpt":{"rendered":"<p>7 mm en largeur et 8 mm en hauteur. Les rivets \u00e0 double capuchon signifient simplement que les deux c\u00f4t\u00e9s sont identiques.<\/p>","protected":false},"featured_media":0,"comment_status":"open","ping_status":"closed","template":"","meta":{"_et_pb_use_builder":"","_et_pb_old_content":"","_et_gb_content_width":""},"product_brand":[],"product_cat":[459],"product_tag":[240,37,281,176,398,104,177,282],"class_list":{"0":"post-4563","1":"product","2":"type-product","3":"status-publish","5":"product_cat-accessories","6":"product_tag-240","7":"product_tag-adult-2","8":"product_tag-arts","9":"product_tag-clothing","10":"product_tag-wristband","11":"product_tag-accessories","12":"product_tag-accessories-2","13":"product_tag-crafts","15":"first","16":"instock","17":"taxable","18":"shipping-taxable","19":"product-type-simple"},"yoast_head":"<!-- This site is optimized with the Yoast SEO plugin v27.3 - https:\/\/yoast.com\/product\/yoast-seo-wordpress\/ -->\n<title>7mm x 8mm DBL Cap Rivet Set - Silver Triangle Leatherworks<\/title>\n<meta name=\"robots\" content=\"index, follow, max-snippet:-1, max-image-preview:large, max-video-preview:-1\" \/>\n<link rel=\"canonical\" href=\"https:\/\/silvertriangleleatherworks.ca\/fr\/produit\/7mm-x-8mm-dbl-cap-rivet-set\/\" \/>\n<meta property=\"og:locale\" content=\"fr_CA\" \/>\n<meta property=\"og:type\" content=\"article\" \/>\n<meta property=\"og:title\" content=\"7mm x 8mm DBL Cap Rivet Set - Silver Triangle Leatherworks\" \/>\n<meta property=\"og:description\" content=\"7mm across and 8mm Stem. Double Cap Rivet&#8217;s just mean both sides look identical.\" \/>\n<meta property=\"og:url\" content=\"https:\/\/silvertriangleleatherworks.ca\/fr\/produit\/7mm-x-8mm-dbl-cap-rivet-set\/\" \/>\n<meta property=\"og:site_name\" content=\"Silver Triangle Leatherworks\" \/>\n<meta name=\"twitter:card\" content=\"summary_large_image\" \/>\n<script type=\"application\/ld+json\" class=\"yoast-schema-graph\">{\"@context\":\"https:\\\/\\\/schema.org\",\"@graph\":[{\"@type\":\"WebPage\",\"@id\":\"https:\\\/\\\/silvertriangleleatherworks.ca\\\/product\\\/7mm-x-8mm-dbl-cap-rivet-set\\\/\",\"url\":\"https:\\\/\\\/silvertriangleleatherworks.ca\\\/product\\\/7mm-x-8mm-dbl-cap-rivet-set\\\/\",\"name\":\"7mm x 8mm DBL Cap Rivet Set - Silver Triangle Leatherworks\",\"isPartOf\":{\"@id\":\"https:\\\/\\\/silvertriangleleatherworks.ca\\\/#website\"},\"datePublished\":\"2026-04-04T20:44:53+00:00\",\"breadcrumb\":{\"@id\":\"https:\\\/\\\/silvertriangleleatherworks.ca\\\/product\\\/7mm-x-8mm-dbl-cap-rivet-set\\\/#breadcrumb\"},\"inLanguage\":\"fr-CA\",\"potentialAction\":[{\"@type\":\"ReadAction\",\"target\":[\"https:\\\/\\\/silvertriangleleatherworks.ca\\\/product\\\/7mm-x-8mm-dbl-cap-rivet-set\\\/\"]}]},{\"@type\":\"BreadcrumbList\",\"@id\":\"https:\\\/\\\/silvertriangleleatherworks.ca\\\/product\\\/7mm-x-8mm-dbl-cap-rivet-set\\\/#breadcrumb\",\"itemListElement\":[{\"@type\":\"ListItem\",\"position\":1,\"name\":\"Home\",\"item\":\"https:\\\/\\\/silvertriangleleatherworks.ca\\\/\"},{\"@type\":\"ListItem\",\"position\":2,\"name\":\"Shop\",\"item\":\"https:\\\/\\\/silvertriangleleatherworks.ca\\\/shopxmade-in-canada-adult-leathergoods\\\/\"},{\"@type\":\"ListItem\",\"position\":3,\"name\":\"7mm x 8mm DBL Cap Rivet Set\"}]},{\"@type\":\"WebSite\",\"@id\":\"https:\\\/\\\/silvertriangleleatherworks.ca\\\/#website\",\"url\":\"https:\\\/\\\/silvertriangleleatherworks.ca\\\/\",\"name\":\"Silver Triangle Leatherworks\",\"description\":\"Designed for passion, Crafted for enduranse\",\"potentialAction\":[{\"@type\":\"SearchAction\",\"target\":{\"@type\":\"EntryPoint\",\"urlTemplate\":\"https:\\\/\\\/silvertriangleleatherworks.ca\\\/?s={search_term_string}\"},\"query-input\":{\"@type\":\"PropertyValueSpecification\",\"valueRequired\":true,\"valueName\":\"search_term_string\"}}],\"inLanguage\":\"fr-CA\"}]}<\/script>\n<!-- \/ Yoast SEO plugin. -->","yoast_head_json":{"title":"7mm x 8mm DBL Cap Rivet Set - Silver Triangle Leatherworks","robots":{"index":"index","follow":"follow","max-snippet":"max-snippet:-1","max-image-preview":"max-image-preview:large","max-video-preview":"max-video-preview:-1"},"canonical":"https:\/\/silvertriangleleatherworks.ca\/fr\/produit\/7mm-x-8mm-dbl-cap-rivet-set\/","og_locale":"fr_CA","og_type":"article","og_title":"7mm x 8mm DBL Cap Rivet Set - Silver Triangle Leatherworks","og_description":"7mm across and 8mm Stem. Double Cap Rivet&#8217;s just mean both sides look identical.","og_url":"https:\/\/silvertriangleleatherworks.ca\/fr\/produit\/7mm-x-8mm-dbl-cap-rivet-set\/","og_site_name":"Silver Triangle Leatherworks","twitter_card":"summary_large_image","schema":{"@context":"https:\/\/schema.org","@graph":[{"@type":"WebPage","@id":"https:\/\/silvertriangleleatherworks.ca\/product\/7mm-x-8mm-dbl-cap-rivet-set\/","url":"https:\/\/silvertriangleleatherworks.ca\/product\/7mm-x-8mm-dbl-cap-rivet-set\/","name":"7mm x 8mm DBL Cap Rivet Set - Silver Triangle Leatherworks","isPartOf":{"@id":"https:\/\/silvertriangleleatherworks.ca\/#website"},"datePublished":"2026-04-04T20:44:53+00:00","breadcrumb":{"@id":"https:\/\/silvertriangleleatherworks.ca\/product\/7mm-x-8mm-dbl-cap-rivet-set\/#breadcrumb"},"inLanguage":"fr-CA","potentialAction":[{"@type":"ReadAction","target":["https:\/\/silvertriangleleatherworks.ca\/product\/7mm-x-8mm-dbl-cap-rivet-set\/"]}]},{"@type":"BreadcrumbList","@id":"https:\/\/silvertriangleleatherworks.ca\/product\/7mm-x-8mm-dbl-cap-rivet-set\/#breadcrumb","itemListElement":[{"@type":"ListItem","position":1,"name":"Home","item":"https:\/\/silvertriangleleatherworks.ca\/"},{"@type":"ListItem","position":2,"name":"Shop","item":"https:\/\/silvertriangleleatherworks.ca\/shopxmade-in-canada-adult-leathergoods\/"},{"@type":"ListItem","position":3,"name":"7mm x 8mm DBL Cap Rivet Set"}]},{"@type":"WebSite","@id":"https:\/\/silvertriangleleatherworks.ca\/#website","url":"https:\/\/silvertriangleleatherworks.ca\/","name":"Maroquinerie du Triangle d'Argent","description":"Designed for passion, Crafted for enduranse","potentialAction":[{"@type":"SearchAction","target":{"@type":"EntryPoint","urlTemplate":"https:\/\/silvertriangleleatherworks.ca\/?s={search_term_string}"},"query-input":{"@type":"PropertyValueSpecification","valueRequired":true,"valueName":"search_term_string"}}],"inLanguage":"fr-CA"}]}},"jetpack_sharing_enabled":true,"_links":{"self":[{"href":"https:\/\/silvertriangleleatherworks.ca\/fr\/wp-json\/wp\/v2\/product\/4563","targetHints":{"allow":["GET"]}}],"collection":[{"href":"https:\/\/silvertriangleleatherworks.ca\/fr\/wp-json\/wp\/v2\/product"}],"about":[{"href":"https:\/\/silvertriangleleatherworks.ca\/fr\/wp-json\/wp\/v2\/types\/product"}],"replies":[{"embeddable":true,"href":"https:\/\/silvertriangleleatherworks.ca\/fr\/wp-json\/wp\/v2\/comments?post=4563"}],"wp:attachment":[{"href":"https:\/\/silvertriangleleatherworks.ca\/fr\/wp-json\/wp\/v2\/media?parent=4563"}],"wp:term":[{"taxonomy":"product_brand","embeddable":true,"href":"https:\/\/silvertriangleleatherworks.ca\/fr\/wp-json\/wp\/v2\/product_brand?post=4563"},{"taxonomy":"product_cat","embeddable":true,"href":"https:\/\/silvertriangleleatherworks.ca\/fr\/wp-json\/wp\/v2\/product_cat?post=4563"},{"taxonomy":"product_tag","embeddable":true,"href":"https:\/\/silvertriangleleatherworks.ca\/fr\/wp-json\/wp\/v2\/product_tag?post=4563"}],"curies":[{"name":"wp","href":"https:\/\/api.w.org\/{rel}","templated":true}]}}