{"id":4468,"date":"2026-04-04T20:44:24","date_gmt":"2026-04-04T20:44:24","guid":{"rendered":"https:\/\/silvertriangleleatherworks.ca\/product\/9mm-base-concave-chrome-pyramid-stud-pick-your-height\/"},"modified":"2026-04-04T20:44:24","modified_gmt":"2026-04-04T20:44:24","slug":"9mm-base-concave-chrome-pyramid-stud-pick-your-height","status":"publish","type":"product","link":"https:\/\/silvertriangleleatherworks.ca\/fr\/produit\/9mm-base-concave-chrome-pyramid-stud-pick-your-height\/","title":{"rendered":"9mm Base Concave Chrome Pyramid Stud (Pick your Height)"},"content":{"rendered":"<p>9mm Base Concave Chrome Pyramid Stud (Pick your Height). Sold individually. Threaded base, please assemble with Loctite.<\/p>\n<p>Ces goujons sont difficiles \u00e0 obtenir et peuvent entra\u00eener un d\u00e9lai de livraison de 8 \u00e0 10 semaines. Veuillez contacter leathershop@silvertriangleleatherworks.ca, ou soyez patient car ils vous contacteront de toute fa\u00e7on s'il y a un probl\u00e8me.<\/p>","protected":false},"excerpt":{"rendered":"<p>9mm Base Concave Chrome Pyramid Stud (Pick your Height). Sold individually. Threaded base, please assemble with Loctite. These studs are hard to get and can make your delivery time change to 8-10 weeks. Please contact leathershop@silvertriangleleatherworks.ca, or be patient as the will be contacting you if there is an issue anyway.<\/p>","protected":false},"featured_media":0,"comment_status":"open","ping_status":"closed","template":"","meta":{"_et_pb_use_builder":"","_et_pb_old_content":"","_et_gb_content_width":""},"product_brand":[],"product_cat":[464],"product_tag":[56,398,177,413],"class_list":{"0":"post-4468","1":"product","2":"type-product","3":"status-publish","5":"product_cat-studs-rivets","6":"product_tag-kink","7":"product_tag-wristband","8":"product_tag-accessories-2","9":"product_tag-punk-2","11":"first","12":"instock","13":"taxable","14":"shipping-taxable","15":"product-type-simple"},"yoast_head":"<!-- This site is optimized with the Yoast SEO plugin v27.3 - https:\/\/yoast.com\/product\/yoast-seo-wordpress\/ -->\n<title>9mm Base Concave Chrome Pyramid Stud (Pick your Height) - Silver Triangle Leatherworks<\/title>\n<meta name=\"robots\" content=\"index, follow, max-snippet:-1, max-image-preview:large, max-video-preview:-1\" \/>\n<link rel=\"canonical\" href=\"https:\/\/silvertriangleleatherworks.ca\/fr\/produit\/9mm-base-concave-chrome-pyramid-stud-pick-your-height\/\" \/>\n<meta property=\"og:locale\" content=\"fr_CA\" \/>\n<meta property=\"og:type\" content=\"article\" \/>\n<meta property=\"og:title\" content=\"9mm Base Concave Chrome Pyramid Stud (Pick your Height) - Silver Triangle Leatherworks\" \/>\n<meta property=\"og:description\" content=\"9mm Base Concave Chrome Pyramid Stud (Pick your Height). Sold individually. Threaded base, please assemble with Loctite. These studs are hard to get and can make your delivery time change to 8-10 weeks. Please contact leathershop@silvertriangleleatherworks.ca, or be patient as the will be contacting you if there is an issue anyway.\" \/>\n<meta property=\"og:url\" content=\"https:\/\/silvertriangleleatherworks.ca\/fr\/produit\/9mm-base-concave-chrome-pyramid-stud-pick-your-height\/\" \/>\n<meta property=\"og:site_name\" content=\"Silver Triangle Leatherworks\" \/>\n<meta name=\"twitter:card\" content=\"summary_large_image\" \/>\n<script type=\"application\/ld+json\" class=\"yoast-schema-graph\">{\"@context\":\"https:\\\/\\\/schema.org\",\"@graph\":[{\"@type\":\"WebPage\",\"@id\":\"https:\\\/\\\/silvertriangleleatherworks.ca\\\/product\\\/9mm-base-concave-chrome-pyramid-stud-pick-your-height\\\/\",\"url\":\"https:\\\/\\\/silvertriangleleatherworks.ca\\\/product\\\/9mm-base-concave-chrome-pyramid-stud-pick-your-height\\\/\",\"name\":\"9mm Base Concave Chrome Pyramid Stud (Pick your Height) - Silver Triangle Leatherworks\",\"isPartOf\":{\"@id\":\"https:\\\/\\\/silvertriangleleatherworks.ca\\\/#website\"},\"datePublished\":\"2026-04-04T20:44:24+00:00\",\"breadcrumb\":{\"@id\":\"https:\\\/\\\/silvertriangleleatherworks.ca\\\/product\\\/9mm-base-concave-chrome-pyramid-stud-pick-your-height\\\/#breadcrumb\"},\"inLanguage\":\"fr-CA\",\"potentialAction\":[{\"@type\":\"ReadAction\",\"target\":[\"https:\\\/\\\/silvertriangleleatherworks.ca\\\/product\\\/9mm-base-concave-chrome-pyramid-stud-pick-your-height\\\/\"]}]},{\"@type\":\"BreadcrumbList\",\"@id\":\"https:\\\/\\\/silvertriangleleatherworks.ca\\\/product\\\/9mm-base-concave-chrome-pyramid-stud-pick-your-height\\\/#breadcrumb\",\"itemListElement\":[{\"@type\":\"ListItem\",\"position\":1,\"name\":\"Home\",\"item\":\"https:\\\/\\\/silvertriangleleatherworks.ca\\\/\"},{\"@type\":\"ListItem\",\"position\":2,\"name\":\"Shop\",\"item\":\"https:\\\/\\\/silvertriangleleatherworks.ca\\\/shopxmade-in-canada-adult-leathergoods\\\/\"},{\"@type\":\"ListItem\",\"position\":3,\"name\":\"9mm Base Concave Chrome Pyramid Stud (Pick your Height)\"}]},{\"@type\":\"WebSite\",\"@id\":\"https:\\\/\\\/silvertriangleleatherworks.ca\\\/#website\",\"url\":\"https:\\\/\\\/silvertriangleleatherworks.ca\\\/\",\"name\":\"Silver Triangle Leatherworks\",\"description\":\"Designed for passion, Crafted for enduranse\",\"potentialAction\":[{\"@type\":\"SearchAction\",\"target\":{\"@type\":\"EntryPoint\",\"urlTemplate\":\"https:\\\/\\\/silvertriangleleatherworks.ca\\\/?s={search_term_string}\"},\"query-input\":{\"@type\":\"PropertyValueSpecification\",\"valueRequired\":true,\"valueName\":\"search_term_string\"}}],\"inLanguage\":\"fr-CA\"}]}<\/script>\n<!-- \/ Yoast SEO plugin. -->","yoast_head_json":{"title":"9mm Base Concave Chrome Pyramid Stud (Pick your Height) - Silver Triangle Leatherworks","robots":{"index":"index","follow":"follow","max-snippet":"max-snippet:-1","max-image-preview":"max-image-preview:large","max-video-preview":"max-video-preview:-1"},"canonical":"https:\/\/silvertriangleleatherworks.ca\/fr\/produit\/9mm-base-concave-chrome-pyramid-stud-pick-your-height\/","og_locale":"fr_CA","og_type":"article","og_title":"9mm Base Concave Chrome Pyramid Stud (Pick your Height) - Silver Triangle Leatherworks","og_description":"9mm Base Concave Chrome Pyramid Stud (Pick your Height). Sold individually. Threaded base, please assemble with Loctite. These studs are hard to get and can make your delivery time change to 8-10 weeks. Please contact leathershop@silvertriangleleatherworks.ca, or be patient as the will be contacting you if there is an issue anyway.","og_url":"https:\/\/silvertriangleleatherworks.ca\/fr\/produit\/9mm-base-concave-chrome-pyramid-stud-pick-your-height\/","og_site_name":"Silver Triangle Leatherworks","twitter_card":"summary_large_image","schema":{"@context":"https:\/\/schema.org","@graph":[{"@type":"WebPage","@id":"https:\/\/silvertriangleleatherworks.ca\/product\/9mm-base-concave-chrome-pyramid-stud-pick-your-height\/","url":"https:\/\/silvertriangleleatherworks.ca\/product\/9mm-base-concave-chrome-pyramid-stud-pick-your-height\/","name":"9mm Base Concave Chrome Pyramid Stud (Pick your Height) - Silver Triangle Leatherworks","isPartOf":{"@id":"https:\/\/silvertriangleleatherworks.ca\/#website"},"datePublished":"2026-04-04T20:44:24+00:00","breadcrumb":{"@id":"https:\/\/silvertriangleleatherworks.ca\/product\/9mm-base-concave-chrome-pyramid-stud-pick-your-height\/#breadcrumb"},"inLanguage":"fr-CA","potentialAction":[{"@type":"ReadAction","target":["https:\/\/silvertriangleleatherworks.ca\/product\/9mm-base-concave-chrome-pyramid-stud-pick-your-height\/"]}]},{"@type":"BreadcrumbList","@id":"https:\/\/silvertriangleleatherworks.ca\/product\/9mm-base-concave-chrome-pyramid-stud-pick-your-height\/#breadcrumb","itemListElement":[{"@type":"ListItem","position":1,"name":"Home","item":"https:\/\/silvertriangleleatherworks.ca\/"},{"@type":"ListItem","position":2,"name":"Shop","item":"https:\/\/silvertriangleleatherworks.ca\/shopxmade-in-canada-adult-leathergoods\/"},{"@type":"ListItem","position":3,"name":"9mm Base Concave Chrome Pyramid Stud (Pick your Height)"}]},{"@type":"WebSite","@id":"https:\/\/silvertriangleleatherworks.ca\/#website","url":"https:\/\/silvertriangleleatherworks.ca\/","name":"Maroquinerie du Triangle d'Argent","description":"Designed for passion, Crafted for enduranse","potentialAction":[{"@type":"SearchAction","target":{"@type":"EntryPoint","urlTemplate":"https:\/\/silvertriangleleatherworks.ca\/?s={search_term_string}"},"query-input":{"@type":"PropertyValueSpecification","valueRequired":true,"valueName":"search_term_string"}}],"inLanguage":"fr-CA"}]}},"jetpack_sharing_enabled":true,"_links":{"self":[{"href":"https:\/\/silvertriangleleatherworks.ca\/fr\/wp-json\/wp\/v2\/product\/4468","targetHints":{"allow":["GET"]}}],"collection":[{"href":"https:\/\/silvertriangleleatherworks.ca\/fr\/wp-json\/wp\/v2\/product"}],"about":[{"href":"https:\/\/silvertriangleleatherworks.ca\/fr\/wp-json\/wp\/v2\/types\/product"}],"replies":[{"embeddable":true,"href":"https:\/\/silvertriangleleatherworks.ca\/fr\/wp-json\/wp\/v2\/comments?post=4468"}],"wp:attachment":[{"href":"https:\/\/silvertriangleleatherworks.ca\/fr\/wp-json\/wp\/v2\/media?parent=4468"}],"wp:term":[{"taxonomy":"product_brand","embeddable":true,"href":"https:\/\/silvertriangleleatherworks.ca\/fr\/wp-json\/wp\/v2\/product_brand?post=4468"},{"taxonomy":"product_cat","embeddable":true,"href":"https:\/\/silvertriangleleatherworks.ca\/fr\/wp-json\/wp\/v2\/product_cat?post=4468"},{"taxonomy":"product_tag","embeddable":true,"href":"https:\/\/silvertriangleleatherworks.ca\/fr\/wp-json\/wp\/v2\/product_tag?post=4468"}],"curies":[{"name":"wp","href":"https:\/\/api.w.org\/{rel}","templated":true}]}}