{"id":4436,"date":"2026-04-04T20:44:16","date_gmt":"2026-04-04T20:44:16","guid":{"rendered":"https:\/\/silvertriangleleatherworks.ca\/product\/stlw-leather-pouch-jockstrap-s-m-28-33\/"},"modified":"2026-04-04T20:44:16","modified_gmt":"2026-04-04T20:44:16","slug":"stlw-leather-pouch-jockstrap-s-m-28-33","status":"publish","type":"product","link":"https:\/\/silvertriangleleatherworks.ca\/fr\/produit\/stlw-leather-pouch-jockstrap-s-m-28-33\/","title":{"rendered":"STLW Jockstrap en cuir (S-M 28-33\u2033)"},"content":{"rendered":"<p>STLW Jockstrap en cuir avec pochette amovible et dispositif d'agrandissement personnel \u00e0 l'int\u00e9rieur. (S-M 28\u2033-33\u2033).<\/p>\n<p class=\"MsoNormal\">Ce produit est fabriqu\u00e9 \u00e0 partir de cuir d'\u00e9paule de premi\u00e8re qualit\u00e9, class\u00e9 dans la cat\u00e9gorie des 8oz, ce qui le situe dans une fourchette d'\u00e9paisseur de 1,8 \u00e0 3 mm. Notre cuir n'est pas pli\u00e9 pour plus de solidit\u00e9, ni coll\u00e9, ni cousu \u00e0 double \u00e9paisseur pour plus de solidit\u00e9. Il est utilis\u00e9 tel qu'il est cens\u00e9 l'\u00eatre, dans sa forme originale, et n'a pas besoin d'\u00eatre renforc\u00e9 pour \u00eatre plus solide ou plus stable.<\/p>\n<p class=\"MsoNormal\">Nous sommes \u00e9galement les seuls dans l'industrie \u00e0 offrir une garantie de 5 ans sur les pi\u00e8ces.<\/p>\n<p><span style=\"font-size: 12.0pt; line-height: 115%; font-family: 'Aptos',sans-serif; mso-ascii-theme-font: minor-latin; mso-fareast-font-family: Aptos; mso-fareast-theme-font: minor-latin; mso-hansi-theme-font: minor-latin; mso-bidi-font-family: 'Times New Roman'; mso-bidi-theme-font: minor-bidi; mso-ansi-language: EN-CA; mso-fareast-language: EN-US; mso-bidi-language: AR-SA;\">\u201cCon\u00e7u pour la passion, con\u00e7u pour l'endurance\u201d.<\/span><\/p>","protected":false},"excerpt":{"rendered":"<p>STLW Leather Removable Pouch Jockstrap with inside personal enlargement device. (S-M 28&#8243;-33&#8243;). This product is made with top-grain shoulder leather, classed in the-8oz range, putting it in the thickness range of 1.8-3mm. Our leather is not folded for strength, not glued, nor is it sewn to a double thickness for added strength. It is used [&hellip;]<\/p>\n","protected":false},"featured_media":0,"comment_status":"open","ping_status":"closed","template":"","meta":{"_et_pb_use_builder":"","_et_pb_old_content":"","_et_gb_content_width":""},"product_brand":[],"product_cat":[60],"product_tag":[37,157,56,50,57,193],"class_list":{"0":"post-4436","1":"product","2":"type-product","3":"status-publish","5":"product_cat-jockstrap","6":"product_tag-adult-2","7":"product_tag-jockstrap","8":"product_tag-kink","9":"product_tag-leather-3","10":"product_tag-adult-3","11":"product_tag-fetish-4","13":"first","14":"instock","15":"taxable","16":"shipping-taxable","17":"product-type-simple"},"yoast_head":"<!-- This site is optimized with the Yoast SEO plugin v27.3 - https:\/\/yoast.com\/product\/yoast-seo-wordpress\/ -->\n<title>STLW Leather Pouch Jockstrap (S-M 28-33&quot;) - Silver Triangle Leatherworks<\/title>\n<meta name=\"robots\" content=\"index, follow, max-snippet:-1, max-image-preview:large, max-video-preview:-1\" \/>\n<link rel=\"canonical\" href=\"https:\/\/silvertriangleleatherworks.ca\/fr\/produit\/stlw-leather-pouch-jockstrap-s-m-28-33\/\" \/>\n<meta property=\"og:locale\" content=\"fr_CA\" \/>\n<meta property=\"og:type\" content=\"article\" \/>\n<meta property=\"og:title\" content=\"STLW Leather Pouch Jockstrap (S-M 28-33&quot;) - Silver Triangle Leatherworks\" \/>\n<meta property=\"og:description\" content=\"STLW Leather Removable Pouch Jockstrap with inside personal enlargement device. (S-M 28&#8243;-33&#8243;). This product is made with top-grain shoulder leather, classed in the-8oz range, putting it in the thickness range of 1.8-3mm. Our leather is not folded for strength, not glued, nor is it sewn to a double thickness for added strength. It is used [&hellip;]\" \/>\n<meta property=\"og:url\" content=\"https:\/\/silvertriangleleatherworks.ca\/fr\/produit\/stlw-leather-pouch-jockstrap-s-m-28-33\/\" \/>\n<meta property=\"og:site_name\" content=\"Silver Triangle Leatherworks\" \/>\n<meta name=\"twitter:card\" content=\"summary_large_image\" \/>\n<script type=\"application\/ld+json\" class=\"yoast-schema-graph\">{\"@context\":\"https:\\\/\\\/schema.org\",\"@graph\":[{\"@type\":\"WebPage\",\"@id\":\"https:\\\/\\\/silvertriangleleatherworks.ca\\\/product\\\/stlw-leather-pouch-jockstrap-s-m-28-33\\\/\",\"url\":\"https:\\\/\\\/silvertriangleleatherworks.ca\\\/product\\\/stlw-leather-pouch-jockstrap-s-m-28-33\\\/\",\"name\":\"STLW Leather Pouch Jockstrap (S-M 28-33\\\") - Silver Triangle Leatherworks\",\"isPartOf\":{\"@id\":\"https:\\\/\\\/silvertriangleleatherworks.ca\\\/#website\"},\"datePublished\":\"2026-04-04T20:44:16+00:00\",\"breadcrumb\":{\"@id\":\"https:\\\/\\\/silvertriangleleatherworks.ca\\\/product\\\/stlw-leather-pouch-jockstrap-s-m-28-33\\\/#breadcrumb\"},\"inLanguage\":\"fr-CA\",\"potentialAction\":[{\"@type\":\"ReadAction\",\"target\":[\"https:\\\/\\\/silvertriangleleatherworks.ca\\\/product\\\/stlw-leather-pouch-jockstrap-s-m-28-33\\\/\"]}]},{\"@type\":\"BreadcrumbList\",\"@id\":\"https:\\\/\\\/silvertriangleleatherworks.ca\\\/product\\\/stlw-leather-pouch-jockstrap-s-m-28-33\\\/#breadcrumb\",\"itemListElement\":[{\"@type\":\"ListItem\",\"position\":1,\"name\":\"Home\",\"item\":\"https:\\\/\\\/silvertriangleleatherworks.ca\\\/\"},{\"@type\":\"ListItem\",\"position\":2,\"name\":\"Shop\",\"item\":\"https:\\\/\\\/silvertriangleleatherworks.ca\\\/shopxmade-in-canada-adult-leathergoods\\\/\"},{\"@type\":\"ListItem\",\"position\":3,\"name\":\"STLW Leather Pouch Jockstrap (S-M 28-33&#8243;)\"}]},{\"@type\":\"WebSite\",\"@id\":\"https:\\\/\\\/silvertriangleleatherworks.ca\\\/#website\",\"url\":\"https:\\\/\\\/silvertriangleleatherworks.ca\\\/\",\"name\":\"Silver Triangle Leatherworks\",\"description\":\"Designed for passion, Crafted for enduranse\",\"potentialAction\":[{\"@type\":\"SearchAction\",\"target\":{\"@type\":\"EntryPoint\",\"urlTemplate\":\"https:\\\/\\\/silvertriangleleatherworks.ca\\\/?s={search_term_string}\"},\"query-input\":{\"@type\":\"PropertyValueSpecification\",\"valueRequired\":true,\"valueName\":\"search_term_string\"}}],\"inLanguage\":\"fr-CA\"}]}<\/script>\n<!-- \/ Yoast SEO plugin. -->","yoast_head_json":{"title":"STLW Leather Pouch Jockstrap (S-M 28-33\") - Silver Triangle Leatherworks","robots":{"index":"index","follow":"follow","max-snippet":"max-snippet:-1","max-image-preview":"max-image-preview:large","max-video-preview":"max-video-preview:-1"},"canonical":"https:\/\/silvertriangleleatherworks.ca\/fr\/produit\/stlw-leather-pouch-jockstrap-s-m-28-33\/","og_locale":"fr_CA","og_type":"article","og_title":"STLW Leather Pouch Jockstrap (S-M 28-33\") - Silver Triangle Leatherworks","og_description":"STLW Leather Removable Pouch Jockstrap with inside personal enlargement device. (S-M 28&#8243;-33&#8243;). This product is made with top-grain shoulder leather, classed in the-8oz range, putting it in the thickness range of 1.8-3mm. Our leather is not folded for strength, not glued, nor is it sewn to a double thickness for added strength. It is used [&hellip;]","og_url":"https:\/\/silvertriangleleatherworks.ca\/fr\/produit\/stlw-leather-pouch-jockstrap-s-m-28-33\/","og_site_name":"Silver Triangle Leatherworks","twitter_card":"summary_large_image","schema":{"@context":"https:\/\/schema.org","@graph":[{"@type":"WebPage","@id":"https:\/\/silvertriangleleatherworks.ca\/product\/stlw-leather-pouch-jockstrap-s-m-28-33\/","url":"https:\/\/silvertriangleleatherworks.ca\/product\/stlw-leather-pouch-jockstrap-s-m-28-33\/","name":"STLW Leather Pouch Jockstrap (S-M 28-33\") - Silver Triangle Leatherworks","isPartOf":{"@id":"https:\/\/silvertriangleleatherworks.ca\/#website"},"datePublished":"2026-04-04T20:44:16+00:00","breadcrumb":{"@id":"https:\/\/silvertriangleleatherworks.ca\/product\/stlw-leather-pouch-jockstrap-s-m-28-33\/#breadcrumb"},"inLanguage":"fr-CA","potentialAction":[{"@type":"ReadAction","target":["https:\/\/silvertriangleleatherworks.ca\/product\/stlw-leather-pouch-jockstrap-s-m-28-33\/"]}]},{"@type":"BreadcrumbList","@id":"https:\/\/silvertriangleleatherworks.ca\/product\/stlw-leather-pouch-jockstrap-s-m-28-33\/#breadcrumb","itemListElement":[{"@type":"ListItem","position":1,"name":"Home","item":"https:\/\/silvertriangleleatherworks.ca\/"},{"@type":"ListItem","position":2,"name":"Shop","item":"https:\/\/silvertriangleleatherworks.ca\/shopxmade-in-canada-adult-leathergoods\/"},{"@type":"ListItem","position":3,"name":"STLW Leather Pouch Jockstrap (S-M 28-33&#8243;)"}]},{"@type":"WebSite","@id":"https:\/\/silvertriangleleatherworks.ca\/#website","url":"https:\/\/silvertriangleleatherworks.ca\/","name":"Maroquinerie du Triangle d'Argent","description":"Designed for passion, Crafted for enduranse","potentialAction":[{"@type":"SearchAction","target":{"@type":"EntryPoint","urlTemplate":"https:\/\/silvertriangleleatherworks.ca\/?s={search_term_string}"},"query-input":{"@type":"PropertyValueSpecification","valueRequired":true,"valueName":"search_term_string"}}],"inLanguage":"fr-CA"}]}},"jetpack_sharing_enabled":true,"_links":{"self":[{"href":"https:\/\/silvertriangleleatherworks.ca\/fr\/wp-json\/wp\/v2\/product\/4436","targetHints":{"allow":["GET"]}}],"collection":[{"href":"https:\/\/silvertriangleleatherworks.ca\/fr\/wp-json\/wp\/v2\/product"}],"about":[{"href":"https:\/\/silvertriangleleatherworks.ca\/fr\/wp-json\/wp\/v2\/types\/product"}],"replies":[{"embeddable":true,"href":"https:\/\/silvertriangleleatherworks.ca\/fr\/wp-json\/wp\/v2\/comments?post=4436"}],"wp:attachment":[{"href":"https:\/\/silvertriangleleatherworks.ca\/fr\/wp-json\/wp\/v2\/media?parent=4436"}],"wp:term":[{"taxonomy":"product_brand","embeddable":true,"href":"https:\/\/silvertriangleleatherworks.ca\/fr\/wp-json\/wp\/v2\/product_brand?post=4436"},{"taxonomy":"product_cat","embeddable":true,"href":"https:\/\/silvertriangleleatherworks.ca\/fr\/wp-json\/wp\/v2\/product_cat?post=4436"},{"taxonomy":"product_tag","embeddable":true,"href":"https:\/\/silvertriangleleatherworks.ca\/fr\/wp-json\/wp\/v2\/product_tag?post=4436"}],"curies":[{"name":"wp","href":"https:\/\/api.w.org\/{rel}","templated":true}]}}