{"id":4433,"date":"2026-04-04T20:44:16","date_gmt":"2026-04-04T20:44:16","guid":{"rendered":"https:\/\/silvertriangleleatherworks.ca\/product\/stlw-studded-leather-pain-paddle\/"},"modified":"2026-04-04T20:44:16","modified_gmt":"2026-04-04T20:44:16","slug":"stlw-studded-leather-pain-paddle","status":"publish","type":"product","link":"https:\/\/silvertriangleleatherworks.ca\/fr\/produit\/stlw-studded-leather-pain-paddle\/","title":{"rendered":"\u201cSTLW\u201d Pagaie en cuir clout\u00e9 \u201cPAIN"},"content":{"rendered":"<p>\u201cSTLW\u201d Pagaie en cuir clout\u00e9 \u201cPAIN\u201d.<\/p>\n<p class=\"MsoNormal\">Tous nos produits sont fabriqu\u00e9s \u00e0 partir de cuir d'\u00e9paule de premi\u00e8re qualit\u00e9, class\u00e9 dans la cat\u00e9gorie 7-9oz, ce qui le place dans une fourchette d'\u00e9paisseur de 2,8-3,6 mm. Notre cuir n'est pas pli\u00e9 pour plus de solidit\u00e9, ni coll\u00e9, ni cousu en double \u00e9paisseur pour plus de solidit\u00e9. Il est utilis\u00e9 tel qu'il est cens\u00e9 l'\u00eatre, dans sa forme originale, et n'a pas besoin d'\u00eatre renforc\u00e9 pour \u00eatre plus solide ou plus stable.<\/p>\n<p class=\"MsoNormal\">Tous nos produits sont fabriqu\u00e9s \u00e0 la main sur commande et peuvent \u00eatre personnalis\u00e9s. Veuillez envoyer toutes vos demandes \u00e0 info@silvertriangleleatherworks.ca.<\/p>\n<p class=\"MsoNormal\">Nous nous lan\u00e7ons dans la gravure au laser. Nous ne sommes pas parfaits, mais nous pouvons \u00e9galement envisager de graver quelque chose sur votre article, si vous le souhaitez.<\/p>\n<p class=\"MsoNormal\">\u201cCon\u00e7u pour la passion, con\u00e7u pour l'endurance\u201d.<\/p>\n<p>\u00a0<\/p>","protected":false},"excerpt":{"rendered":"<p>&#8220;STLW&#8221; Studded Leather &#8220;PAIN&#8221; Paddle. All of our products are made with top-grain shoulder leather, classed in the 7-9oz range, putting it in the thickness range of 2.8-3.6mm. Our leather is not folded for strength, not glued, nor is it sewn to a double thickness for added strength. It is used as it was meant [&hellip;]<\/p>\n","protected":false},"featured_media":0,"comment_status":"open","ping_status":"closed","template":"","meta":{"_et_pb_use_builder":"","_et_pb_old_content":"","_et_gb_content_width":""},"product_brand":[],"product_cat":[88],"product_tag":[37,35,70,39,96,157,56,50,89,410,316,57,283,58,413,71],"class_list":{"0":"post-4433","1":"product","2":"type-product","3":"status-publish","5":"product_cat-paddle","6":"product_tag-adult-2","7":"product_tag-adultleathercalgary","8":"product_tag-bedroom","9":"product_tag-erotic","10":"product_tag-erotica","11":"product_tag-jockstrap","12":"product_tag-kink","13":"product_tag-leather-3","14":"product_tag-paddle","15":"product_tag-sling","16":"product_tag-stud","17":"product_tag-adult-3","18":"product_tag-bdsm-4","19":"product_tag-fetish-2","20":"product_tag-punk-2","21":"product_tag-sex","23":"first","24":"instock","25":"taxable","26":"shipping-taxable","27":"product-type-simple"},"yoast_head":"<!-- This site is optimized with the Yoast SEO plugin v27.3 - https:\/\/yoast.com\/product\/yoast-seo-wordpress\/ -->\n<title>&quot;STLW&quot; Studded Leather &quot;PAIN&quot; Paddle - Silver Triangle Leatherworks<\/title>\n<meta name=\"robots\" content=\"index, follow, max-snippet:-1, max-image-preview:large, max-video-preview:-1\" \/>\n<link rel=\"canonical\" href=\"https:\/\/silvertriangleleatherworks.ca\/fr\/produit\/stlw-studded-leather-pain-paddle\/\" \/>\n<meta property=\"og:locale\" content=\"fr_CA\" \/>\n<meta property=\"og:type\" content=\"article\" \/>\n<meta property=\"og:title\" content=\"&quot;STLW&quot; Studded Leather &quot;PAIN&quot; Paddle - Silver Triangle Leatherworks\" \/>\n<meta property=\"og:description\" content=\"&#8220;STLW&#8221; Studded Leather &#8220;PAIN&#8221; Paddle. All of our products are made with top-grain shoulder leather, classed in the 7-9oz range, putting it in the thickness range of 2.8-3.6mm. Our leather is not folded for strength, not glued, nor is it sewn to a double thickness for added strength. It is used as it was meant [&hellip;]\" \/>\n<meta property=\"og:url\" content=\"https:\/\/silvertriangleleatherworks.ca\/fr\/produit\/stlw-studded-leather-pain-paddle\/\" \/>\n<meta property=\"og:site_name\" content=\"Silver Triangle Leatherworks\" \/>\n<meta name=\"twitter:card\" content=\"summary_large_image\" \/>\n<meta name=\"twitter:label1\" content=\"Estimation du temps de lecture\" \/>\n\t<meta name=\"twitter:data1\" content=\"1 minute\" \/>\n<script type=\"application\/ld+json\" class=\"yoast-schema-graph\">{\"@context\":\"https:\\\/\\\/schema.org\",\"@graph\":[{\"@type\":\"WebPage\",\"@id\":\"https:\\\/\\\/silvertriangleleatherworks.ca\\\/product\\\/stlw-studded-leather-pain-paddle\\\/\",\"url\":\"https:\\\/\\\/silvertriangleleatherworks.ca\\\/product\\\/stlw-studded-leather-pain-paddle\\\/\",\"name\":\"\\\"STLW\\\" Studded Leather \\\"PAIN\\\" Paddle - Silver Triangle Leatherworks\",\"isPartOf\":{\"@id\":\"https:\\\/\\\/silvertriangleleatherworks.ca\\\/#website\"},\"datePublished\":\"2026-04-04T20:44:16+00:00\",\"breadcrumb\":{\"@id\":\"https:\\\/\\\/silvertriangleleatherworks.ca\\\/product\\\/stlw-studded-leather-pain-paddle\\\/#breadcrumb\"},\"inLanguage\":\"fr-CA\",\"potentialAction\":[{\"@type\":\"ReadAction\",\"target\":[\"https:\\\/\\\/silvertriangleleatherworks.ca\\\/product\\\/stlw-studded-leather-pain-paddle\\\/\"]}]},{\"@type\":\"BreadcrumbList\",\"@id\":\"https:\\\/\\\/silvertriangleleatherworks.ca\\\/product\\\/stlw-studded-leather-pain-paddle\\\/#breadcrumb\",\"itemListElement\":[{\"@type\":\"ListItem\",\"position\":1,\"name\":\"Home\",\"item\":\"https:\\\/\\\/silvertriangleleatherworks.ca\\\/\"},{\"@type\":\"ListItem\",\"position\":2,\"name\":\"Shop\",\"item\":\"https:\\\/\\\/silvertriangleleatherworks.ca\\\/shopxmade-in-canada-adult-leathergoods\\\/\"},{\"@type\":\"ListItem\",\"position\":3,\"name\":\"&#8220;STLW&#8221; Studded Leather &#8220;PAIN&#8221; Paddle\"}]},{\"@type\":\"WebSite\",\"@id\":\"https:\\\/\\\/silvertriangleleatherworks.ca\\\/#website\",\"url\":\"https:\\\/\\\/silvertriangleleatherworks.ca\\\/\",\"name\":\"Silver Triangle Leatherworks\",\"description\":\"Designed for passion, Crafted for enduranse\",\"potentialAction\":[{\"@type\":\"SearchAction\",\"target\":{\"@type\":\"EntryPoint\",\"urlTemplate\":\"https:\\\/\\\/silvertriangleleatherworks.ca\\\/?s={search_term_string}\"},\"query-input\":{\"@type\":\"PropertyValueSpecification\",\"valueRequired\":true,\"valueName\":\"search_term_string\"}}],\"inLanguage\":\"fr-CA\"}]}<\/script>\n<!-- \/ Yoast SEO plugin. -->","yoast_head_json":{"title":"\"STLW\" Studded Leather \"PAIN\" Paddle - Silver Triangle Leatherworks","robots":{"index":"index","follow":"follow","max-snippet":"max-snippet:-1","max-image-preview":"max-image-preview:large","max-video-preview":"max-video-preview:-1"},"canonical":"https:\/\/silvertriangleleatherworks.ca\/fr\/produit\/stlw-studded-leather-pain-paddle\/","og_locale":"fr_CA","og_type":"article","og_title":"\"STLW\" Studded Leather \"PAIN\" Paddle - Silver Triangle Leatherworks","og_description":"&#8220;STLW&#8221; Studded Leather &#8220;PAIN&#8221; Paddle. All of our products are made with top-grain shoulder leather, classed in the 7-9oz range, putting it in the thickness range of 2.8-3.6mm. Our leather is not folded for strength, not glued, nor is it sewn to a double thickness for added strength. It is used as it was meant [&hellip;]","og_url":"https:\/\/silvertriangleleatherworks.ca\/fr\/produit\/stlw-studded-leather-pain-paddle\/","og_site_name":"Silver Triangle Leatherworks","twitter_card":"summary_large_image","twitter_misc":{"Estimation du temps de lecture":"1 minute"},"schema":{"@context":"https:\/\/schema.org","@graph":[{"@type":"WebPage","@id":"https:\/\/silvertriangleleatherworks.ca\/product\/stlw-studded-leather-pain-paddle\/","url":"https:\/\/silvertriangleleatherworks.ca\/product\/stlw-studded-leather-pain-paddle\/","name":"\"STLW\" Studded Leather \"PAIN\" Paddle - Silver Triangle Leatherworks","isPartOf":{"@id":"https:\/\/silvertriangleleatherworks.ca\/#website"},"datePublished":"2026-04-04T20:44:16+00:00","breadcrumb":{"@id":"https:\/\/silvertriangleleatherworks.ca\/product\/stlw-studded-leather-pain-paddle\/#breadcrumb"},"inLanguage":"fr-CA","potentialAction":[{"@type":"ReadAction","target":["https:\/\/silvertriangleleatherworks.ca\/product\/stlw-studded-leather-pain-paddle\/"]}]},{"@type":"BreadcrumbList","@id":"https:\/\/silvertriangleleatherworks.ca\/product\/stlw-studded-leather-pain-paddle\/#breadcrumb","itemListElement":[{"@type":"ListItem","position":1,"name":"Home","item":"https:\/\/silvertriangleleatherworks.ca\/"},{"@type":"ListItem","position":2,"name":"Shop","item":"https:\/\/silvertriangleleatherworks.ca\/shopxmade-in-canada-adult-leathergoods\/"},{"@type":"ListItem","position":3,"name":"&#8220;STLW&#8221; Studded Leather &#8220;PAIN&#8221; Paddle"}]},{"@type":"WebSite","@id":"https:\/\/silvertriangleleatherworks.ca\/#website","url":"https:\/\/silvertriangleleatherworks.ca\/","name":"Maroquinerie du Triangle d'Argent","description":"Designed for passion, Crafted for enduranse","potentialAction":[{"@type":"SearchAction","target":{"@type":"EntryPoint","urlTemplate":"https:\/\/silvertriangleleatherworks.ca\/?s={search_term_string}"},"query-input":{"@type":"PropertyValueSpecification","valueRequired":true,"valueName":"search_term_string"}}],"inLanguage":"fr-CA"}]}},"jetpack_sharing_enabled":true,"_links":{"self":[{"href":"https:\/\/silvertriangleleatherworks.ca\/fr\/wp-json\/wp\/v2\/product\/4433","targetHints":{"allow":["GET"]}}],"collection":[{"href":"https:\/\/silvertriangleleatherworks.ca\/fr\/wp-json\/wp\/v2\/product"}],"about":[{"href":"https:\/\/silvertriangleleatherworks.ca\/fr\/wp-json\/wp\/v2\/types\/product"}],"replies":[{"embeddable":true,"href":"https:\/\/silvertriangleleatherworks.ca\/fr\/wp-json\/wp\/v2\/comments?post=4433"}],"wp:attachment":[{"href":"https:\/\/silvertriangleleatherworks.ca\/fr\/wp-json\/wp\/v2\/media?parent=4433"}],"wp:term":[{"taxonomy":"product_brand","embeddable":true,"href":"https:\/\/silvertriangleleatherworks.ca\/fr\/wp-json\/wp\/v2\/product_brand?post=4433"},{"taxonomy":"product_cat","embeddable":true,"href":"https:\/\/silvertriangleleatherworks.ca\/fr\/wp-json\/wp\/v2\/product_cat?post=4433"},{"taxonomy":"product_tag","embeddable":true,"href":"https:\/\/silvertriangleleatherworks.ca\/fr\/wp-json\/wp\/v2\/product_tag?post=4433"}],"curies":[{"name":"wp","href":"https:\/\/api.w.org\/{rel}","templated":true}]}}