{"id":4428,"date":"2026-04-04T20:44:14","date_gmt":"2026-04-04T20:44:14","guid":{"rendered":"https:\/\/silvertriangleleatherworks.ca\/product\/stlw-leather-stand-alone-restraint-system\/"},"modified":"2026-04-04T20:44:14","modified_gmt":"2026-04-04T20:44:14","slug":"stlw-leather-stand-alone-restraint-system","status":"publish","type":"product","link":"https:\/\/silvertriangleleatherworks.ca\/fr\/produit\/stlw-leather-stand-alone-restraint-system\/","title":{"rendered":"\u201cSyst\u00e8me de retenue autonome en cuir \u201dSTLW"},"content":{"rendered":"<p class=\"MsoNormal\"><b><span style=\"font-family: 'Aptost',serif;\">Chaque article en cuir \u201cSTLW\u201d est fabriqu\u00e9 \u00e0 la main \u00e0 la taille sp\u00e9cifi\u00e9e.<br \/>Si vous choisissez XL-XXL (sur mesure) ou si vous avez des exigences particuli\u00e8res en mati\u00e8re de coupe, il vous suffit de laisser vos mesures dans les commentaires lors de la commande - pas de d\u00e9lai, pas de frais suppl\u00e9mentaires.<\/span><\/b><\/p>\n<p class=\"MsoNormal\"><b><span style=\"font-family: 'Aptost',serif;\">Pour les personnes qui se trouvent entre deux tailles ou qui recherchent une coupe plus personnalis\u00e9e, nous vous encourageons \u00e0 indiquer vos mesures exactes.<\/span><\/b><\/p>\n<p class=\"MsoNormal\"><b><span style=\"font-family: 'Aptost',serif;\">Con\u00e7u pour la passion, con\u00e7u pour l'endurance.<br \/>Pour en savoir plus, veuillez consulter notre <\/span><\/b><a href=\"https:\/\/silvertriangleleatherworks.ca\/fr\/pages\/our-promise-to-you-our-customers\/\" title=\"Notre promesse \u00e0 vous, nos clients\" target=\"_blank\"><span style=\"mso-field-code: HYPERLINK;\"><b><span style=\"font-family: 'Aptost',serif;\">Notre promesse<\/span><\/b><\/span><\/a><b><span style=\"font-family: 'Aptost',serif;\"> et notre page <\/span><\/b><a href=\"https:\/\/silvertriangleleatherworks.ca\/fr\/pages\/warranty\/\" title=\"Notre garantie limit\u00e9e de 5 ans sur les pi\u00e8ces.\"><b><span style=\"font-family: 'Aptost',serif;\">Garantie<\/span><\/b><\/a><b><span style=\"font-family: 'Aptost',serif;\"> page.<\/span><\/b><\/p>","protected":false},"excerpt":{"rendered":"<p>Every \u201cSTLW\u201d leather item is handcrafted to your specified size.If you select XL\u2013XXL (Custom) or have special fit requirements, just leave your measurements in the comments at checkout \u2014 no delays, no extra charge. For those between sizes or seeking a more tailored fit, we encourage you to include your exact measurements. Crafted for passion, [&hellip;]<\/p>\n","protected":false},"featured_media":0,"comment_status":"open","ping_status":"closed","template":"","meta":{"_et_pb_use_builder":"","_et_pb_old_content":"","_et_gb_content_width":""},"product_brand":[],"product_cat":[442],"product_tag":[37,185,35,106,29,70,39,96,122,123,144,56,50,49,327,90,410,57,331,219,283,58,145,332,330,71],"class_list":{"0":"post-4428","1":"product","2":"type-product","3":"status-publish","5":"product_cat-bedroom-set","6":"product_tag-adult-2","7":"product_tag-adulthood","8":"product_tag-adultleathercalgary","9":"product_tag-bdsm-2","10":"product_tag-bdsm","11":"product_tag-bedroom","12":"product_tag-erotic","13":"product_tag-erotica","14":"product_tag-female","15":"product_tag-fetish-3","16":"product_tag-harness","17":"product_tag-kink","18":"product_tag-leather-3","19":"product_tag-leather-2","20":"product_tag-restraint-3","21":"product_tag-sadomasochism","22":"product_tag-sling","23":"product_tag-adult-3","24":"product_tag-and","25":"product_tag-bdsm-3","26":"product_tag-bdsm-4","27":"product_tag-fetish-2","28":"product_tag-male","29":"product_tag-masochism","30":"product_tag-sadism","31":"product_tag-sex","33":"first","34":"instock","35":"taxable","36":"shipping-taxable","37":"product-type-simple"},"yoast_head":"<!-- This site is optimized with the Yoast SEO plugin v27.3 - https:\/\/yoast.com\/product\/yoast-seo-wordpress\/ -->\n<title>&quot;STLW&quot; Leather Stand Alone Restraint System - Silver Triangle Leatherworks<\/title>\n<meta name=\"robots\" content=\"index, follow, max-snippet:-1, max-image-preview:large, max-video-preview:-1\" \/>\n<link rel=\"canonical\" href=\"https:\/\/silvertriangleleatherworks.ca\/fr\/produit\/stlw-leather-stand-alone-restraint-system\/\" \/>\n<meta property=\"og:locale\" content=\"fr_CA\" \/>\n<meta property=\"og:type\" content=\"article\" \/>\n<meta property=\"og:title\" content=\"&quot;STLW&quot; Leather Stand Alone Restraint System - Silver Triangle Leatherworks\" \/>\n<meta property=\"og:description\" content=\"Every \u201cSTLW\u201d leather item is handcrafted to your specified size.If you select XL\u2013XXL (Custom) or have special fit requirements, just leave your measurements in the comments at checkout \u2014 no delays, no extra charge. For those between sizes or seeking a more tailored fit, we encourage you to include your exact measurements. Crafted for passion, [&hellip;]\" \/>\n<meta property=\"og:url\" content=\"https:\/\/silvertriangleleatherworks.ca\/fr\/produit\/stlw-leather-stand-alone-restraint-system\/\" \/>\n<meta property=\"og:site_name\" content=\"Silver Triangle Leatherworks\" \/>\n<meta name=\"twitter:card\" content=\"summary_large_image\" \/>\n<script type=\"application\/ld+json\" class=\"yoast-schema-graph\">{\"@context\":\"https:\\\/\\\/schema.org\",\"@graph\":[{\"@type\":\"WebPage\",\"@id\":\"https:\\\/\\\/silvertriangleleatherworks.ca\\\/product\\\/stlw-leather-stand-alone-restraint-system\\\/\",\"url\":\"https:\\\/\\\/silvertriangleleatherworks.ca\\\/product\\\/stlw-leather-stand-alone-restraint-system\\\/\",\"name\":\"\\\"STLW\\\" Leather Stand Alone Restraint System - Silver Triangle Leatherworks\",\"isPartOf\":{\"@id\":\"https:\\\/\\\/silvertriangleleatherworks.ca\\\/#website\"},\"datePublished\":\"2026-04-04T20:44:14+00:00\",\"breadcrumb\":{\"@id\":\"https:\\\/\\\/silvertriangleleatherworks.ca\\\/product\\\/stlw-leather-stand-alone-restraint-system\\\/#breadcrumb\"},\"inLanguage\":\"fr-CA\",\"potentialAction\":[{\"@type\":\"ReadAction\",\"target\":[\"https:\\\/\\\/silvertriangleleatherworks.ca\\\/product\\\/stlw-leather-stand-alone-restraint-system\\\/\"]}]},{\"@type\":\"BreadcrumbList\",\"@id\":\"https:\\\/\\\/silvertriangleleatherworks.ca\\\/product\\\/stlw-leather-stand-alone-restraint-system\\\/#breadcrumb\",\"itemListElement\":[{\"@type\":\"ListItem\",\"position\":1,\"name\":\"Home\",\"item\":\"https:\\\/\\\/silvertriangleleatherworks.ca\\\/\"},{\"@type\":\"ListItem\",\"position\":2,\"name\":\"Shop\",\"item\":\"https:\\\/\\\/silvertriangleleatherworks.ca\\\/shopxmade-in-canada-adult-leathergoods\\\/\"},{\"@type\":\"ListItem\",\"position\":3,\"name\":\"&#8220;STLW&#8221; Leather Stand Alone Restraint System\"}]},{\"@type\":\"WebSite\",\"@id\":\"https:\\\/\\\/silvertriangleleatherworks.ca\\\/#website\",\"url\":\"https:\\\/\\\/silvertriangleleatherworks.ca\\\/\",\"name\":\"Silver Triangle Leatherworks\",\"description\":\"Designed for passion, Crafted for enduranse\",\"potentialAction\":[{\"@type\":\"SearchAction\",\"target\":{\"@type\":\"EntryPoint\",\"urlTemplate\":\"https:\\\/\\\/silvertriangleleatherworks.ca\\\/?s={search_term_string}\"},\"query-input\":{\"@type\":\"PropertyValueSpecification\",\"valueRequired\":true,\"valueName\":\"search_term_string\"}}],\"inLanguage\":\"fr-CA\"}]}<\/script>\n<!-- \/ Yoast SEO plugin. -->","yoast_head_json":{"title":"\"STLW\" Leather Stand Alone Restraint System - Silver Triangle Leatherworks","robots":{"index":"index","follow":"follow","max-snippet":"max-snippet:-1","max-image-preview":"max-image-preview:large","max-video-preview":"max-video-preview:-1"},"canonical":"https:\/\/silvertriangleleatherworks.ca\/fr\/produit\/stlw-leather-stand-alone-restraint-system\/","og_locale":"fr_CA","og_type":"article","og_title":"\"STLW\" Leather Stand Alone Restraint System - Silver Triangle Leatherworks","og_description":"Every \u201cSTLW\u201d leather item is handcrafted to your specified size.If you select XL\u2013XXL (Custom) or have special fit requirements, just leave your measurements in the comments at checkout \u2014 no delays, no extra charge. For those between sizes or seeking a more tailored fit, we encourage you to include your exact measurements. Crafted for passion, [&hellip;]","og_url":"https:\/\/silvertriangleleatherworks.ca\/fr\/produit\/stlw-leather-stand-alone-restraint-system\/","og_site_name":"Silver Triangle Leatherworks","twitter_card":"summary_large_image","schema":{"@context":"https:\/\/schema.org","@graph":[{"@type":"WebPage","@id":"https:\/\/silvertriangleleatherworks.ca\/product\/stlw-leather-stand-alone-restraint-system\/","url":"https:\/\/silvertriangleleatherworks.ca\/product\/stlw-leather-stand-alone-restraint-system\/","name":"\"STLW\" Leather Stand Alone Restraint System - Silver Triangle Leatherworks","isPartOf":{"@id":"https:\/\/silvertriangleleatherworks.ca\/#website"},"datePublished":"2026-04-04T20:44:14+00:00","breadcrumb":{"@id":"https:\/\/silvertriangleleatherworks.ca\/product\/stlw-leather-stand-alone-restraint-system\/#breadcrumb"},"inLanguage":"fr-CA","potentialAction":[{"@type":"ReadAction","target":["https:\/\/silvertriangleleatherworks.ca\/product\/stlw-leather-stand-alone-restraint-system\/"]}]},{"@type":"BreadcrumbList","@id":"https:\/\/silvertriangleleatherworks.ca\/product\/stlw-leather-stand-alone-restraint-system\/#breadcrumb","itemListElement":[{"@type":"ListItem","position":1,"name":"Home","item":"https:\/\/silvertriangleleatherworks.ca\/"},{"@type":"ListItem","position":2,"name":"Shop","item":"https:\/\/silvertriangleleatherworks.ca\/shopxmade-in-canada-adult-leathergoods\/"},{"@type":"ListItem","position":3,"name":"&#8220;STLW&#8221; Leather Stand Alone Restraint System"}]},{"@type":"WebSite","@id":"https:\/\/silvertriangleleatherworks.ca\/#website","url":"https:\/\/silvertriangleleatherworks.ca\/","name":"Maroquinerie du Triangle d'Argent","description":"Designed for passion, Crafted for enduranse","potentialAction":[{"@type":"SearchAction","target":{"@type":"EntryPoint","urlTemplate":"https:\/\/silvertriangleleatherworks.ca\/?s={search_term_string}"},"query-input":{"@type":"PropertyValueSpecification","valueRequired":true,"valueName":"search_term_string"}}],"inLanguage":"fr-CA"}]}},"jetpack_sharing_enabled":true,"_links":{"self":[{"href":"https:\/\/silvertriangleleatherworks.ca\/fr\/wp-json\/wp\/v2\/product\/4428","targetHints":{"allow":["GET"]}}],"collection":[{"href":"https:\/\/silvertriangleleatherworks.ca\/fr\/wp-json\/wp\/v2\/product"}],"about":[{"href":"https:\/\/silvertriangleleatherworks.ca\/fr\/wp-json\/wp\/v2\/types\/product"}],"replies":[{"embeddable":true,"href":"https:\/\/silvertriangleleatherworks.ca\/fr\/wp-json\/wp\/v2\/comments?post=4428"}],"wp:attachment":[{"href":"https:\/\/silvertriangleleatherworks.ca\/fr\/wp-json\/wp\/v2\/media?parent=4428"}],"wp:term":[{"taxonomy":"product_brand","embeddable":true,"href":"https:\/\/silvertriangleleatherworks.ca\/fr\/wp-json\/wp\/v2\/product_brand?post=4428"},{"taxonomy":"product_cat","embeddable":true,"href":"https:\/\/silvertriangleleatherworks.ca\/fr\/wp-json\/wp\/v2\/product_cat?post=4428"},{"taxonomy":"product_tag","embeddable":true,"href":"https:\/\/silvertriangleleatherworks.ca\/fr\/wp-json\/wp\/v2\/product_tag?post=4428"}],"curies":[{"name":"wp","href":"https:\/\/api.w.org\/{rel}","templated":true}]}}