{"id":4420,"date":"2026-04-04T20:44:13","date_gmt":"2026-04-04T20:44:13","guid":{"rendered":"https:\/\/silvertriangleleatherworks.ca\/product\/leather-y-buckle-harness\/"},"modified":"2026-04-04T20:44:13","modified_gmt":"2026-04-04T20:44:13","slug":"leather-y-buckle-harness","status":"publish","type":"product","link":"https:\/\/silvertriangleleatherworks.ca\/fr\/produit\/leather-y-buckle-harness\/","title":{"rendered":"Leather &#8220;Y&#8221; Buckle Harness"},"content":{"rendered":"<p>Leather &#8220;Y&#8221; Buckle Harness<\/p>\n<p data-start=\"135\" data-end=\"442\">Clean, confident lines. A split <strong data-start=\"167\" data-end=\"178\">Y-front<\/strong> flows from adjustable shoulder straps into a center vertical strap with O-ring connectors, then anchors to a smooth under-bust band. Minimal hardware keeps the silhouette light while giving you secure structure that layers with anything from mesh tops to dresses.<\/p>\n<p data-start=\"444\" data-end=\"460\"><strong data-start=\"444\" data-end=\"460\">Key features<\/strong><\/p>\n<ul data-start=\"461\" data-end=\"706\">\n<li data-start=\"461\" data-end=\"508\">\n<p data-start=\"463\" data-end=\"508\">Classic Y-front with dual O-ring connectors<\/p>\n<\/li>\n<li data-start=\"509\" data-end=\"571\">\n<p data-start=\"511\" data-end=\"571\">Adjustable shoulders and under-bust strap for a dialed fit<\/p>\n<\/li>\n<li data-start=\"572\" data-end=\"635\">\n<p data-start=\"574\" data-end=\"635\">Riveted construction at stress points; low-profile hardware<\/p>\n<\/li>\n<li data-start=\"636\" data-end=\"706\">\n<p data-start=\"638\" data-end=\"706\">Smooth, finished edges for comfortable wear on skin or over clothing<\/p>\n<\/li>\n<\/ul>\n<p><\/p>\n<p class=\"MsoNormal\"><b><span style=\"font-family: 'Roboto Condensed Black';\">\u201cCon\u00e7u pour la passion, con\u00e7u pour l'endurance\u201d.\u201d<\/span><\/b><span style=\"font-family: 'Roboto Condensed Black';\"><\/span><\/p>\n<p class=\"MsoNormal\"><b><span style=\"font-family: 'Roboto Condensed Black';\">Fabriqu\u00e9 \u00e0 la main \u00e0 Calgary, Alberta, Canada. Nous n'utilisons que du cuir Top-Grain pour la durabilit\u00e9.<\/span><\/b><span style=\"font-family: 'Roboto Condensed Black';\"><\/span><\/p>\n<p class=\"MsoNormal\"><b><span style=\"font-family: 'Roboto Condensed Black';\">Cousu \u00e0 la main l\u00e0 o\u00f9 c'est n\u00e9cessaire avec du fil cir\u00e9 HD.<\/span><\/b><span style=\"font-family: 'Roboto Condensed Black';\"><\/span><\/p>\n<p class=\"MsoNormal\"><b><span style=\"font-family: 'Roboto Condensed Black';\">Veuillez utiliser la section des commentaires lors de la commande pour toute exigence de taille sp\u00e9cifique.<\/span><\/b><span style=\"font-family: 'Roboto Condensed Black';\"><\/span><\/p>\n<p class=\"MsoNormal\"><b><span style=\"font-family: 'Roboto Condensed Black';\">Nettoyer avec un chiffon humide. Entretenir p\u00e9riodiquement le cuir pour en pr\u00e9server la souplesse.<\/p>\n<p>Exp\u00e9dition possible dans le monde entier.<\/span><\/b><span style=\"font-family: 'Roboto Condensed Black';\"><\/span><\/p>\n<p class=\"MsoNormal\"><b><span style=\"font-family: 'Roboto Condensed Black';\">Vous avez des questions ? Contactez-nous \u00e0 l'adresse info@silvertriangleleatherworks.ca<\/span><\/b><span style=\"font-family: 'Roboto Condensed Black';\"><\/span><\/p>","protected":false},"excerpt":{"rendered":"<p>Leather &#8220;Y&#8221; Buckle Harness Clean, confident lines. A split Y-front flows from adjustable shoulder straps into a center vertical strap with O-ring connectors, then anchors to a smooth under-bust band. Minimal hardware keeps the silhouette light while giving you secure structure that layers with anything from mesh tops to dresses. Key features Classic Y-front with [&hellip;]<\/p>\n","protected":false},"featured_media":0,"comment_status":"open","ping_status":"closed","template":"","meta":{"_et_pb_use_builder":"","_et_pb_old_content":"","_et_gb_content_width":""},"product_brand":[],"product_cat":[208],"product_tag":[37,176,122,144,56,50,177,57,193,209],"class_list":{"0":"post-4420","1":"product","2":"type-product","3":"status-publish","5":"product_cat-womens-harness","6":"product_tag-adult-2","7":"product_tag-clothing","8":"product_tag-female","9":"product_tag-harness","10":"product_tag-kink","11":"product_tag-leather-3","12":"product_tag-accessories-2","13":"product_tag-adult-3","14":"product_tag-fetish-4","15":"product_tag-womans","17":"first","18":"instock","19":"taxable","20":"shipping-taxable","21":"product-type-simple"},"yoast_head":"<!-- This site is optimized with the Yoast SEO plugin v27.3 - https:\/\/yoast.com\/product\/yoast-seo-wordpress\/ -->\n<title>Leather &quot;Y&quot; Buckle Harness - Silver Triangle Leatherworks<\/title>\n<meta name=\"robots\" content=\"index, follow, max-snippet:-1, max-image-preview:large, max-video-preview:-1\" \/>\n<link rel=\"canonical\" href=\"https:\/\/silvertriangleleatherworks.ca\/fr\/produit\/leather-y-buckle-harness\/\" \/>\n<meta property=\"og:locale\" content=\"fr_CA\" \/>\n<meta property=\"og:type\" content=\"article\" \/>\n<meta property=\"og:title\" content=\"Leather &quot;Y&quot; Buckle Harness - Silver Triangle Leatherworks\" \/>\n<meta property=\"og:description\" content=\"Leather &#8220;Y&#8221; Buckle Harness Clean, confident lines. A split Y-front flows from adjustable shoulder straps into a center vertical strap with O-ring connectors, then anchors to a smooth under-bust band. Minimal hardware keeps the silhouette light while giving you secure structure that layers with anything from mesh tops to dresses. Key features Classic Y-front with [&hellip;]\" \/>\n<meta property=\"og:url\" content=\"https:\/\/silvertriangleleatherworks.ca\/fr\/produit\/leather-y-buckle-harness\/\" \/>\n<meta property=\"og:site_name\" content=\"Silver Triangle Leatherworks\" \/>\n<meta name=\"twitter:card\" content=\"summary_large_image\" \/>\n<meta name=\"twitter:label1\" content=\"Estimation du temps de lecture\" \/>\n\t<meta name=\"twitter:data1\" content=\"1 minute\" \/>\n<script type=\"application\/ld+json\" class=\"yoast-schema-graph\">{\"@context\":\"https:\\\/\\\/schema.org\",\"@graph\":[{\"@type\":\"WebPage\",\"@id\":\"https:\\\/\\\/silvertriangleleatherworks.ca\\\/product\\\/leather-y-buckle-harness\\\/\",\"url\":\"https:\\\/\\\/silvertriangleleatherworks.ca\\\/product\\\/leather-y-buckle-harness\\\/\",\"name\":\"Leather \\\"Y\\\" Buckle Harness - Silver Triangle Leatherworks\",\"isPartOf\":{\"@id\":\"https:\\\/\\\/silvertriangleleatherworks.ca\\\/#website\"},\"datePublished\":\"2026-04-04T20:44:13+00:00\",\"breadcrumb\":{\"@id\":\"https:\\\/\\\/silvertriangleleatherworks.ca\\\/product\\\/leather-y-buckle-harness\\\/#breadcrumb\"},\"inLanguage\":\"fr-CA\",\"potentialAction\":[{\"@type\":\"ReadAction\",\"target\":[\"https:\\\/\\\/silvertriangleleatherworks.ca\\\/product\\\/leather-y-buckle-harness\\\/\"]}]},{\"@type\":\"BreadcrumbList\",\"@id\":\"https:\\\/\\\/silvertriangleleatherworks.ca\\\/product\\\/leather-y-buckle-harness\\\/#breadcrumb\",\"itemListElement\":[{\"@type\":\"ListItem\",\"position\":1,\"name\":\"Home\",\"item\":\"https:\\\/\\\/silvertriangleleatherworks.ca\\\/\"},{\"@type\":\"ListItem\",\"position\":2,\"name\":\"Shop\",\"item\":\"https:\\\/\\\/silvertriangleleatherworks.ca\\\/shopxmade-in-canada-adult-leathergoods\\\/\"},{\"@type\":\"ListItem\",\"position\":3,\"name\":\"Leather &#8220;Y&#8221; Buckle Harness\"}]},{\"@type\":\"WebSite\",\"@id\":\"https:\\\/\\\/silvertriangleleatherworks.ca\\\/#website\",\"url\":\"https:\\\/\\\/silvertriangleleatherworks.ca\\\/\",\"name\":\"Silver Triangle Leatherworks\",\"description\":\"Designed for passion, Crafted for enduranse\",\"potentialAction\":[{\"@type\":\"SearchAction\",\"target\":{\"@type\":\"EntryPoint\",\"urlTemplate\":\"https:\\\/\\\/silvertriangleleatherworks.ca\\\/?s={search_term_string}\"},\"query-input\":{\"@type\":\"PropertyValueSpecification\",\"valueRequired\":true,\"valueName\":\"search_term_string\"}}],\"inLanguage\":\"fr-CA\"}]}<\/script>\n<!-- \/ Yoast SEO plugin. -->","yoast_head_json":{"title":"Leather \"Y\" Buckle Harness - Silver Triangle Leatherworks","robots":{"index":"index","follow":"follow","max-snippet":"max-snippet:-1","max-image-preview":"max-image-preview:large","max-video-preview":"max-video-preview:-1"},"canonical":"https:\/\/silvertriangleleatherworks.ca\/fr\/produit\/leather-y-buckle-harness\/","og_locale":"fr_CA","og_type":"article","og_title":"Leather \"Y\" Buckle Harness - Silver Triangle Leatherworks","og_description":"Leather &#8220;Y&#8221; Buckle Harness Clean, confident lines. A split Y-front flows from adjustable shoulder straps into a center vertical strap with O-ring connectors, then anchors to a smooth under-bust band. Minimal hardware keeps the silhouette light while giving you secure structure that layers with anything from mesh tops to dresses. Key features Classic Y-front with [&hellip;]","og_url":"https:\/\/silvertriangleleatherworks.ca\/fr\/produit\/leather-y-buckle-harness\/","og_site_name":"Silver Triangle Leatherworks","twitter_card":"summary_large_image","twitter_misc":{"Estimation du temps de lecture":"1 minute"},"schema":{"@context":"https:\/\/schema.org","@graph":[{"@type":"WebPage","@id":"https:\/\/silvertriangleleatherworks.ca\/product\/leather-y-buckle-harness\/","url":"https:\/\/silvertriangleleatherworks.ca\/product\/leather-y-buckle-harness\/","name":"Leather \"Y\" Buckle Harness - Silver Triangle Leatherworks","isPartOf":{"@id":"https:\/\/silvertriangleleatherworks.ca\/#website"},"datePublished":"2026-04-04T20:44:13+00:00","breadcrumb":{"@id":"https:\/\/silvertriangleleatherworks.ca\/product\/leather-y-buckle-harness\/#breadcrumb"},"inLanguage":"fr-CA","potentialAction":[{"@type":"ReadAction","target":["https:\/\/silvertriangleleatherworks.ca\/product\/leather-y-buckle-harness\/"]}]},{"@type":"BreadcrumbList","@id":"https:\/\/silvertriangleleatherworks.ca\/product\/leather-y-buckle-harness\/#breadcrumb","itemListElement":[{"@type":"ListItem","position":1,"name":"Home","item":"https:\/\/silvertriangleleatherworks.ca\/"},{"@type":"ListItem","position":2,"name":"Shop","item":"https:\/\/silvertriangleleatherworks.ca\/shopxmade-in-canada-adult-leathergoods\/"},{"@type":"ListItem","position":3,"name":"Leather &#8220;Y&#8221; Buckle Harness"}]},{"@type":"WebSite","@id":"https:\/\/silvertriangleleatherworks.ca\/#website","url":"https:\/\/silvertriangleleatherworks.ca\/","name":"Maroquinerie du Triangle d'Argent","description":"Designed for passion, Crafted for enduranse","potentialAction":[{"@type":"SearchAction","target":{"@type":"EntryPoint","urlTemplate":"https:\/\/silvertriangleleatherworks.ca\/?s={search_term_string}"},"query-input":{"@type":"PropertyValueSpecification","valueRequired":true,"valueName":"search_term_string"}}],"inLanguage":"fr-CA"}]}},"jetpack_sharing_enabled":true,"_links":{"self":[{"href":"https:\/\/silvertriangleleatherworks.ca\/fr\/wp-json\/wp\/v2\/product\/4420","targetHints":{"allow":["GET"]}}],"collection":[{"href":"https:\/\/silvertriangleleatherworks.ca\/fr\/wp-json\/wp\/v2\/product"}],"about":[{"href":"https:\/\/silvertriangleleatherworks.ca\/fr\/wp-json\/wp\/v2\/types\/product"}],"replies":[{"embeddable":true,"href":"https:\/\/silvertriangleleatherworks.ca\/fr\/wp-json\/wp\/v2\/comments?post=4420"}],"wp:attachment":[{"href":"https:\/\/silvertriangleleatherworks.ca\/fr\/wp-json\/wp\/v2\/media?parent=4420"}],"wp:term":[{"taxonomy":"product_brand","embeddable":true,"href":"https:\/\/silvertriangleleatherworks.ca\/fr\/wp-json\/wp\/v2\/product_brand?post=4420"},{"taxonomy":"product_cat","embeddable":true,"href":"https:\/\/silvertriangleleatherworks.ca\/fr\/wp-json\/wp\/v2\/product_cat?post=4420"},{"taxonomy":"product_tag","embeddable":true,"href":"https:\/\/silvertriangleleatherworks.ca\/fr\/wp-json\/wp\/v2\/product_tag?post=4420"}],"curies":[{"name":"wp","href":"https:\/\/api.w.org\/{rel}","templated":true}]}}