{"id":4404,"date":"2026-04-04T20:44:07","date_gmt":"2026-04-04T20:44:07","guid":{"rendered":"https:\/\/silvertriangleleatherworks.ca\/product\/stlw-leather-restraint-set\/"},"modified":"2026-04-04T20:44:07","modified_gmt":"2026-04-04T20:44:07","slug":"stlw-leather-restraint-set","status":"publish","type":"product","link":"https:\/\/silvertriangleleatherworks.ca\/fr\/produit\/stlw-leather-restraint-set\/","title":{"rendered":"\u201cEnsemble de retenue en cuir \u201dSTLW"},"content":{"rendered":"<p>\u201cEnsemble de retenue en cuir \u201dSTLW<\/p>\n<div class=\"OutlineElement Ltr SCXW237713509 BCX0\">\n<p class=\"Paragraph SCXW237713509 BCX0\"><span data-contrast=\"auto\" lang=\"EN-CA\" class=\"TextRun SCXW237713509 BCX0\"><span class=\"NormalTextRun SCXW237713509 BCX0\">O<\/span><span class=\"NormalTextRun SCXW237713509 BCX0\">os produits sont fabriqu\u00e9s avec du cuir d'\u00e9paule de premi\u00e8re qualit\u00e9, class\u00e9 dans la cat\u00e9gorie des 7-9oz, ce qui le place dans la cat\u00e9gorie des 2,8-3,6 mm d'\u00e9paisseur. Notre cuir n'est pas pli\u00e9 pour plus de solidit\u00e9, ni coll\u00e9, ni cousu en double \u00e9paisseur pour plus de solidit\u00e9. Il est utilis\u00e9 tel qu'il est cens\u00e9 l'\u00eatre, dans sa forme originale, et n'a pas besoin d'\u00eatre renforc\u00e9.<\/span><span class=\"NormalTextRun SCXW237713509 BCX0\"> ou la stabilit\u00e9<\/span><span class=\"NormalTextRun SCXW237713509 BCX0\">.<\/span><\/span><span class=\"EOP SCXW237713509 BCX0\" data-ccp-props=\"{}\">\u00c2\u00a0<\/span><\/p>\n<\/div>\n<div class=\"OutlineElement Ltr SCXW237713509 BCX0\">\n<p class=\"Paragraph SCXW237713509 BCX0\"><span data-contrast=\"auto\" lang=\"EN-CA\" class=\"TextRun SCXW237713509 BCX0\"><span class=\"NormalTextRun SCXW237713509 BCX0\">Comme <\/span><span class=\"NormalTextRun AdvancedProofingIssueV2Themed SCXW237713509 BCX0\">tous les<\/span><span class=\"NormalTextRun SCXW237713509 BCX0\"> nos produits<\/span><span class=\"NormalTextRun SCXW237713509 BCX0\">,<\/span><span class=\"NormalTextRun SCXW237713509 BCX0\"> ces t<\/span><span class=\"NormalTextRun SCXW237713509 BCX0\">o<\/span><span class=\"NormalTextRun SCXW237713509 BCX0\">o sont personnalisables<\/span><span class=\"NormalTextRun SCXW237713509 BCX0\">, <\/span><span class=\"NormalTextRun SCXW237713509 BCX0\">si<\/span><span class=\"NormalTextRun SCXW237713509 BCX0\"> que ce soit en largeur ou en longueur, nous <\/span><span class=\"NormalTextRun AdvancedProofingIssueV2Themed SCXW237713509 BCX0\">avoir la capacit\u00e9<\/span><span class=\"NormalTextRun AdvancedProofingIssueV2Themed SCXW237713509 BCX0\"> \u00e0<\/span><span class=\"NormalTextRun SCXW237713509 BCX0\"> Gravure au laser (dans la limite du raisonnable) de la plupart de nos pi\u00e8ces.<\/span><\/span><span class=\"EOP SCXW237713509 BCX0\" data-ccp-props=\"{}\">\u00c2\u00a0<\/span><\/p>\n<\/div>\n<div class=\"OutlineElement Ltr SCXW237713509 BCX0\">\n<p class=\"Paragraph SCXW237713509 BCX0\"><span data-contrast=\"auto\" lang=\"EN-CA\" class=\"TextRun SCXW237713509 BCX0\"><span class=\"NormalTextRun SCXW237713509 BCX0\">\u201cCon\u00e7u pour la passion, con\u00e7u pour l'endurance\u201d.<\/span><\/span><span class=\"EOP SCXW237713509 BCX0\" data-ccp-props=\"{}\">\u00c2\u00a0<\/span><\/p>\n<\/div>","protected":false},"excerpt":{"rendered":"<p>&#8220;STLW&#8221; Leather Restraint Set Our products are made with top-grain shoulder leather, classed in the 7-9oz range, putting it in the thickness range of 2.8-3.6mm. Our leather is not folded for strength, not glued, nor is it sewn to a double thickness for added strength. It is used as it was meant to be, in [&hellip;]<\/p>\n","protected":false},"featured_media":0,"comment_status":"open","ping_status":"closed","template":"","meta":{"_et_pb_use_builder":"","_et_pb_old_content":"","_et_gb_content_width":""},"product_brand":[],"product_cat":[105],"product_tag":[56,50,327,410,104,57,58],"class_list":{"0":"post-4404","1":"product","2":"type-product","3":"status-publish","5":"product_cat-restraint","6":"product_tag-kink","7":"product_tag-leather-3","8":"product_tag-restraint-3","9":"product_tag-sling","10":"product_tag-accessories","11":"product_tag-adult-3","12":"product_tag-fetish-2","14":"first","15":"instock","16":"taxable","17":"shipping-taxable","18":"product-type-simple"},"yoast_head":"<!-- This site is optimized with the Yoast SEO plugin v27.3 - https:\/\/yoast.com\/product\/yoast-seo-wordpress\/ -->\n<title>&quot;STLW&quot; Leather Restraint Set - Silver Triangle Leatherworks<\/title>\n<meta name=\"robots\" content=\"index, follow, max-snippet:-1, max-image-preview:large, max-video-preview:-1\" \/>\n<link rel=\"canonical\" href=\"https:\/\/silvertriangleleatherworks.ca\/fr\/produit\/stlw-leather-restraint-set\/\" \/>\n<meta property=\"og:locale\" content=\"fr_CA\" \/>\n<meta property=\"og:type\" content=\"article\" \/>\n<meta property=\"og:title\" content=\"&quot;STLW&quot; Leather Restraint Set - Silver Triangle Leatherworks\" \/>\n<meta property=\"og:description\" content=\"&#8220;STLW&#8221; Leather Restraint Set Our products are made with top-grain shoulder leather, classed in the 7-9oz range, putting it in the thickness range of 2.8-3.6mm. Our leather is not folded for strength, not glued, nor is it sewn to a double thickness for added strength. It is used as it was meant to be, in [&hellip;]\" \/>\n<meta property=\"og:url\" content=\"https:\/\/silvertriangleleatherworks.ca\/fr\/produit\/stlw-leather-restraint-set\/\" \/>\n<meta property=\"og:site_name\" content=\"Silver Triangle Leatherworks\" \/>\n<meta name=\"twitter:card\" content=\"summary_large_image\" \/>\n<meta name=\"twitter:label1\" content=\"Estimation du temps de lecture\" \/>\n\t<meta name=\"twitter:data1\" content=\"1 minute\" \/>\n<script type=\"application\/ld+json\" class=\"yoast-schema-graph\">{\"@context\":\"https:\\\/\\\/schema.org\",\"@graph\":[{\"@type\":\"WebPage\",\"@id\":\"https:\\\/\\\/silvertriangleleatherworks.ca\\\/product\\\/stlw-leather-restraint-set\\\/\",\"url\":\"https:\\\/\\\/silvertriangleleatherworks.ca\\\/product\\\/stlw-leather-restraint-set\\\/\",\"name\":\"\\\"STLW\\\" Leather Restraint Set - Silver Triangle Leatherworks\",\"isPartOf\":{\"@id\":\"https:\\\/\\\/silvertriangleleatherworks.ca\\\/#website\"},\"datePublished\":\"2026-04-04T20:44:07+00:00\",\"breadcrumb\":{\"@id\":\"https:\\\/\\\/silvertriangleleatherworks.ca\\\/product\\\/stlw-leather-restraint-set\\\/#breadcrumb\"},\"inLanguage\":\"fr-CA\",\"potentialAction\":[{\"@type\":\"ReadAction\",\"target\":[\"https:\\\/\\\/silvertriangleleatherworks.ca\\\/product\\\/stlw-leather-restraint-set\\\/\"]}]},{\"@type\":\"BreadcrumbList\",\"@id\":\"https:\\\/\\\/silvertriangleleatherworks.ca\\\/product\\\/stlw-leather-restraint-set\\\/#breadcrumb\",\"itemListElement\":[{\"@type\":\"ListItem\",\"position\":1,\"name\":\"Home\",\"item\":\"https:\\\/\\\/silvertriangleleatherworks.ca\\\/\"},{\"@type\":\"ListItem\",\"position\":2,\"name\":\"Shop\",\"item\":\"https:\\\/\\\/silvertriangleleatherworks.ca\\\/shopxmade-in-canada-adult-leathergoods\\\/\"},{\"@type\":\"ListItem\",\"position\":3,\"name\":\"&#8220;STLW&#8221; Leather Restraint Set\"}]},{\"@type\":\"WebSite\",\"@id\":\"https:\\\/\\\/silvertriangleleatherworks.ca\\\/#website\",\"url\":\"https:\\\/\\\/silvertriangleleatherworks.ca\\\/\",\"name\":\"Silver Triangle Leatherworks\",\"description\":\"Designed for passion, Crafted for enduranse\",\"potentialAction\":[{\"@type\":\"SearchAction\",\"target\":{\"@type\":\"EntryPoint\",\"urlTemplate\":\"https:\\\/\\\/silvertriangleleatherworks.ca\\\/?s={search_term_string}\"},\"query-input\":{\"@type\":\"PropertyValueSpecification\",\"valueRequired\":true,\"valueName\":\"search_term_string\"}}],\"inLanguage\":\"fr-CA\"}]}<\/script>\n<!-- \/ Yoast SEO plugin. -->","yoast_head_json":{"title":"\"STLW\" Leather Restraint Set - Silver Triangle Leatherworks","robots":{"index":"index","follow":"follow","max-snippet":"max-snippet:-1","max-image-preview":"max-image-preview:large","max-video-preview":"max-video-preview:-1"},"canonical":"https:\/\/silvertriangleleatherworks.ca\/fr\/produit\/stlw-leather-restraint-set\/","og_locale":"fr_CA","og_type":"article","og_title":"\"STLW\" Leather Restraint Set - Silver Triangle Leatherworks","og_description":"&#8220;STLW&#8221; Leather Restraint Set Our products are made with top-grain shoulder leather, classed in the 7-9oz range, putting it in the thickness range of 2.8-3.6mm. Our leather is not folded for strength, not glued, nor is it sewn to a double thickness for added strength. It is used as it was meant to be, in [&hellip;]","og_url":"https:\/\/silvertriangleleatherworks.ca\/fr\/produit\/stlw-leather-restraint-set\/","og_site_name":"Silver Triangle Leatherworks","twitter_card":"summary_large_image","twitter_misc":{"Estimation du temps de lecture":"1 minute"},"schema":{"@context":"https:\/\/schema.org","@graph":[{"@type":"WebPage","@id":"https:\/\/silvertriangleleatherworks.ca\/product\/stlw-leather-restraint-set\/","url":"https:\/\/silvertriangleleatherworks.ca\/product\/stlw-leather-restraint-set\/","name":"\"STLW\" Leather Restraint Set - Silver Triangle Leatherworks","isPartOf":{"@id":"https:\/\/silvertriangleleatherworks.ca\/#website"},"datePublished":"2026-04-04T20:44:07+00:00","breadcrumb":{"@id":"https:\/\/silvertriangleleatherworks.ca\/product\/stlw-leather-restraint-set\/#breadcrumb"},"inLanguage":"fr-CA","potentialAction":[{"@type":"ReadAction","target":["https:\/\/silvertriangleleatherworks.ca\/product\/stlw-leather-restraint-set\/"]}]},{"@type":"BreadcrumbList","@id":"https:\/\/silvertriangleleatherworks.ca\/product\/stlw-leather-restraint-set\/#breadcrumb","itemListElement":[{"@type":"ListItem","position":1,"name":"Home","item":"https:\/\/silvertriangleleatherworks.ca\/"},{"@type":"ListItem","position":2,"name":"Shop","item":"https:\/\/silvertriangleleatherworks.ca\/shopxmade-in-canada-adult-leathergoods\/"},{"@type":"ListItem","position":3,"name":"&#8220;STLW&#8221; Leather Restraint Set"}]},{"@type":"WebSite","@id":"https:\/\/silvertriangleleatherworks.ca\/#website","url":"https:\/\/silvertriangleleatherworks.ca\/","name":"Maroquinerie du Triangle d'Argent","description":"Designed for passion, Crafted for enduranse","potentialAction":[{"@type":"SearchAction","target":{"@type":"EntryPoint","urlTemplate":"https:\/\/silvertriangleleatherworks.ca\/?s={search_term_string}"},"query-input":{"@type":"PropertyValueSpecification","valueRequired":true,"valueName":"search_term_string"}}],"inLanguage":"fr-CA"}]}},"jetpack_sharing_enabled":true,"_links":{"self":[{"href":"https:\/\/silvertriangleleatherworks.ca\/fr\/wp-json\/wp\/v2\/product\/4404","targetHints":{"allow":["GET"]}}],"collection":[{"href":"https:\/\/silvertriangleleatherworks.ca\/fr\/wp-json\/wp\/v2\/product"}],"about":[{"href":"https:\/\/silvertriangleleatherworks.ca\/fr\/wp-json\/wp\/v2\/types\/product"}],"replies":[{"embeddable":true,"href":"https:\/\/silvertriangleleatherworks.ca\/fr\/wp-json\/wp\/v2\/comments?post=4404"}],"wp:attachment":[{"href":"https:\/\/silvertriangleleatherworks.ca\/fr\/wp-json\/wp\/v2\/media?parent=4404"}],"wp:term":[{"taxonomy":"product_brand","embeddable":true,"href":"https:\/\/silvertriangleleatherworks.ca\/fr\/wp-json\/wp\/v2\/product_brand?post=4404"},{"taxonomy":"product_cat","embeddable":true,"href":"https:\/\/silvertriangleleatherworks.ca\/fr\/wp-json\/wp\/v2\/product_cat?post=4404"},{"taxonomy":"product_tag","embeddable":true,"href":"https:\/\/silvertriangleleatherworks.ca\/fr\/wp-json\/wp\/v2\/product_tag?post=4404"}],"curies":[{"name":"wp","href":"https:\/\/api.w.org\/{rel}","templated":true}]}}