{"id":4333,"date":"2026-04-04T20:43:43","date_gmt":"2026-04-04T20:43:43","guid":{"rendered":"https:\/\/silvertriangleleatherworks.ca\/product\/stlw-acrylic-gag-w-leather-strap-and-buckle\/"},"modified":"2026-04-04T20:43:43","modified_gmt":"2026-04-04T20:43:43","slug":"stlw-acrylic-gag-w-leather-strap-and-buckle","status":"publish","type":"product","link":"https:\/\/silvertriangleleatherworks.ca\/fr\/produit\/stlw-acrylic-gag-w-leather-strap-and-buckle\/","title":{"rendered":"\u201cGag en acrylique \u201dSTLW\" avec sangle et boucle en cuir"},"content":{"rendered":"<p>\u201cSTLW\u201d B\u00e2illon en cuir fait \u00e0 la main.<\/p>\n<p class=\"MsoNormal\"><b>Chaque article en cuir \u201cSTLW\u201d est fabriqu\u00e9 \u00e0 la main \u00e0 la taille sp\u00e9cifi\u00e9e.<\/b><br \/>Si vous s\u00e9lectionnez <b>XL-XXL (sur mesure)<\/b> ou si vous avez des exigences particuli\u00e8res en mati\u00e8re d'ajustement, il vous suffit de laisser vos mesures dans le champ de saisie. <b>commentaires \u00e0 la caisse<\/b> - pas de retard, pas de frais suppl\u00e9mentaires.<\/p>\n<p class=\"MsoNormal\">Pour les personnes qui se trouvent entre deux tailles ou qui recherchent une coupe plus personnalis\u00e9e, nous vous encourageons \u00e0 indiquer vos mesures exactes.<\/p>\n<p><b><span style=\"font-size: 12.0pt; line-height: 115%; font-family: 'Aptos',sans-serif; mso-ascii-theme-font: minor-latin; mso-fareast-font-family: Aptos; mso-fareast-theme-font: minor-latin; mso-hansi-theme-font: minor-latin; mso-bidi-font-family: 'Times New Roman'; mso-bidi-theme-font: minor-bidi; mso-ansi-language: EN-CA; mso-fareast-language: EN-US; mso-bidi-language: AR-SA;\">Con\u00e7u pour la passion, con\u00e7u pour l'endurance.<\/span><\/b><span style=\"font-size: 12.0pt; line-height: 115%; font-family: 'Aptos',sans-serif; mso-ascii-theme-font: minor-latin; mso-fareast-font-family: Aptos; mso-fareast-theme-font: minor-latin; mso-hansi-theme-font: minor-latin; mso-bidi-font-family: 'Times New Roman'; mso-bidi-theme-font: minor-bidi; mso-ansi-language: EN-CA; mso-fareast-language: EN-US; mso-bidi-language: AR-SA;\"><br \/>Pour en savoir plus, veuillez consulter notre <a href=\"https:\/\/silvertriangleleatherworks.ca\/fr\/pages\/our-promise-to-you-our-customers\/\" title=\"Notre promesse \u00e0 vous, nos clients\" rel=\"noopener\" target=\"_blank\"><span style=\"mso-field-code: HYPERLINK;\"><span class=\"MsoHyperlink\"><b>Notre promesse<\/b><\/span><\/span><\/a> et notre page <a href=\"https:\/\/silvertriangleleatherworks.ca\/fr\/pages\/warranty\/\" title=\"Notre garantie limit\u00e9e de 5 ans sur les pi\u00e8ces.\"><strong>Garantie<\/strong><\/a> page.<\/span><\/p>","protected":false},"excerpt":{"rendered":"<p>&#8220;STLW&#8221; Hand-Made Leather Bit Gag. Every \u201cSTLW\u201d leather item is handcrafted to your specified size.If you select XL\u2013XXL (Custom) or have special fit requirements, just leave your measurements in the comments at checkout \u2014 no delays, no extra charge. For those between sizes or seeking a more tailored fit, we encourage you to include your [&hellip;]<\/p>\n","protected":false},"featured_media":0,"comment_status":"open","ping_status":"closed","template":"","meta":{"_et_pb_use_builder":"","_et_pb_old_content":"","_et_gb_content_width":""},"product_brand":[],"product_cat":[19],"product_tag":[37,96,123,472,326,56,49,120],"class_list":{"0":"post-4333","1":"product","2":"type-product","3":"status-publish","5":"product_cat-uncategorized","6":"product_tag-adult-2","7":"product_tag-erotica","8":"product_tag-fetish-3","9":"product_tag-gag-3","10":"product_tag-headgear","11":"product_tag-kink","12":"product_tag-leather-2","13":"product_tag-restraint","15":"first","16":"instock","17":"taxable","18":"shipping-taxable","19":"product-type-simple"},"yoast_head":"<!-- This site is optimized with the Yoast SEO plugin v27.3 - https:\/\/yoast.com\/product\/yoast-seo-wordpress\/ -->\n<title>&quot;STLW&quot; Acrylic Gag w\/Leather Strap and Buckle - Silver Triangle Leatherworks<\/title>\n<meta name=\"robots\" content=\"index, follow, max-snippet:-1, max-image-preview:large, max-video-preview:-1\" \/>\n<link rel=\"canonical\" href=\"https:\/\/silvertriangleleatherworks.ca\/fr\/produit\/stlw-acrylic-gag-w-leather-strap-and-buckle\/\" \/>\n<meta property=\"og:locale\" content=\"fr_CA\" \/>\n<meta property=\"og:type\" content=\"article\" \/>\n<meta property=\"og:title\" content=\"&quot;STLW&quot; Acrylic Gag w\/Leather Strap and Buckle - Silver Triangle Leatherworks\" \/>\n<meta property=\"og:description\" content=\"&#8220;STLW&#8221; Hand-Made Leather Bit Gag. Every \u201cSTLW\u201d leather item is handcrafted to your specified size.If you select XL\u2013XXL (Custom) or have special fit requirements, just leave your measurements in the comments at checkout \u2014 no delays, no extra charge. For those between sizes or seeking a more tailored fit, we encourage you to include your [&hellip;]\" \/>\n<meta property=\"og:url\" content=\"https:\/\/silvertriangleleatherworks.ca\/fr\/produit\/stlw-acrylic-gag-w-leather-strap-and-buckle\/\" \/>\n<meta property=\"og:site_name\" content=\"Silver Triangle Leatherworks\" \/>\n<meta name=\"twitter:card\" content=\"summary_large_image\" \/>\n<script type=\"application\/ld+json\" class=\"yoast-schema-graph\">{\"@context\":\"https:\\\/\\\/schema.org\",\"@graph\":[{\"@type\":\"WebPage\",\"@id\":\"https:\\\/\\\/silvertriangleleatherworks.ca\\\/product\\\/stlw-acrylic-gag-w-leather-strap-and-buckle\\\/\",\"url\":\"https:\\\/\\\/silvertriangleleatherworks.ca\\\/product\\\/stlw-acrylic-gag-w-leather-strap-and-buckle\\\/\",\"name\":\"\\\"STLW\\\" Acrylic Gag w\\\/Leather Strap and Buckle - Silver Triangle Leatherworks\",\"isPartOf\":{\"@id\":\"https:\\\/\\\/silvertriangleleatherworks.ca\\\/#website\"},\"datePublished\":\"2026-04-04T20:43:43+00:00\",\"breadcrumb\":{\"@id\":\"https:\\\/\\\/silvertriangleleatherworks.ca\\\/product\\\/stlw-acrylic-gag-w-leather-strap-and-buckle\\\/#breadcrumb\"},\"inLanguage\":\"fr-CA\",\"potentialAction\":[{\"@type\":\"ReadAction\",\"target\":[\"https:\\\/\\\/silvertriangleleatherworks.ca\\\/product\\\/stlw-acrylic-gag-w-leather-strap-and-buckle\\\/\"]}]},{\"@type\":\"BreadcrumbList\",\"@id\":\"https:\\\/\\\/silvertriangleleatherworks.ca\\\/product\\\/stlw-acrylic-gag-w-leather-strap-and-buckle\\\/#breadcrumb\",\"itemListElement\":[{\"@type\":\"ListItem\",\"position\":1,\"name\":\"Home\",\"item\":\"https:\\\/\\\/silvertriangleleatherworks.ca\\\/\"},{\"@type\":\"ListItem\",\"position\":2,\"name\":\"Shop\",\"item\":\"https:\\\/\\\/silvertriangleleatherworks.ca\\\/shopxmade-in-canada-adult-leathergoods\\\/\"},{\"@type\":\"ListItem\",\"position\":3,\"name\":\"&#8220;STLW&#8221; Acrylic Gag w\\\/Leather Strap and Buckle\"}]},{\"@type\":\"WebSite\",\"@id\":\"https:\\\/\\\/silvertriangleleatherworks.ca\\\/#website\",\"url\":\"https:\\\/\\\/silvertriangleleatherworks.ca\\\/\",\"name\":\"Silver Triangle Leatherworks\",\"description\":\"Designed for passion, Crafted for enduranse\",\"potentialAction\":[{\"@type\":\"SearchAction\",\"target\":{\"@type\":\"EntryPoint\",\"urlTemplate\":\"https:\\\/\\\/silvertriangleleatherworks.ca\\\/?s={search_term_string}\"},\"query-input\":{\"@type\":\"PropertyValueSpecification\",\"valueRequired\":true,\"valueName\":\"search_term_string\"}}],\"inLanguage\":\"fr-CA\"}]}<\/script>\n<!-- \/ Yoast SEO plugin. -->","yoast_head_json":{"title":"\"STLW\" Acrylic Gag w\/Leather Strap and Buckle - Silver Triangle Leatherworks","robots":{"index":"index","follow":"follow","max-snippet":"max-snippet:-1","max-image-preview":"max-image-preview:large","max-video-preview":"max-video-preview:-1"},"canonical":"https:\/\/silvertriangleleatherworks.ca\/fr\/produit\/stlw-acrylic-gag-w-leather-strap-and-buckle\/","og_locale":"fr_CA","og_type":"article","og_title":"\"STLW\" Acrylic Gag w\/Leather Strap and Buckle - Silver Triangle Leatherworks","og_description":"&#8220;STLW&#8221; Hand-Made Leather Bit Gag. Every \u201cSTLW\u201d leather item is handcrafted to your specified size.If you select XL\u2013XXL (Custom) or have special fit requirements, just leave your measurements in the comments at checkout \u2014 no delays, no extra charge. For those between sizes or seeking a more tailored fit, we encourage you to include your [&hellip;]","og_url":"https:\/\/silvertriangleleatherworks.ca\/fr\/produit\/stlw-acrylic-gag-w-leather-strap-and-buckle\/","og_site_name":"Silver Triangle Leatherworks","twitter_card":"summary_large_image","schema":{"@context":"https:\/\/schema.org","@graph":[{"@type":"WebPage","@id":"https:\/\/silvertriangleleatherworks.ca\/product\/stlw-acrylic-gag-w-leather-strap-and-buckle\/","url":"https:\/\/silvertriangleleatherworks.ca\/product\/stlw-acrylic-gag-w-leather-strap-and-buckle\/","name":"\"STLW\" Acrylic Gag w\/Leather Strap and Buckle - Silver Triangle Leatherworks","isPartOf":{"@id":"https:\/\/silvertriangleleatherworks.ca\/#website"},"datePublished":"2026-04-04T20:43:43+00:00","breadcrumb":{"@id":"https:\/\/silvertriangleleatherworks.ca\/product\/stlw-acrylic-gag-w-leather-strap-and-buckle\/#breadcrumb"},"inLanguage":"fr-CA","potentialAction":[{"@type":"ReadAction","target":["https:\/\/silvertriangleleatherworks.ca\/product\/stlw-acrylic-gag-w-leather-strap-and-buckle\/"]}]},{"@type":"BreadcrumbList","@id":"https:\/\/silvertriangleleatherworks.ca\/product\/stlw-acrylic-gag-w-leather-strap-and-buckle\/#breadcrumb","itemListElement":[{"@type":"ListItem","position":1,"name":"Home","item":"https:\/\/silvertriangleleatherworks.ca\/"},{"@type":"ListItem","position":2,"name":"Shop","item":"https:\/\/silvertriangleleatherworks.ca\/shopxmade-in-canada-adult-leathergoods\/"},{"@type":"ListItem","position":3,"name":"&#8220;STLW&#8221; Acrylic Gag w\/Leather Strap and Buckle"}]},{"@type":"WebSite","@id":"https:\/\/silvertriangleleatherworks.ca\/#website","url":"https:\/\/silvertriangleleatherworks.ca\/","name":"Maroquinerie du Triangle d'Argent","description":"Designed for passion, Crafted for enduranse","potentialAction":[{"@type":"SearchAction","target":{"@type":"EntryPoint","urlTemplate":"https:\/\/silvertriangleleatherworks.ca\/?s={search_term_string}"},"query-input":{"@type":"PropertyValueSpecification","valueRequired":true,"valueName":"search_term_string"}}],"inLanguage":"fr-CA"}]}},"jetpack_sharing_enabled":true,"_links":{"self":[{"href":"https:\/\/silvertriangleleatherworks.ca\/fr\/wp-json\/wp\/v2\/product\/4333","targetHints":{"allow":["GET"]}}],"collection":[{"href":"https:\/\/silvertriangleleatherworks.ca\/fr\/wp-json\/wp\/v2\/product"}],"about":[{"href":"https:\/\/silvertriangleleatherworks.ca\/fr\/wp-json\/wp\/v2\/types\/product"}],"replies":[{"embeddable":true,"href":"https:\/\/silvertriangleleatherworks.ca\/fr\/wp-json\/wp\/v2\/comments?post=4333"}],"wp:attachment":[{"href":"https:\/\/silvertriangleleatherworks.ca\/fr\/wp-json\/wp\/v2\/media?parent=4333"}],"wp:term":[{"taxonomy":"product_brand","embeddable":true,"href":"https:\/\/silvertriangleleatherworks.ca\/fr\/wp-json\/wp\/v2\/product_brand?post=4333"},{"taxonomy":"product_cat","embeddable":true,"href":"https:\/\/silvertriangleleatherworks.ca\/fr\/wp-json\/wp\/v2\/product_cat?post=4333"},{"taxonomy":"product_tag","embeddable":true,"href":"https:\/\/silvertriangleleatherworks.ca\/fr\/wp-json\/wp\/v2\/product_tag?post=4333"}],"curies":[{"name":"wp","href":"https:\/\/api.w.org\/{rel}","templated":true}]}}