{"id":4307,"date":"2026-04-04T20:43:35","date_gmt":"2026-04-04T20:43:35","guid":{"rendered":"https:\/\/silvertriangleleatherworks.ca\/product\/stlw-leather-v-harness\/"},"modified":"2026-04-04T20:43:36","modified_gmt":"2026-04-04T20:43:36","slug":"stlw-leather-v-harness","status":"publish","type":"product","link":"https:\/\/silvertriangleleatherworks.ca\/fr\/produit\/stlw-leather-v-harness\/","title":{"rendered":"\u201cHarnais en cuir en \u201dV\u201c \u201dSTLW"},"content":{"rendered":"<p class=\"MsoNormal\"><b>Chaque article en cuir \u201cSTLW\u201d est fabriqu\u00e9 \u00e0 la main \u00e0 la taille sp\u00e9cifi\u00e9e.<\/b><br \/>Si vous s\u00e9lectionnez <b>XL-XXL (sur mesure)<\/b> ou si vous avez des exigences particuli\u00e8res en mati\u00e8re d'ajustement, il vous suffit de laisser vos mesures dans le champ de saisie. <b>commentaires \u00e0 la caisse<\/b> - pas de retard, pas de frais suppl\u00e9mentaires.<\/p>\n<p class=\"MsoNormal\">Pour les personnes qui se trouvent entre deux tailles ou qui recherchent une coupe plus personnalis\u00e9e, nous vous encourageons \u00e0 indiquer vos mesures exactes.<\/p>\n<p class=\"MsoNormal\"><b>Con\u00e7u pour la passion, con\u00e7u pour l'endurance.<\/b><br \/>Pour en savoir plus, veuillez consulter notre <span style=\"mso-field-code: 'HYPERLINK '&quot;&quot;;\"><span class=\"MsoHyperlink\"><b>Notre promesse<\/b><\/span><\/span> page.<\/p>","protected":false},"excerpt":{"rendered":"<p>Every \u201cSTLW\u201d leather item is handcrafted to your specified size.If you select XL\u2013XXL (Custom) or have special fit requirements, just leave your measurements in the comments at checkout \u2014 no delays, no extra charge. For those between sizes or seeking a more tailored fit, we encourage you to include your exact measurements. Crafted for passion, [&hellip;]<\/p>\n","protected":false},"featured_media":4306,"comment_status":"open","ping_status":"closed","template":"","meta":{"_et_pb_use_builder":"","_et_pb_old_content":"","_et_gb_content_width":""},"product_brand":[],"product_cat":[344],"product_tag":[37,35,144,56,50,49,327,104,57,58,145],"class_list":{"0":"post-4307","1":"product","2":"type-product","3":"status-publish","4":"has-post-thumbnail","6":"product_cat-mens-harnesses","7":"product_tag-adult-2","8":"product_tag-adultleathercalgary","9":"product_tag-harness","10":"product_tag-kink","11":"product_tag-leather-3","12":"product_tag-leather-2","13":"product_tag-restraint-3","14":"product_tag-accessories","15":"product_tag-adult-3","16":"product_tag-fetish-2","17":"product_tag-male","19":"first","20":"instock","21":"taxable","22":"shipping-taxable","23":"product-type-simple"},"yoast_head":"<!-- This site is optimized with the Yoast SEO plugin v27.3 - https:\/\/yoast.com\/product\/yoast-seo-wordpress\/ -->\n<title>&quot;STLW&quot; Leather &quot;V&quot; Harness - Silver Triangle Leatherworks<\/title>\n<meta name=\"robots\" content=\"index, follow, max-snippet:-1, max-image-preview:large, max-video-preview:-1\" \/>\n<link rel=\"canonical\" href=\"https:\/\/silvertriangleleatherworks.ca\/fr\/produit\/stlw-leather-v-harness\/\" \/>\n<meta property=\"og:locale\" content=\"fr_CA\" \/>\n<meta property=\"og:type\" content=\"article\" \/>\n<meta property=\"og:title\" content=\"&quot;STLW&quot; Leather &quot;V&quot; Harness - Silver Triangle Leatherworks\" \/>\n<meta property=\"og:description\" content=\"Every \u201cSTLW\u201d leather item is handcrafted to your specified size.If you select XL\u2013XXL (Custom) or have special fit requirements, just leave your measurements in the comments at checkout \u2014 no delays, no extra charge. For those between sizes or seeking a more tailored fit, we encourage you to include your exact measurements. Crafted for passion, [&hellip;]\" \/>\n<meta property=\"og:url\" content=\"https:\/\/silvertriangleleatherworks.ca\/fr\/produit\/stlw-leather-v-harness\/\" \/>\n<meta property=\"og:site_name\" content=\"Silver Triangle Leatherworks\" \/>\n<meta property=\"article:modified_time\" content=\"2026-04-04T20:43:36+00:00\" \/>\n<meta name=\"twitter:card\" content=\"summary_large_image\" \/>\n<script type=\"application\/ld+json\" class=\"yoast-schema-graph\">{\"@context\":\"https:\\\/\\\/schema.org\",\"@graph\":[{\"@type\":\"WebPage\",\"@id\":\"https:\\\/\\\/silvertriangleleatherworks.ca\\\/product\\\/stlw-leather-v-harness\\\/\",\"url\":\"https:\\\/\\\/silvertriangleleatherworks.ca\\\/product\\\/stlw-leather-v-harness\\\/\",\"name\":\"\\\"STLW\\\" Leather \\\"V\\\" Harness - Silver Triangle Leatherworks\",\"isPartOf\":{\"@id\":\"https:\\\/\\\/silvertriangleleatherworks.ca\\\/#website\"},\"primaryImageOfPage\":{\"@id\":\"https:\\\/\\\/silvertriangleleatherworks.ca\\\/product\\\/stlw-leather-v-harness\\\/#primaryimage\"},\"image\":{\"@id\":\"https:\\\/\\\/silvertriangleleatherworks.ca\\\/product\\\/stlw-leather-v-harness\\\/#primaryimage\"},\"thumbnailUrl\":\"https:\\\/\\\/silvertriangleleatherworks.ca\\\/wp-content\\\/uploads\\\/2026\\\/04\\\/mens_v_harness.jpg\",\"datePublished\":\"2026-04-04T20:43:35+00:00\",\"dateModified\":\"2026-04-04T20:43:36+00:00\",\"breadcrumb\":{\"@id\":\"https:\\\/\\\/silvertriangleleatherworks.ca\\\/product\\\/stlw-leather-v-harness\\\/#breadcrumb\"},\"inLanguage\":\"fr-CA\",\"potentialAction\":[{\"@type\":\"ReadAction\",\"target\":[\"https:\\\/\\\/silvertriangleleatherworks.ca\\\/product\\\/stlw-leather-v-harness\\\/\"]}]},{\"@type\":\"ImageObject\",\"inLanguage\":\"fr-CA\",\"@id\":\"https:\\\/\\\/silvertriangleleatherworks.ca\\\/product\\\/stlw-leather-v-harness\\\/#primaryimage\",\"url\":\"https:\\\/\\\/silvertriangleleatherworks.ca\\\/wp-content\\\/uploads\\\/2026\\\/04\\\/mens_v_harness.jpg\",\"contentUrl\":\"https:\\\/\\\/silvertriangleleatherworks.ca\\\/wp-content\\\/uploads\\\/2026\\\/04\\\/mens_v_harness.jpg\",\"width\":1032,\"height\":1032},{\"@type\":\"BreadcrumbList\",\"@id\":\"https:\\\/\\\/silvertriangleleatherworks.ca\\\/product\\\/stlw-leather-v-harness\\\/#breadcrumb\",\"itemListElement\":[{\"@type\":\"ListItem\",\"position\":1,\"name\":\"Home\",\"item\":\"https:\\\/\\\/silvertriangleleatherworks.ca\\\/\"},{\"@type\":\"ListItem\",\"position\":2,\"name\":\"Shop\",\"item\":\"https:\\\/\\\/silvertriangleleatherworks.ca\\\/shopxmade-in-canada-adult-leathergoods\\\/\"},{\"@type\":\"ListItem\",\"position\":3,\"name\":\"&#8220;STLW&#8221; Leather &#8220;V&#8221; Harness\"}]},{\"@type\":\"WebSite\",\"@id\":\"https:\\\/\\\/silvertriangleleatherworks.ca\\\/#website\",\"url\":\"https:\\\/\\\/silvertriangleleatherworks.ca\\\/\",\"name\":\"Silver Triangle Leatherworks\",\"description\":\"Designed for passion, Crafted for enduranse\",\"potentialAction\":[{\"@type\":\"SearchAction\",\"target\":{\"@type\":\"EntryPoint\",\"urlTemplate\":\"https:\\\/\\\/silvertriangleleatherworks.ca\\\/?s={search_term_string}\"},\"query-input\":{\"@type\":\"PropertyValueSpecification\",\"valueRequired\":true,\"valueName\":\"search_term_string\"}}],\"inLanguage\":\"fr-CA\"}]}<\/script>\n<!-- \/ Yoast SEO plugin. -->","yoast_head_json":{"title":"\"STLW\" Leather \"V\" Harness - Silver Triangle Leatherworks","robots":{"index":"index","follow":"follow","max-snippet":"max-snippet:-1","max-image-preview":"max-image-preview:large","max-video-preview":"max-video-preview:-1"},"canonical":"https:\/\/silvertriangleleatherworks.ca\/fr\/produit\/stlw-leather-v-harness\/","og_locale":"fr_CA","og_type":"article","og_title":"\"STLW\" Leather \"V\" Harness - Silver Triangle Leatherworks","og_description":"Every \u201cSTLW\u201d leather item is handcrafted to your specified size.If you select XL\u2013XXL (Custom) or have special fit requirements, just leave your measurements in the comments at checkout \u2014 no delays, no extra charge. For those between sizes or seeking a more tailored fit, we encourage you to include your exact measurements. Crafted for passion, [&hellip;]","og_url":"https:\/\/silvertriangleleatherworks.ca\/fr\/produit\/stlw-leather-v-harness\/","og_site_name":"Silver Triangle Leatherworks","article_modified_time":"2026-04-04T20:43:36+00:00","twitter_card":"summary_large_image","schema":{"@context":"https:\/\/schema.org","@graph":[{"@type":"WebPage","@id":"https:\/\/silvertriangleleatherworks.ca\/product\/stlw-leather-v-harness\/","url":"https:\/\/silvertriangleleatherworks.ca\/product\/stlw-leather-v-harness\/","name":"\"STLW\" Leather \"V\" Harness - Silver Triangle Leatherworks","isPartOf":{"@id":"https:\/\/silvertriangleleatherworks.ca\/#website"},"primaryImageOfPage":{"@id":"https:\/\/silvertriangleleatherworks.ca\/product\/stlw-leather-v-harness\/#primaryimage"},"image":{"@id":"https:\/\/silvertriangleleatherworks.ca\/product\/stlw-leather-v-harness\/#primaryimage"},"thumbnailUrl":"https:\/\/silvertriangleleatherworks.ca\/wp-content\/uploads\/2026\/04\/mens_v_harness.jpg","datePublished":"2026-04-04T20:43:35+00:00","dateModified":"2026-04-04T20:43:36+00:00","breadcrumb":{"@id":"https:\/\/silvertriangleleatherworks.ca\/product\/stlw-leather-v-harness\/#breadcrumb"},"inLanguage":"fr-CA","potentialAction":[{"@type":"ReadAction","target":["https:\/\/silvertriangleleatherworks.ca\/product\/stlw-leather-v-harness\/"]}]},{"@type":"ImageObject","inLanguage":"fr-CA","@id":"https:\/\/silvertriangleleatherworks.ca\/product\/stlw-leather-v-harness\/#primaryimage","url":"https:\/\/silvertriangleleatherworks.ca\/wp-content\/uploads\/2026\/04\/mens_v_harness.jpg","contentUrl":"https:\/\/silvertriangleleatherworks.ca\/wp-content\/uploads\/2026\/04\/mens_v_harness.jpg","width":1032,"height":1032},{"@type":"BreadcrumbList","@id":"https:\/\/silvertriangleleatherworks.ca\/product\/stlw-leather-v-harness\/#breadcrumb","itemListElement":[{"@type":"ListItem","position":1,"name":"Home","item":"https:\/\/silvertriangleleatherworks.ca\/"},{"@type":"ListItem","position":2,"name":"Shop","item":"https:\/\/silvertriangleleatherworks.ca\/shopxmade-in-canada-adult-leathergoods\/"},{"@type":"ListItem","position":3,"name":"&#8220;STLW&#8221; Leather &#8220;V&#8221; Harness"}]},{"@type":"WebSite","@id":"https:\/\/silvertriangleleatherworks.ca\/#website","url":"https:\/\/silvertriangleleatherworks.ca\/","name":"Maroquinerie du Triangle d'Argent","description":"Designed for passion, Crafted for enduranse","potentialAction":[{"@type":"SearchAction","target":{"@type":"EntryPoint","urlTemplate":"https:\/\/silvertriangleleatherworks.ca\/?s={search_term_string}"},"query-input":{"@type":"PropertyValueSpecification","valueRequired":true,"valueName":"search_term_string"}}],"inLanguage":"fr-CA"}]}},"jetpack_sharing_enabled":true,"_links":{"self":[{"href":"https:\/\/silvertriangleleatherworks.ca\/fr\/wp-json\/wp\/v2\/product\/4307","targetHints":{"allow":["GET"]}}],"collection":[{"href":"https:\/\/silvertriangleleatherworks.ca\/fr\/wp-json\/wp\/v2\/product"}],"about":[{"href":"https:\/\/silvertriangleleatherworks.ca\/fr\/wp-json\/wp\/v2\/types\/product"}],"replies":[{"embeddable":true,"href":"https:\/\/silvertriangleleatherworks.ca\/fr\/wp-json\/wp\/v2\/comments?post=4307"}],"wp:featuredmedia":[{"embeddable":true,"href":"https:\/\/silvertriangleleatherworks.ca\/fr\/wp-json\/wp\/v2\/media\/4306"}],"wp:attachment":[{"href":"https:\/\/silvertriangleleatherworks.ca\/fr\/wp-json\/wp\/v2\/media?parent=4307"}],"wp:term":[{"taxonomy":"product_brand","embeddable":true,"href":"https:\/\/silvertriangleleatherworks.ca\/fr\/wp-json\/wp\/v2\/product_brand?post=4307"},{"taxonomy":"product_cat","embeddable":true,"href":"https:\/\/silvertriangleleatherworks.ca\/fr\/wp-json\/wp\/v2\/product_cat?post=4307"},{"taxonomy":"product_tag","embeddable":true,"href":"https:\/\/silvertriangleleatherworks.ca\/fr\/wp-json\/wp\/v2\/product_tag?post=4307"}],"curies":[{"name":"wp","href":"https:\/\/api.w.org\/{rel}","templated":true}]}}