{"id":4267,"date":"2026-04-04T20:43:22","date_gmt":"2026-04-04T20:43:22","guid":{"rendered":"https:\/\/silvertriangleleatherworks.ca\/product\/double-leather-garter\/"},"modified":"2026-04-04T20:43:22","modified_gmt":"2026-04-04T20:43:22","slug":"double-leather-garter","status":"publish","type":"product","link":"https:\/\/silvertriangleleatherworks.ca\/fr\/produit\/double-leather-garter\/","title":{"rendered":"Jarreti\u00e8re double en cuir"},"content":{"rendered":"<p>Double leather Garter<\/p>\n<div class=\"OutlineElement Ltr SCXW245134472 BCX0\"><\/div>\n<div class=\"OutlineElement Ltr SCXW245134472 BCX0\">\n<p class=\"Paragraph SCXW245134472 BCX0\"><span data-contrast=\"auto\" lang=\"EN-CA\" class=\"TextRun SCXW245134472 BCX0\"><span class=\"NormalTextRun SCXW245134472 BCX0\">Minimal, sexy, and steady. Two slim thigh straps are linked by center O-rings for a sleek, caged look that stays put. Each strap adjusts independently so you can wear them high on the thigh or a little lower for layering with stockings, lingerie, or club fits.<\/span><\/span><\/p>\n<\/div>\n<div class=\"OutlineElement Ltr SCXW245134472 BCX0\">\n<p class=\"MsoNormal\"><b><span style=\"font-family: 'Roboto Condensed Black';\">\u201cCon\u00e7u pour la passion, con\u00e7u pour l'endurance\u201d.\u201d<\/span><\/b><span style=\"font-family: 'Roboto Condensed Black';\"><\/span><\/p>\n<p class=\"MsoNormal\"><b><span style=\"font-family: 'Roboto Condensed Black';\">Fabriqu\u00e9 \u00e0 la main \u00e0 Calgary, Alberta, Canada. Nous n'utilisons que du cuir Top-Grain pour la durabilit\u00e9.<\/span><\/b><span style=\"font-family: 'Roboto Condensed Black';\"><\/span><\/p>\n<p class=\"MsoNormal\"><b><span style=\"font-family: 'Roboto Condensed Black';\">Cousu \u00e0 la main l\u00e0 o\u00f9 c'est n\u00e9cessaire avec du fil cir\u00e9 HD.<\/span><\/b><span style=\"font-family: 'Roboto Condensed Black';\"><\/span><\/p>\n<p class=\"MsoNormal\"><b><span style=\"font-family: 'Roboto Condensed Black';\">Veuillez utiliser la section des commentaires lors de la commande pour toute exigence de taille sp\u00e9cifique.<\/span><\/b><span style=\"font-family: 'Roboto Condensed Black';\"><\/span><\/p>\n<p class=\"MsoNormal\"><b><span style=\"font-family: 'Roboto Condensed Black';\">Nettoyer avec un chiffon humide. Entretenir p\u00e9riodiquement le cuir pour en pr\u00e9server la souplesse.<\/p>\n<p>Exp\u00e9dition possible dans le monde entier.<\/span><\/b><span style=\"font-family: 'Roboto Condensed Black';\"><\/span><\/p>\n<p class=\"MsoNormal\"><b><span style=\"font-family: 'Roboto Condensed Black';\">Vous avez des questions ? Contactez-nous \u00e0 l'adresse info@silvertriangleleatherworks.ca<\/span><\/b><span style=\"font-family: 'Roboto Condensed Black';\"><\/span><\/p>\n<\/div>","protected":false},"excerpt":{"rendered":"<p>Double leather Garter Minimal, sexy, and steady. Two slim thigh straps are linked by center O-rings for a sleek, caged look that stays put. Each strap adjusts independently so you can wear them high on the thigh or a little lower for layering with stockings, lingerie, or club fits. &#8220;Crafted for Passion, Designed for Endurance&#8221; [&hellip;]<\/p>\n","protected":false},"featured_media":0,"comment_status":"open","ping_status":"closed","template":"","meta":{"_et_pb_use_builder":"","_et_pb_old_content":"","_et_gb_content_width":""},"product_brand":[],"product_cat":[344],"product_tag":[37,122,456,56,50],"class_list":{"0":"post-4267","1":"product","2":"type-product","3":"status-publish","5":"product_cat-mens-harnesses","6":"product_tag-adult-2","7":"product_tag-female","8":"product_tag-garter","9":"product_tag-kink","10":"product_tag-leather-3","12":"first","13":"instock","14":"taxable","15":"shipping-taxable","16":"product-type-simple"},"yoast_head":"<!-- This site is optimized with the Yoast SEO plugin v27.3 - https:\/\/yoast.com\/product\/yoast-seo-wordpress\/ -->\n<title>Double Leather Garter - Silver Triangle Leatherworks<\/title>\n<meta name=\"robots\" content=\"index, follow, max-snippet:-1, max-image-preview:large, max-video-preview:-1\" \/>\n<link rel=\"canonical\" href=\"https:\/\/silvertriangleleatherworks.ca\/fr\/produit\/double-leather-garter\/\" \/>\n<meta property=\"og:locale\" content=\"fr_CA\" \/>\n<meta property=\"og:type\" content=\"article\" \/>\n<meta property=\"og:title\" content=\"Double Leather Garter - Silver Triangle Leatherworks\" \/>\n<meta property=\"og:description\" content=\"Double leather Garter Minimal, sexy, and steady. Two slim thigh straps are linked by center O-rings for a sleek, caged look that stays put. Each strap adjusts independently so you can wear them high on the thigh or a little lower for layering with stockings, lingerie, or club fits. &#8220;Crafted for Passion, Designed for Endurance&#8221; [&hellip;]\" \/>\n<meta property=\"og:url\" content=\"https:\/\/silvertriangleleatherworks.ca\/fr\/produit\/double-leather-garter\/\" \/>\n<meta property=\"og:site_name\" content=\"Silver Triangle Leatherworks\" \/>\n<meta name=\"twitter:card\" content=\"summary_large_image\" \/>\n<meta name=\"twitter:label1\" content=\"Estimation du temps de lecture\" \/>\n\t<meta name=\"twitter:data1\" content=\"1 minute\" \/>\n<script type=\"application\/ld+json\" class=\"yoast-schema-graph\">{\"@context\":\"https:\\\/\\\/schema.org\",\"@graph\":[{\"@type\":\"WebPage\",\"@id\":\"https:\\\/\\\/silvertriangleleatherworks.ca\\\/product\\\/double-leather-garter\\\/\",\"url\":\"https:\\\/\\\/silvertriangleleatherworks.ca\\\/product\\\/double-leather-garter\\\/\",\"name\":\"Double Leather Garter - Silver Triangle Leatherworks\",\"isPartOf\":{\"@id\":\"https:\\\/\\\/silvertriangleleatherworks.ca\\\/#website\"},\"datePublished\":\"2026-04-04T20:43:22+00:00\",\"breadcrumb\":{\"@id\":\"https:\\\/\\\/silvertriangleleatherworks.ca\\\/product\\\/double-leather-garter\\\/#breadcrumb\"},\"inLanguage\":\"fr-CA\",\"potentialAction\":[{\"@type\":\"ReadAction\",\"target\":[\"https:\\\/\\\/silvertriangleleatherworks.ca\\\/product\\\/double-leather-garter\\\/\"]}]},{\"@type\":\"BreadcrumbList\",\"@id\":\"https:\\\/\\\/silvertriangleleatherworks.ca\\\/product\\\/double-leather-garter\\\/#breadcrumb\",\"itemListElement\":[{\"@type\":\"ListItem\",\"position\":1,\"name\":\"Home\",\"item\":\"https:\\\/\\\/silvertriangleleatherworks.ca\\\/\"},{\"@type\":\"ListItem\",\"position\":2,\"name\":\"Shop\",\"item\":\"https:\\\/\\\/silvertriangleleatherworks.ca\\\/shopxmade-in-canada-adult-leathergoods\\\/\"},{\"@type\":\"ListItem\",\"position\":3,\"name\":\"Double Leather Garter\"}]},{\"@type\":\"WebSite\",\"@id\":\"https:\\\/\\\/silvertriangleleatherworks.ca\\\/#website\",\"url\":\"https:\\\/\\\/silvertriangleleatherworks.ca\\\/\",\"name\":\"Silver Triangle Leatherworks\",\"description\":\"Designed for passion, Crafted for enduranse\",\"potentialAction\":[{\"@type\":\"SearchAction\",\"target\":{\"@type\":\"EntryPoint\",\"urlTemplate\":\"https:\\\/\\\/silvertriangleleatherworks.ca\\\/?s={search_term_string}\"},\"query-input\":{\"@type\":\"PropertyValueSpecification\",\"valueRequired\":true,\"valueName\":\"search_term_string\"}}],\"inLanguage\":\"fr-CA\"}]}<\/script>\n<!-- \/ Yoast SEO plugin. -->","yoast_head_json":{"title":"Double Leather Garter - Silver Triangle Leatherworks","robots":{"index":"index","follow":"follow","max-snippet":"max-snippet:-1","max-image-preview":"max-image-preview:large","max-video-preview":"max-video-preview:-1"},"canonical":"https:\/\/silvertriangleleatherworks.ca\/fr\/produit\/double-leather-garter\/","og_locale":"fr_CA","og_type":"article","og_title":"Double Leather Garter - Silver Triangle Leatherworks","og_description":"Double leather Garter Minimal, sexy, and steady. Two slim thigh straps are linked by center O-rings for a sleek, caged look that stays put. Each strap adjusts independently so you can wear them high on the thigh or a little lower for layering with stockings, lingerie, or club fits. &#8220;Crafted for Passion, Designed for Endurance&#8221; [&hellip;]","og_url":"https:\/\/silvertriangleleatherworks.ca\/fr\/produit\/double-leather-garter\/","og_site_name":"Silver Triangle Leatherworks","twitter_card":"summary_large_image","twitter_misc":{"Estimation du temps de lecture":"1 minute"},"schema":{"@context":"https:\/\/schema.org","@graph":[{"@type":"WebPage","@id":"https:\/\/silvertriangleleatherworks.ca\/product\/double-leather-garter\/","url":"https:\/\/silvertriangleleatherworks.ca\/product\/double-leather-garter\/","name":"Double Leather Garter - Silver Triangle Leatherworks","isPartOf":{"@id":"https:\/\/silvertriangleleatherworks.ca\/#website"},"datePublished":"2026-04-04T20:43:22+00:00","breadcrumb":{"@id":"https:\/\/silvertriangleleatherworks.ca\/product\/double-leather-garter\/#breadcrumb"},"inLanguage":"fr-CA","potentialAction":[{"@type":"ReadAction","target":["https:\/\/silvertriangleleatherworks.ca\/product\/double-leather-garter\/"]}]},{"@type":"BreadcrumbList","@id":"https:\/\/silvertriangleleatherworks.ca\/product\/double-leather-garter\/#breadcrumb","itemListElement":[{"@type":"ListItem","position":1,"name":"Home","item":"https:\/\/silvertriangleleatherworks.ca\/"},{"@type":"ListItem","position":2,"name":"Shop","item":"https:\/\/silvertriangleleatherworks.ca\/shopxmade-in-canada-adult-leathergoods\/"},{"@type":"ListItem","position":3,"name":"Double Leather Garter"}]},{"@type":"WebSite","@id":"https:\/\/silvertriangleleatherworks.ca\/#website","url":"https:\/\/silvertriangleleatherworks.ca\/","name":"Maroquinerie du Triangle d'Argent","description":"Designed for passion, Crafted for enduranse","potentialAction":[{"@type":"SearchAction","target":{"@type":"EntryPoint","urlTemplate":"https:\/\/silvertriangleleatherworks.ca\/?s={search_term_string}"},"query-input":{"@type":"PropertyValueSpecification","valueRequired":true,"valueName":"search_term_string"}}],"inLanguage":"fr-CA"}]}},"jetpack_sharing_enabled":true,"_links":{"self":[{"href":"https:\/\/silvertriangleleatherworks.ca\/fr\/wp-json\/wp\/v2\/product\/4267","targetHints":{"allow":["GET"]}}],"collection":[{"href":"https:\/\/silvertriangleleatherworks.ca\/fr\/wp-json\/wp\/v2\/product"}],"about":[{"href":"https:\/\/silvertriangleleatherworks.ca\/fr\/wp-json\/wp\/v2\/types\/product"}],"replies":[{"embeddable":true,"href":"https:\/\/silvertriangleleatherworks.ca\/fr\/wp-json\/wp\/v2\/comments?post=4267"}],"wp:attachment":[{"href":"https:\/\/silvertriangleleatherworks.ca\/fr\/wp-json\/wp\/v2\/media?parent=4267"}],"wp:term":[{"taxonomy":"product_brand","embeddable":true,"href":"https:\/\/silvertriangleleatherworks.ca\/fr\/wp-json\/wp\/v2\/product_brand?post=4267"},{"taxonomy":"product_cat","embeddable":true,"href":"https:\/\/silvertriangleleatherworks.ca\/fr\/wp-json\/wp\/v2\/product_cat?post=4267"},{"taxonomy":"product_tag","embeddable":true,"href":"https:\/\/silvertriangleleatherworks.ca\/fr\/wp-json\/wp\/v2\/product_tag?post=4267"}],"curies":[{"name":"wp","href":"https:\/\/api.w.org\/{rel}","templated":true}]}}