{"id":4192,"date":"2026-04-04T20:42:59","date_gmt":"2026-04-04T20:42:59","guid":{"rendered":"https:\/\/silvertriangleleatherworks.ca\/product\/15cm-anime-inspired-sword-black-white\/"},"modified":"2026-04-04T20:42:59","modified_gmt":"2026-04-04T20:42:59","slug":"15cm-anime-inspired-sword-black-white","status":"publish","type":"product","link":"https:\/\/silvertriangleleatherworks.ca\/fr\/produit\/15cm-anime-inspired-sword-black-white\/","title":{"rendered":"\u00c9p\u00e9e de 15 cm inspir\u00e9e de l'anime - noir\/blanc"},"content":{"rendered":"<p><span>15cm Anime Inspired Sword = Black\/White<\/span><\/p>\n<p><span>\u00c9p\u00e9e de collection en alliage d'aluminium 6\u2033 inspir\u00e9e de l'anime avec porte-cl\u00e9s - Parfaite pour le Cosplay et l'affichage, 15cm, Mod\u00e8le r\u00e9duit<\/span><\/p>","protected":false},"excerpt":{"rendered":"<p>15cm Anime Inspired Sword = Black\/White 6&#8243; Aluminum Alloy Anime-Inspired Collectible Model Sword with Keychain &#8211; Perfect for Cosplay &amp; Display, 15cm, Model<\/p>","protected":false},"featured_media":0,"comment_status":"open","ping_status":"closed","template":"","meta":{"_et_pb_use_builder":"","_et_pb_old_content":"","_et_gb_content_width":""},"product_brand":[],"product_cat":[436],"product_tag":[240,37,185,35,280,281,106,176,56,437,104,177,219,283,282],"class_list":{"0":"post-4192","1":"product","2":"type-product","3":"status-publish","5":"product_cat-sword","6":"product_tag-240","7":"product_tag-adult-2","8":"product_tag-adulthood","9":"product_tag-adultleathercalgary","10":"product_tag-anime","11":"product_tag-arts","12":"product_tag-bdsm-2","13":"product_tag-clothing","14":"product_tag-kink","15":"product_tag-sword","16":"product_tag-accessories","17":"product_tag-accessories-2","18":"product_tag-bdsm-3","19":"product_tag-bdsm-4","20":"product_tag-crafts","22":"first","23":"instock","24":"sale","25":"taxable","26":"shipping-taxable","27":"purchasable","28":"product-type-simple"},"yoast_head":"<!-- This site is optimized with the Yoast SEO plugin v27.3 - https:\/\/yoast.com\/product\/yoast-seo-wordpress\/ -->\n<title>15cm Anime Inspired Sword - Black\/White - Silver Triangle Leatherworks<\/title>\n<meta name=\"robots\" content=\"index, follow, max-snippet:-1, max-image-preview:large, max-video-preview:-1\" \/>\n<link rel=\"canonical\" href=\"https:\/\/silvertriangleleatherworks.ca\/fr\/produit\/15cm-anime-inspired-sword-black-white\/\" \/>\n<meta property=\"og:locale\" content=\"fr_CA\" \/>\n<meta property=\"og:type\" content=\"article\" \/>\n<meta property=\"og:title\" content=\"15cm Anime Inspired Sword - Black\/White - Silver Triangle Leatherworks\" \/>\n<meta property=\"og:description\" content=\"15cm Anime Inspired Sword = Black\/White 6&#8243; Aluminum Alloy Anime-Inspired Collectible Model Sword with Keychain &#8211; Perfect for Cosplay &amp; Display, 15cm, Model\" \/>\n<meta property=\"og:url\" content=\"https:\/\/silvertriangleleatherworks.ca\/fr\/produit\/15cm-anime-inspired-sword-black-white\/\" \/>\n<meta property=\"og:site_name\" content=\"Silver Triangle Leatherworks\" \/>\n<meta name=\"twitter:card\" content=\"summary_large_image\" \/>\n<script type=\"application\/ld+json\" class=\"yoast-schema-graph\">{\"@context\":\"https:\\\/\\\/schema.org\",\"@graph\":[{\"@type\":\"WebPage\",\"@id\":\"https:\\\/\\\/silvertriangleleatherworks.ca\\\/product\\\/15cm-anime-inspired-sword-black-white\\\/\",\"url\":\"https:\\\/\\\/silvertriangleleatherworks.ca\\\/product\\\/15cm-anime-inspired-sword-black-white\\\/\",\"name\":\"15cm Anime Inspired Sword - Black\\\/White - Silver Triangle Leatherworks\",\"isPartOf\":{\"@id\":\"https:\\\/\\\/silvertriangleleatherworks.ca\\\/#website\"},\"datePublished\":\"2026-04-04T20:42:59+00:00\",\"breadcrumb\":{\"@id\":\"https:\\\/\\\/silvertriangleleatherworks.ca\\\/product\\\/15cm-anime-inspired-sword-black-white\\\/#breadcrumb\"},\"inLanguage\":\"fr-CA\",\"potentialAction\":[{\"@type\":\"ReadAction\",\"target\":[\"https:\\\/\\\/silvertriangleleatherworks.ca\\\/product\\\/15cm-anime-inspired-sword-black-white\\\/\"]}]},{\"@type\":\"BreadcrumbList\",\"@id\":\"https:\\\/\\\/silvertriangleleatherworks.ca\\\/product\\\/15cm-anime-inspired-sword-black-white\\\/#breadcrumb\",\"itemListElement\":[{\"@type\":\"ListItem\",\"position\":1,\"name\":\"Home\",\"item\":\"https:\\\/\\\/silvertriangleleatherworks.ca\\\/\"},{\"@type\":\"ListItem\",\"position\":2,\"name\":\"Shop\",\"item\":\"https:\\\/\\\/silvertriangleleatherworks.ca\\\/shopxmade-in-canada-adult-leathergoods\\\/\"},{\"@type\":\"ListItem\",\"position\":3,\"name\":\"15cm Anime Inspired Sword &#8211; Black\\\/White\"}]},{\"@type\":\"WebSite\",\"@id\":\"https:\\\/\\\/silvertriangleleatherworks.ca\\\/#website\",\"url\":\"https:\\\/\\\/silvertriangleleatherworks.ca\\\/\",\"name\":\"Silver Triangle Leatherworks\",\"description\":\"Designed for passion, Crafted for enduranse\",\"potentialAction\":[{\"@type\":\"SearchAction\",\"target\":{\"@type\":\"EntryPoint\",\"urlTemplate\":\"https:\\\/\\\/silvertriangleleatherworks.ca\\\/?s={search_term_string}\"},\"query-input\":{\"@type\":\"PropertyValueSpecification\",\"valueRequired\":true,\"valueName\":\"search_term_string\"}}],\"inLanguage\":\"fr-CA\"}]}<\/script>\n<!-- \/ Yoast SEO plugin. -->","yoast_head_json":{"title":"15cm Anime Inspired Sword - Black\/White - Silver Triangle Leatherworks","robots":{"index":"index","follow":"follow","max-snippet":"max-snippet:-1","max-image-preview":"max-image-preview:large","max-video-preview":"max-video-preview:-1"},"canonical":"https:\/\/silvertriangleleatherworks.ca\/fr\/produit\/15cm-anime-inspired-sword-black-white\/","og_locale":"fr_CA","og_type":"article","og_title":"15cm Anime Inspired Sword - Black\/White - Silver Triangle Leatherworks","og_description":"15cm Anime Inspired Sword = Black\/White 6&#8243; Aluminum Alloy Anime-Inspired Collectible Model Sword with Keychain &#8211; Perfect for Cosplay &amp; Display, 15cm, Model","og_url":"https:\/\/silvertriangleleatherworks.ca\/fr\/produit\/15cm-anime-inspired-sword-black-white\/","og_site_name":"Silver Triangle Leatherworks","twitter_card":"summary_large_image","schema":{"@context":"https:\/\/schema.org","@graph":[{"@type":"WebPage","@id":"https:\/\/silvertriangleleatherworks.ca\/product\/15cm-anime-inspired-sword-black-white\/","url":"https:\/\/silvertriangleleatherworks.ca\/product\/15cm-anime-inspired-sword-black-white\/","name":"15cm Anime Inspired Sword - Black\/White - Silver Triangle Leatherworks","isPartOf":{"@id":"https:\/\/silvertriangleleatherworks.ca\/#website"},"datePublished":"2026-04-04T20:42:59+00:00","breadcrumb":{"@id":"https:\/\/silvertriangleleatherworks.ca\/product\/15cm-anime-inspired-sword-black-white\/#breadcrumb"},"inLanguage":"fr-CA","potentialAction":[{"@type":"ReadAction","target":["https:\/\/silvertriangleleatherworks.ca\/product\/15cm-anime-inspired-sword-black-white\/"]}]},{"@type":"BreadcrumbList","@id":"https:\/\/silvertriangleleatherworks.ca\/product\/15cm-anime-inspired-sword-black-white\/#breadcrumb","itemListElement":[{"@type":"ListItem","position":1,"name":"Home","item":"https:\/\/silvertriangleleatherworks.ca\/"},{"@type":"ListItem","position":2,"name":"Shop","item":"https:\/\/silvertriangleleatherworks.ca\/shopxmade-in-canada-adult-leathergoods\/"},{"@type":"ListItem","position":3,"name":"15cm Anime Inspired Sword &#8211; Black\/White"}]},{"@type":"WebSite","@id":"https:\/\/silvertriangleleatherworks.ca\/#website","url":"https:\/\/silvertriangleleatherworks.ca\/","name":"Maroquinerie du Triangle d'Argent","description":"Designed for passion, Crafted for enduranse","potentialAction":[{"@type":"SearchAction","target":{"@type":"EntryPoint","urlTemplate":"https:\/\/silvertriangleleatherworks.ca\/?s={search_term_string}"},"query-input":{"@type":"PropertyValueSpecification","valueRequired":true,"valueName":"search_term_string"}}],"inLanguage":"fr-CA"}]}},"jetpack_sharing_enabled":true,"_links":{"self":[{"href":"https:\/\/silvertriangleleatherworks.ca\/fr\/wp-json\/wp\/v2\/product\/4192","targetHints":{"allow":["GET"]}}],"collection":[{"href":"https:\/\/silvertriangleleatherworks.ca\/fr\/wp-json\/wp\/v2\/product"}],"about":[{"href":"https:\/\/silvertriangleleatherworks.ca\/fr\/wp-json\/wp\/v2\/types\/product"}],"replies":[{"embeddable":true,"href":"https:\/\/silvertriangleleatherworks.ca\/fr\/wp-json\/wp\/v2\/comments?post=4192"}],"wp:attachment":[{"href":"https:\/\/silvertriangleleatherworks.ca\/fr\/wp-json\/wp\/v2\/media?parent=4192"}],"wp:term":[{"taxonomy":"product_brand","embeddable":true,"href":"https:\/\/silvertriangleleatherworks.ca\/fr\/wp-json\/wp\/v2\/product_brand?post=4192"},{"taxonomy":"product_cat","embeddable":true,"href":"https:\/\/silvertriangleleatherworks.ca\/fr\/wp-json\/wp\/v2\/product_cat?post=4192"},{"taxonomy":"product_tag","embeddable":true,"href":"https:\/\/silvertriangleleatherworks.ca\/fr\/wp-json\/wp\/v2\/product_tag?post=4192"}],"curies":[{"name":"wp","href":"https:\/\/api.w.org\/{rel}","templated":true}]}}