{"id":4171,"date":"2026-04-04T20:42:52","date_gmt":"2026-04-04T20:42:52","guid":{"rendered":"https:\/\/silvertriangleleatherworks.ca\/product\/stlw-hd-leather-spiked-paddle\/"},"modified":"2026-04-04T20:42:52","modified_gmt":"2026-04-04T20:42:52","slug":"stlw-hd-leather-spiked-paddle","status":"publish","type":"product","link":"https:\/\/silvertriangleleatherworks.ca\/fr\/produit\/stlw-hd-leather-spiked-paddle\/","title":{"rendered":"\u201cSTLW\u201d Pagaie \u00e0 pointes en cuir HD"},"content":{"rendered":"<p>&#8220;STLW&#8221; Heavy Duty Leather Spiked Paddle<\/p>\n<p>Spiked paddle, smooth on one side and 29 x 10mm metal spikes on the other, also a 1\/2&#8243; steel rod running up the center, sandwiched between the 2 layers of leather.<\/p>\n<p>Mesure 3\u2033 x 12\u2033. Poids approximatif ; .809 livres<\/p>\n<p class=\"MsoNormal\"><b><span style=\"font-family: 'Aptost',serif;\">Chaque article en cuir \u201cSTLW\u201d est fabriqu\u00e9 \u00e0 la main \u00e0 la taille sp\u00e9cifi\u00e9e.<br \/>Si vous choisissez XL-XXL (sur mesure) ou si vous avez des exigences particuli\u00e8res en mati\u00e8re de coupe, il vous suffit de laisser vos mesures dans les commentaires lors de la commande - pas de d\u00e9lai, pas de frais suppl\u00e9mentaires.<\/span><\/b><\/p>\n<p class=\"MsoNormal\"><b><span style=\"font-family: 'Aptost',serif;\">Pour les personnes qui se trouvent entre deux tailles ou qui recherchent une coupe plus personnalis\u00e9e, nous vous encourageons \u00e0 indiquer vos mesures exactes.<\/span><\/b><\/p>\n<p class=\"MsoNormal\"><b><span style=\"font-family: 'Aptost',serif;\">Con\u00e7u pour la passion, con\u00e7u pour l'endurance.<br \/>Pour en savoir plus, veuillez consulter notre <a href=\"https:\/\/silvertriangleleatherworks.ca\/fr\/pages\/our-promise-to-you-our-customers\/\" title=\"Notre promesse \u00e0 vous, nos clients\" target=\"_blank\"><span style=\"mso-field-code: HYPERLINK;\">Notre promesse<\/span><\/a> et notre page <a href=\"https:\/\/silvertriangleleatherworks.ca\/fr\/pages\/warranty\/\" title=\"Notre garantie limit\u00e9e de 5 ans sur les pi\u00e8ces.\">Garantie<\/a> page.<\/span><\/b><\/p>","protected":false},"excerpt":{"rendered":"<p>&#8220;STLW&#8221; Heavy Duty Leather Spiked Paddle Spiked paddle, smooth on one side and 29 x 10mm metal spikes on the other, also a 1\/2&#8243; steel rod running up the center, sandwiched between the 2 layers of leather. Measures 3&#8243; x 12&#8243;. Approximate weight; .809 pounds Every \u201cSTLW\u201d leather item is handcrafted to your specified size.If [&hellip;]<\/p>\n","protected":false},"featured_media":0,"comment_status":"open","ping_status":"closed","template":"","meta":{"_et_pb_use_builder":"","_et_pb_old_content":"","_et_gb_content_width":""},"product_brand":[],"product_cat":[88],"product_tag":[37,185,35,106,70,39,96,56,50,49,89,314,313,315,316,177,57,219,283,58,71],"class_list":{"0":"post-4171","1":"product","2":"type-product","3":"status-publish","5":"product_cat-paddle","6":"product_tag-adult-2","7":"product_tag-adulthood","8":"product_tag-adultleathercalgary","9":"product_tag-bdsm-2","10":"product_tag-bedroom","11":"product_tag-erotic","12":"product_tag-erotica","13":"product_tag-kink","14":"product_tag-leather-3","15":"product_tag-leather-2","16":"product_tag-paddle","17":"product_tag-show_leather_info","18":"product_tag-show-leather-info","19":"product_tag-spike","20":"product_tag-stud","21":"product_tag-accessories-2","22":"product_tag-adult-3","23":"product_tag-bdsm-3","24":"product_tag-bdsm-4","25":"product_tag-fetish-2","26":"product_tag-sex","28":"first","29":"instock","30":"taxable","31":"shipping-taxable","32":"product-type-simple"},"yoast_head":"<!-- This site is optimized with the Yoast SEO plugin v27.3 - https:\/\/yoast.com\/product\/yoast-seo-wordpress\/ -->\n<title>&quot;STLW&quot; HD Leather Spiked Paddle - Silver Triangle Leatherworks<\/title>\n<meta name=\"robots\" content=\"index, follow, max-snippet:-1, max-image-preview:large, max-video-preview:-1\" \/>\n<link rel=\"canonical\" href=\"https:\/\/silvertriangleleatherworks.ca\/fr\/produit\/stlw-hd-leather-spiked-paddle\/\" \/>\n<meta property=\"og:locale\" content=\"fr_CA\" \/>\n<meta property=\"og:type\" content=\"article\" \/>\n<meta property=\"og:title\" content=\"&quot;STLW&quot; HD Leather Spiked Paddle - Silver Triangle Leatherworks\" \/>\n<meta property=\"og:description\" content=\"&#8220;STLW&#8221; Heavy Duty Leather Spiked Paddle Spiked paddle, smooth on one side and 29 x 10mm metal spikes on the other, also a 1\/2&#8243; steel rod running up the center, sandwiched between the 2 layers of leather. Measures 3&#8243; x 12&#8243;. Approximate weight; .809 pounds Every \u201cSTLW\u201d leather item is handcrafted to your specified size.If [&hellip;]\" \/>\n<meta property=\"og:url\" content=\"https:\/\/silvertriangleleatherworks.ca\/fr\/produit\/stlw-hd-leather-spiked-paddle\/\" \/>\n<meta property=\"og:site_name\" content=\"Silver Triangle Leatherworks\" \/>\n<meta name=\"twitter:card\" content=\"summary_large_image\" \/>\n<meta name=\"twitter:label1\" content=\"Estimation du temps de lecture\" \/>\n\t<meta name=\"twitter:data1\" content=\"1 minute\" \/>\n<script type=\"application\/ld+json\" class=\"yoast-schema-graph\">{\"@context\":\"https:\\\/\\\/schema.org\",\"@graph\":[{\"@type\":\"WebPage\",\"@id\":\"https:\\\/\\\/silvertriangleleatherworks.ca\\\/product\\\/stlw-hd-leather-spiked-paddle\\\/\",\"url\":\"https:\\\/\\\/silvertriangleleatherworks.ca\\\/product\\\/stlw-hd-leather-spiked-paddle\\\/\",\"name\":\"\\\"STLW\\\" HD Leather Spiked Paddle - Silver Triangle Leatherworks\",\"isPartOf\":{\"@id\":\"https:\\\/\\\/silvertriangleleatherworks.ca\\\/#website\"},\"datePublished\":\"2026-04-04T20:42:52+00:00\",\"breadcrumb\":{\"@id\":\"https:\\\/\\\/silvertriangleleatherworks.ca\\\/product\\\/stlw-hd-leather-spiked-paddle\\\/#breadcrumb\"},\"inLanguage\":\"fr-CA\",\"potentialAction\":[{\"@type\":\"ReadAction\",\"target\":[\"https:\\\/\\\/silvertriangleleatherworks.ca\\\/product\\\/stlw-hd-leather-spiked-paddle\\\/\"]}]},{\"@type\":\"BreadcrumbList\",\"@id\":\"https:\\\/\\\/silvertriangleleatherworks.ca\\\/product\\\/stlw-hd-leather-spiked-paddle\\\/#breadcrumb\",\"itemListElement\":[{\"@type\":\"ListItem\",\"position\":1,\"name\":\"Home\",\"item\":\"https:\\\/\\\/silvertriangleleatherworks.ca\\\/\"},{\"@type\":\"ListItem\",\"position\":2,\"name\":\"Shop\",\"item\":\"https:\\\/\\\/silvertriangleleatherworks.ca\\\/shopxmade-in-canada-adult-leathergoods\\\/\"},{\"@type\":\"ListItem\",\"position\":3,\"name\":\"&#8220;STLW&#8221; HD Leather Spiked Paddle\"}]},{\"@type\":\"WebSite\",\"@id\":\"https:\\\/\\\/silvertriangleleatherworks.ca\\\/#website\",\"url\":\"https:\\\/\\\/silvertriangleleatherworks.ca\\\/\",\"name\":\"Silver Triangle Leatherworks\",\"description\":\"Designed for passion, Crafted for enduranse\",\"potentialAction\":[{\"@type\":\"SearchAction\",\"target\":{\"@type\":\"EntryPoint\",\"urlTemplate\":\"https:\\\/\\\/silvertriangleleatherworks.ca\\\/?s={search_term_string}\"},\"query-input\":{\"@type\":\"PropertyValueSpecification\",\"valueRequired\":true,\"valueName\":\"search_term_string\"}}],\"inLanguage\":\"fr-CA\"}]}<\/script>\n<!-- \/ Yoast SEO plugin. -->","yoast_head_json":{"title":"\"STLW\" HD Leather Spiked Paddle - Silver Triangle Leatherworks","robots":{"index":"index","follow":"follow","max-snippet":"max-snippet:-1","max-image-preview":"max-image-preview:large","max-video-preview":"max-video-preview:-1"},"canonical":"https:\/\/silvertriangleleatherworks.ca\/fr\/produit\/stlw-hd-leather-spiked-paddle\/","og_locale":"fr_CA","og_type":"article","og_title":"\"STLW\" HD Leather Spiked Paddle - Silver Triangle Leatherworks","og_description":"&#8220;STLW&#8221; Heavy Duty Leather Spiked Paddle Spiked paddle, smooth on one side and 29 x 10mm metal spikes on the other, also a 1\/2&#8243; steel rod running up the center, sandwiched between the 2 layers of leather. Measures 3&#8243; x 12&#8243;. Approximate weight; .809 pounds Every \u201cSTLW\u201d leather item is handcrafted to your specified size.If [&hellip;]","og_url":"https:\/\/silvertriangleleatherworks.ca\/fr\/produit\/stlw-hd-leather-spiked-paddle\/","og_site_name":"Silver Triangle Leatherworks","twitter_card":"summary_large_image","twitter_misc":{"Estimation du temps de lecture":"1 minute"},"schema":{"@context":"https:\/\/schema.org","@graph":[{"@type":"WebPage","@id":"https:\/\/silvertriangleleatherworks.ca\/product\/stlw-hd-leather-spiked-paddle\/","url":"https:\/\/silvertriangleleatherworks.ca\/product\/stlw-hd-leather-spiked-paddle\/","name":"\"STLW\" HD Leather Spiked Paddle - Silver Triangle Leatherworks","isPartOf":{"@id":"https:\/\/silvertriangleleatherworks.ca\/#website"},"datePublished":"2026-04-04T20:42:52+00:00","breadcrumb":{"@id":"https:\/\/silvertriangleleatherworks.ca\/product\/stlw-hd-leather-spiked-paddle\/#breadcrumb"},"inLanguage":"fr-CA","potentialAction":[{"@type":"ReadAction","target":["https:\/\/silvertriangleleatherworks.ca\/product\/stlw-hd-leather-spiked-paddle\/"]}]},{"@type":"BreadcrumbList","@id":"https:\/\/silvertriangleleatherworks.ca\/product\/stlw-hd-leather-spiked-paddle\/#breadcrumb","itemListElement":[{"@type":"ListItem","position":1,"name":"Home","item":"https:\/\/silvertriangleleatherworks.ca\/"},{"@type":"ListItem","position":2,"name":"Shop","item":"https:\/\/silvertriangleleatherworks.ca\/shopxmade-in-canada-adult-leathergoods\/"},{"@type":"ListItem","position":3,"name":"&#8220;STLW&#8221; HD Leather Spiked Paddle"}]},{"@type":"WebSite","@id":"https:\/\/silvertriangleleatherworks.ca\/#website","url":"https:\/\/silvertriangleleatherworks.ca\/","name":"Maroquinerie du Triangle d'Argent","description":"Designed for passion, Crafted for enduranse","potentialAction":[{"@type":"SearchAction","target":{"@type":"EntryPoint","urlTemplate":"https:\/\/silvertriangleleatherworks.ca\/?s={search_term_string}"},"query-input":{"@type":"PropertyValueSpecification","valueRequired":true,"valueName":"search_term_string"}}],"inLanguage":"fr-CA"}]}},"jetpack_sharing_enabled":true,"_links":{"self":[{"href":"https:\/\/silvertriangleleatherworks.ca\/fr\/wp-json\/wp\/v2\/product\/4171","targetHints":{"allow":["GET"]}}],"collection":[{"href":"https:\/\/silvertriangleleatherworks.ca\/fr\/wp-json\/wp\/v2\/product"}],"about":[{"href":"https:\/\/silvertriangleleatherworks.ca\/fr\/wp-json\/wp\/v2\/types\/product"}],"replies":[{"embeddable":true,"href":"https:\/\/silvertriangleleatherworks.ca\/fr\/wp-json\/wp\/v2\/comments?post=4171"}],"wp:attachment":[{"href":"https:\/\/silvertriangleleatherworks.ca\/fr\/wp-json\/wp\/v2\/media?parent=4171"}],"wp:term":[{"taxonomy":"product_brand","embeddable":true,"href":"https:\/\/silvertriangleleatherworks.ca\/fr\/wp-json\/wp\/v2\/product_brand?post=4171"},{"taxonomy":"product_cat","embeddable":true,"href":"https:\/\/silvertriangleleatherworks.ca\/fr\/wp-json\/wp\/v2\/product_cat?post=4171"},{"taxonomy":"product_tag","embeddable":true,"href":"https:\/\/silvertriangleleatherworks.ca\/fr\/wp-json\/wp\/v2\/product_tag?post=4171"}],"curies":[{"name":"wp","href":"https:\/\/api.w.org\/{rel}","templated":true}]}}