{"id":4170,"date":"2026-04-04T20:42:51","date_gmt":"2026-04-04T20:42:51","guid":{"rendered":"https:\/\/silvertriangleleatherworks.ca\/product\/stlw-leather-slave-paddle\/"},"modified":"2026-04-04T20:42:51","modified_gmt":"2026-04-04T20:42:51","slug":"stlw-leather-slave-paddle","status":"publish","type":"product","link":"https:\/\/silvertriangleleatherworks.ca\/fr\/produit\/stlw-leather-slave-paddle\/","title":{"rendered":"\u201cPagaie \u201desclave\u201c en cuir \u201dSTLW"},"content":{"rendered":"<p>\u201cPagaie \u201desclave\u201c en cuir \u201dSTLW<\/p>\n<p>Cette pagaie \u201cSlave\u201d en cuir est lisse d'un c\u00f4t\u00e9 tandis que le mot \u201cSlave\u201d est grav\u00e9 au laser sur l'autre et d\u00e9coup\u00e9. Elle est doubl\u00e9e d'un morceau de plastique de 1\/8\u2033 d'\u00e9paisseur qui est pris en sandwich entre les plaques de cuir.<\/p>\n<p class=\"MsoNormal\">Nos produits sont fabriqu\u00e9s \u00e0 partir de cuir d'\u00e9paule de premi\u00e8re qualit\u00e9, class\u00e9 dans la cat\u00e9gorie 7-9oz, ce qui le place dans une fourchette d'\u00e9paisseur de 2,8-3,6 mm. Notre cuir n'est pas pli\u00e9 pour plus de solidit\u00e9, ni coll\u00e9, ni cousu en double \u00e9paisseur pour plus de solidit\u00e9. Il est utilis\u00e9 tel qu'il est cens\u00e9 l'\u00eatre, dans sa forme originale, et n'a pas besoin d'\u00eatre renforc\u00e9 pour \u00eatre plus solide ou plus stable.<\/p>\n<p class=\"MsoNormal\">\u201cCon\u00e7u pour la passion, con\u00e7u pour l'endurance\u201d.<\/p>","protected":false},"excerpt":{"rendered":"<p>&#8220;STLW&#8221; Leather &#8220;Slave&#8221; Paddle This leather &#8220;Slave&#8221; paddle is smooth on one side while the word &#8220;Slave&#8221; is laser engraved on the other and cut out. It is lined with a piece of 1\/8&#8243; thick plastic that is sandwiched between the leather slabs. Our products are made with top-grain shoulder leather, classed in the 7-9oz [&hellip;]<\/p>\n","protected":false},"featured_media":0,"comment_status":"open","ping_status":"closed","template":"","meta":{"_et_pb_use_builder":"","_et_pb_old_content":"","_et_gb_content_width":""},"product_brand":[],"product_cat":[88],"product_tag":[37,185,35,70,176,39,96,56,50,49,89,334,419,412,320,177,57,58,71],"class_list":{"0":"post-4170","1":"product","2":"type-product","3":"status-publish","5":"product_cat-paddle","6":"product_tag-adult-2","7":"product_tag-adulthood","8":"product_tag-adultleathercalgary","9":"product_tag-bedroom","10":"product_tag-clothing","11":"product_tag-erotic","12":"product_tag-erotica","13":"product_tag-kink","14":"product_tag-leather-3","15":"product_tag-leather-2","16":"product_tag-paddle","17":"product_tag-padlock","18":"product_tag-shorts","19":"product_tag-snap","20":"product_tag-stud-2","21":"product_tag-accessories-2","22":"product_tag-adult-3","23":"product_tag-fetish-2","24":"product_tag-sex","26":"first","27":"instock","28":"taxable","29":"shipping-taxable","30":"product-type-simple"},"yoast_head":"<!-- This site is optimized with the Yoast SEO plugin v27.3 - https:\/\/yoast.com\/product\/yoast-seo-wordpress\/ -->\n<title>&quot;STLW&quot; Leather &quot;Slave&quot; Paddle - Silver Triangle Leatherworks<\/title>\n<meta name=\"robots\" content=\"index, follow, max-snippet:-1, max-image-preview:large, max-video-preview:-1\" \/>\n<link rel=\"canonical\" href=\"https:\/\/silvertriangleleatherworks.ca\/fr\/produit\/stlw-leather-slave-paddle\/\" \/>\n<meta property=\"og:locale\" content=\"fr_CA\" \/>\n<meta property=\"og:type\" content=\"article\" \/>\n<meta property=\"og:title\" content=\"&quot;STLW&quot; Leather &quot;Slave&quot; Paddle - Silver Triangle Leatherworks\" \/>\n<meta property=\"og:description\" content=\"&#8220;STLW&#8221; Leather &#8220;Slave&#8221; Paddle This leather &#8220;Slave&#8221; paddle is smooth on one side while the word &#8220;Slave&#8221; is laser engraved on the other and cut out. It is lined with a piece of 1\/8&#8243; thick plastic that is sandwiched between the leather slabs. Our products are made with top-grain shoulder leather, classed in the 7-9oz [&hellip;]\" \/>\n<meta property=\"og:url\" content=\"https:\/\/silvertriangleleatherworks.ca\/fr\/produit\/stlw-leather-slave-paddle\/\" \/>\n<meta property=\"og:site_name\" content=\"Silver Triangle Leatherworks\" \/>\n<meta name=\"twitter:card\" content=\"summary_large_image\" \/>\n<meta name=\"twitter:label1\" content=\"Estimation du temps de lecture\" \/>\n\t<meta name=\"twitter:data1\" content=\"1 minute\" \/>\n<script type=\"application\/ld+json\" class=\"yoast-schema-graph\">{\"@context\":\"https:\\\/\\\/schema.org\",\"@graph\":[{\"@type\":\"WebPage\",\"@id\":\"https:\\\/\\\/silvertriangleleatherworks.ca\\\/product\\\/stlw-leather-slave-paddle\\\/\",\"url\":\"https:\\\/\\\/silvertriangleleatherworks.ca\\\/product\\\/stlw-leather-slave-paddle\\\/\",\"name\":\"\\\"STLW\\\" Leather \\\"Slave\\\" Paddle - Silver Triangle Leatherworks\",\"isPartOf\":{\"@id\":\"https:\\\/\\\/silvertriangleleatherworks.ca\\\/#website\"},\"datePublished\":\"2026-04-04T20:42:51+00:00\",\"breadcrumb\":{\"@id\":\"https:\\\/\\\/silvertriangleleatherworks.ca\\\/product\\\/stlw-leather-slave-paddle\\\/#breadcrumb\"},\"inLanguage\":\"fr-CA\",\"potentialAction\":[{\"@type\":\"ReadAction\",\"target\":[\"https:\\\/\\\/silvertriangleleatherworks.ca\\\/product\\\/stlw-leather-slave-paddle\\\/\"]}]},{\"@type\":\"BreadcrumbList\",\"@id\":\"https:\\\/\\\/silvertriangleleatherworks.ca\\\/product\\\/stlw-leather-slave-paddle\\\/#breadcrumb\",\"itemListElement\":[{\"@type\":\"ListItem\",\"position\":1,\"name\":\"Home\",\"item\":\"https:\\\/\\\/silvertriangleleatherworks.ca\\\/\"},{\"@type\":\"ListItem\",\"position\":2,\"name\":\"Shop\",\"item\":\"https:\\\/\\\/silvertriangleleatherworks.ca\\\/shopxmade-in-canada-adult-leathergoods\\\/\"},{\"@type\":\"ListItem\",\"position\":3,\"name\":\"&#8220;STLW&#8221; Leather &#8220;Slave&#8221; Paddle\"}]},{\"@type\":\"WebSite\",\"@id\":\"https:\\\/\\\/silvertriangleleatherworks.ca\\\/#website\",\"url\":\"https:\\\/\\\/silvertriangleleatherworks.ca\\\/\",\"name\":\"Silver Triangle Leatherworks\",\"description\":\"Designed for passion, Crafted for enduranse\",\"potentialAction\":[{\"@type\":\"SearchAction\",\"target\":{\"@type\":\"EntryPoint\",\"urlTemplate\":\"https:\\\/\\\/silvertriangleleatherworks.ca\\\/?s={search_term_string}\"},\"query-input\":{\"@type\":\"PropertyValueSpecification\",\"valueRequired\":true,\"valueName\":\"search_term_string\"}}],\"inLanguage\":\"fr-CA\"}]}<\/script>\n<!-- \/ Yoast SEO plugin. -->","yoast_head_json":{"title":"\"STLW\" Leather \"Slave\" Paddle - Silver Triangle Leatherworks","robots":{"index":"index","follow":"follow","max-snippet":"max-snippet:-1","max-image-preview":"max-image-preview:large","max-video-preview":"max-video-preview:-1"},"canonical":"https:\/\/silvertriangleleatherworks.ca\/fr\/produit\/stlw-leather-slave-paddle\/","og_locale":"fr_CA","og_type":"article","og_title":"\"STLW\" Leather \"Slave\" Paddle - Silver Triangle Leatherworks","og_description":"&#8220;STLW&#8221; Leather &#8220;Slave&#8221; Paddle This leather &#8220;Slave&#8221; paddle is smooth on one side while the word &#8220;Slave&#8221; is laser engraved on the other and cut out. It is lined with a piece of 1\/8&#8243; thick plastic that is sandwiched between the leather slabs. Our products are made with top-grain shoulder leather, classed in the 7-9oz [&hellip;]","og_url":"https:\/\/silvertriangleleatherworks.ca\/fr\/produit\/stlw-leather-slave-paddle\/","og_site_name":"Silver Triangle Leatherworks","twitter_card":"summary_large_image","twitter_misc":{"Estimation du temps de lecture":"1 minute"},"schema":{"@context":"https:\/\/schema.org","@graph":[{"@type":"WebPage","@id":"https:\/\/silvertriangleleatherworks.ca\/product\/stlw-leather-slave-paddle\/","url":"https:\/\/silvertriangleleatherworks.ca\/product\/stlw-leather-slave-paddle\/","name":"\"STLW\" Leather \"Slave\" Paddle - Silver Triangle Leatherworks","isPartOf":{"@id":"https:\/\/silvertriangleleatherworks.ca\/#website"},"datePublished":"2026-04-04T20:42:51+00:00","breadcrumb":{"@id":"https:\/\/silvertriangleleatherworks.ca\/product\/stlw-leather-slave-paddle\/#breadcrumb"},"inLanguage":"fr-CA","potentialAction":[{"@type":"ReadAction","target":["https:\/\/silvertriangleleatherworks.ca\/product\/stlw-leather-slave-paddle\/"]}]},{"@type":"BreadcrumbList","@id":"https:\/\/silvertriangleleatherworks.ca\/product\/stlw-leather-slave-paddle\/#breadcrumb","itemListElement":[{"@type":"ListItem","position":1,"name":"Home","item":"https:\/\/silvertriangleleatherworks.ca\/"},{"@type":"ListItem","position":2,"name":"Shop","item":"https:\/\/silvertriangleleatherworks.ca\/shopxmade-in-canada-adult-leathergoods\/"},{"@type":"ListItem","position":3,"name":"&#8220;STLW&#8221; Leather &#8220;Slave&#8221; Paddle"}]},{"@type":"WebSite","@id":"https:\/\/silvertriangleleatherworks.ca\/#website","url":"https:\/\/silvertriangleleatherworks.ca\/","name":"Maroquinerie du Triangle d'Argent","description":"Designed for passion, Crafted for enduranse","potentialAction":[{"@type":"SearchAction","target":{"@type":"EntryPoint","urlTemplate":"https:\/\/silvertriangleleatherworks.ca\/?s={search_term_string}"},"query-input":{"@type":"PropertyValueSpecification","valueRequired":true,"valueName":"search_term_string"}}],"inLanguage":"fr-CA"}]}},"jetpack_sharing_enabled":true,"_links":{"self":[{"href":"https:\/\/silvertriangleleatherworks.ca\/fr\/wp-json\/wp\/v2\/product\/4170","targetHints":{"allow":["GET"]}}],"collection":[{"href":"https:\/\/silvertriangleleatherworks.ca\/fr\/wp-json\/wp\/v2\/product"}],"about":[{"href":"https:\/\/silvertriangleleatherworks.ca\/fr\/wp-json\/wp\/v2\/types\/product"}],"replies":[{"embeddable":true,"href":"https:\/\/silvertriangleleatherworks.ca\/fr\/wp-json\/wp\/v2\/comments?post=4170"}],"wp:attachment":[{"href":"https:\/\/silvertriangleleatherworks.ca\/fr\/wp-json\/wp\/v2\/media?parent=4170"}],"wp:term":[{"taxonomy":"product_brand","embeddable":true,"href":"https:\/\/silvertriangleleatherworks.ca\/fr\/wp-json\/wp\/v2\/product_brand?post=4170"},{"taxonomy":"product_cat","embeddable":true,"href":"https:\/\/silvertriangleleatherworks.ca\/fr\/wp-json\/wp\/v2\/product_cat?post=4170"},{"taxonomy":"product_tag","embeddable":true,"href":"https:\/\/silvertriangleleatherworks.ca\/fr\/wp-json\/wp\/v2\/product_tag?post=4170"}],"curies":[{"name":"wp","href":"https:\/\/api.w.org\/{rel}","templated":true}]}}