{"id":4165,"date":"2026-04-04T20:42:50","date_gmt":"2026-04-04T20:42:50","guid":{"rendered":"https:\/\/silvertriangleleatherworks.ca\/product\/stlw-mens-leather-lace-up-shorts\/"},"modified":"2026-04-04T20:42:50","modified_gmt":"2026-04-04T20:42:50","slug":"stlw-mens-leather-lace-up-shorts","status":"publish","type":"product","link":"https:\/\/silvertriangleleatherworks.ca\/fr\/produit\/stlw-mens-leather-lace-up-shorts\/","title":{"rendered":"\u201cShort \u00e0 lacets en cuir pour hommes \u201dSTLW"},"content":{"rendered":"<p>\u201cShort \u00e0 lacets en cuir pour hommes \u201dSTLW\".<\/p>\n<p>Ce produit est fabriqu\u00e9 \u00e0 partir de cuir d'\u00e9paule de premi\u00e8re qualit\u00e9, class\u00e9 dans la cat\u00e9gorie des 2 \u00e0 3 oz, ce qui le place dans la cat\u00e9gorie des 0,8 \u00e0 1,2 mm d'\u00e9paisseur. Notre cuir n'est pas pli\u00e9 pour plus de solidit\u00e9, ni coll\u00e9, ni cousu \u00e0 double \u00e9paisseur pour plus de solidit\u00e9 ou de stabilit\u00e9. \u00c0 l'exception des coutures des \u0153illets, il est utilis\u00e9 tel qu'il est cens\u00e9 l'\u00eatre, dans sa forme originale, et n'a pas besoin d'\u00eatre am\u00e9lior\u00e9 pour plus de solidit\u00e9.<\/p>\n<p>\u201cCon\u00e7u pour la passion, con\u00e7u pour l'endurance\u201d.<\/p>","protected":false},"excerpt":{"rendered":"<p>&#8220;STLW&#8221; Men&#8217;s Leather Lace Up Shorts. This product is made with top-grain shoulder leather, classed in the 2-3oz range, putting it in the thickness range of 0.8-1.2mm. Our leather is not folded for strength, not glued, nor is it sewn to a double thickness for added strength or stability. except for the eyelet seams, it [&hellip;]<\/p>\n","protected":false},"featured_media":0,"comment_status":"open","ping_status":"closed","template":"","meta":{"_et_pb_use_builder":"","_et_pb_old_content":"","_et_gb_content_width":""},"product_brand":[],"product_cat":[426],"product_tag":[37,185,35,106,70,427,39,96,157,56,50,49,419,412,57,219,283,58,71],"class_list":{"0":"post-4165","1":"product","2":"type-product","3":"status-publish","5":"product_cat-shorts","6":"product_tag-adult-2","7":"product_tag-adulthood","8":"product_tag-adultleathercalgary","9":"product_tag-bdsm-2","10":"product_tag-bedroom","11":"product_tag-chaps","12":"product_tag-erotic","13":"product_tag-erotica","14":"product_tag-jockstrap","15":"product_tag-kink","16":"product_tag-leather-3","17":"product_tag-leather-2","18":"product_tag-shorts","19":"product_tag-snap","20":"product_tag-adult-3","21":"product_tag-bdsm-3","22":"product_tag-bdsm-4","23":"product_tag-fetish-2","24":"product_tag-sex","26":"first","27":"instock","28":"taxable","29":"shipping-taxable","30":"product-type-simple"},"yoast_head":"<!-- This site is optimized with the Yoast SEO plugin v27.3 - https:\/\/yoast.com\/product\/yoast-seo-wordpress\/ -->\n<title>&quot;STLW&quot; Men&#039;s Leather Lace up Shorts - Silver Triangle Leatherworks<\/title>\n<meta name=\"robots\" content=\"index, follow, max-snippet:-1, max-image-preview:large, max-video-preview:-1\" \/>\n<link rel=\"canonical\" href=\"https:\/\/silvertriangleleatherworks.ca\/fr\/produit\/stlw-mens-leather-lace-up-shorts\/\" \/>\n<meta property=\"og:locale\" content=\"fr_CA\" \/>\n<meta property=\"og:type\" content=\"article\" \/>\n<meta property=\"og:title\" content=\"&quot;STLW&quot; Men&#039;s Leather Lace up Shorts - Silver Triangle Leatherworks\" \/>\n<meta property=\"og:description\" content=\"&#8220;STLW&#8221; Men&#8217;s Leather Lace Up Shorts. This product is made with top-grain shoulder leather, classed in the 2-3oz range, putting it in the thickness range of 0.8-1.2mm. Our leather is not folded for strength, not glued, nor is it sewn to a double thickness for added strength or stability. except for the eyelet seams, it [&hellip;]\" \/>\n<meta property=\"og:url\" content=\"https:\/\/silvertriangleleatherworks.ca\/fr\/produit\/stlw-mens-leather-lace-up-shorts\/\" \/>\n<meta property=\"og:site_name\" content=\"Silver Triangle Leatherworks\" \/>\n<meta name=\"twitter:card\" content=\"summary_large_image\" \/>\n<script type=\"application\/ld+json\" class=\"yoast-schema-graph\">{\"@context\":\"https:\\\/\\\/schema.org\",\"@graph\":[{\"@type\":\"WebPage\",\"@id\":\"https:\\\/\\\/silvertriangleleatherworks.ca\\\/product\\\/stlw-mens-leather-lace-up-shorts\\\/\",\"url\":\"https:\\\/\\\/silvertriangleleatherworks.ca\\\/product\\\/stlw-mens-leather-lace-up-shorts\\\/\",\"name\":\"\\\"STLW\\\" Men's Leather Lace up Shorts - Silver Triangle Leatherworks\",\"isPartOf\":{\"@id\":\"https:\\\/\\\/silvertriangleleatherworks.ca\\\/#website\"},\"datePublished\":\"2026-04-04T20:42:50+00:00\",\"breadcrumb\":{\"@id\":\"https:\\\/\\\/silvertriangleleatherworks.ca\\\/product\\\/stlw-mens-leather-lace-up-shorts\\\/#breadcrumb\"},\"inLanguage\":\"fr-CA\",\"potentialAction\":[{\"@type\":\"ReadAction\",\"target\":[\"https:\\\/\\\/silvertriangleleatherworks.ca\\\/product\\\/stlw-mens-leather-lace-up-shorts\\\/\"]}]},{\"@type\":\"BreadcrumbList\",\"@id\":\"https:\\\/\\\/silvertriangleleatherworks.ca\\\/product\\\/stlw-mens-leather-lace-up-shorts\\\/#breadcrumb\",\"itemListElement\":[{\"@type\":\"ListItem\",\"position\":1,\"name\":\"Home\",\"item\":\"https:\\\/\\\/silvertriangleleatherworks.ca\\\/\"},{\"@type\":\"ListItem\",\"position\":2,\"name\":\"Shop\",\"item\":\"https:\\\/\\\/silvertriangleleatherworks.ca\\\/shopxmade-in-canada-adult-leathergoods\\\/\"},{\"@type\":\"ListItem\",\"position\":3,\"name\":\"&#8220;STLW&#8221; Men&#8217;s Leather Lace up Shorts\"}]},{\"@type\":\"WebSite\",\"@id\":\"https:\\\/\\\/silvertriangleleatherworks.ca\\\/#website\",\"url\":\"https:\\\/\\\/silvertriangleleatherworks.ca\\\/\",\"name\":\"Silver Triangle Leatherworks\",\"description\":\"Designed for passion, Crafted for enduranse\",\"potentialAction\":[{\"@type\":\"SearchAction\",\"target\":{\"@type\":\"EntryPoint\",\"urlTemplate\":\"https:\\\/\\\/silvertriangleleatherworks.ca\\\/?s={search_term_string}\"},\"query-input\":{\"@type\":\"PropertyValueSpecification\",\"valueRequired\":true,\"valueName\":\"search_term_string\"}}],\"inLanguage\":\"fr-CA\"}]}<\/script>\n<!-- \/ Yoast SEO plugin. -->","yoast_head_json":{"title":"\"STLW\" Men's Leather Lace up Shorts - Silver Triangle Leatherworks","robots":{"index":"index","follow":"follow","max-snippet":"max-snippet:-1","max-image-preview":"max-image-preview:large","max-video-preview":"max-video-preview:-1"},"canonical":"https:\/\/silvertriangleleatherworks.ca\/fr\/produit\/stlw-mens-leather-lace-up-shorts\/","og_locale":"fr_CA","og_type":"article","og_title":"\"STLW\" Men's Leather Lace up Shorts - Silver Triangle Leatherworks","og_description":"&#8220;STLW&#8221; Men&#8217;s Leather Lace Up Shorts. This product is made with top-grain shoulder leather, classed in the 2-3oz range, putting it in the thickness range of 0.8-1.2mm. Our leather is not folded for strength, not glued, nor is it sewn to a double thickness for added strength or stability. except for the eyelet seams, it [&hellip;]","og_url":"https:\/\/silvertriangleleatherworks.ca\/fr\/produit\/stlw-mens-leather-lace-up-shorts\/","og_site_name":"Silver Triangle Leatherworks","twitter_card":"summary_large_image","schema":{"@context":"https:\/\/schema.org","@graph":[{"@type":"WebPage","@id":"https:\/\/silvertriangleleatherworks.ca\/product\/stlw-mens-leather-lace-up-shorts\/","url":"https:\/\/silvertriangleleatherworks.ca\/product\/stlw-mens-leather-lace-up-shorts\/","name":"\"STLW\" Men's Leather Lace up Shorts - Silver Triangle Leatherworks","isPartOf":{"@id":"https:\/\/silvertriangleleatherworks.ca\/#website"},"datePublished":"2026-04-04T20:42:50+00:00","breadcrumb":{"@id":"https:\/\/silvertriangleleatherworks.ca\/product\/stlw-mens-leather-lace-up-shorts\/#breadcrumb"},"inLanguage":"fr-CA","potentialAction":[{"@type":"ReadAction","target":["https:\/\/silvertriangleleatherworks.ca\/product\/stlw-mens-leather-lace-up-shorts\/"]}]},{"@type":"BreadcrumbList","@id":"https:\/\/silvertriangleleatherworks.ca\/product\/stlw-mens-leather-lace-up-shorts\/#breadcrumb","itemListElement":[{"@type":"ListItem","position":1,"name":"Home","item":"https:\/\/silvertriangleleatherworks.ca\/"},{"@type":"ListItem","position":2,"name":"Shop","item":"https:\/\/silvertriangleleatherworks.ca\/shopxmade-in-canada-adult-leathergoods\/"},{"@type":"ListItem","position":3,"name":"&#8220;STLW&#8221; Men&#8217;s Leather Lace up Shorts"}]},{"@type":"WebSite","@id":"https:\/\/silvertriangleleatherworks.ca\/#website","url":"https:\/\/silvertriangleleatherworks.ca\/","name":"Maroquinerie du Triangle d'Argent","description":"Designed for passion, Crafted for enduranse","potentialAction":[{"@type":"SearchAction","target":{"@type":"EntryPoint","urlTemplate":"https:\/\/silvertriangleleatherworks.ca\/?s={search_term_string}"},"query-input":{"@type":"PropertyValueSpecification","valueRequired":true,"valueName":"search_term_string"}}],"inLanguage":"fr-CA"}]}},"jetpack_sharing_enabled":true,"_links":{"self":[{"href":"https:\/\/silvertriangleleatherworks.ca\/fr\/wp-json\/wp\/v2\/product\/4165","targetHints":{"allow":["GET"]}}],"collection":[{"href":"https:\/\/silvertriangleleatherworks.ca\/fr\/wp-json\/wp\/v2\/product"}],"about":[{"href":"https:\/\/silvertriangleleatherworks.ca\/fr\/wp-json\/wp\/v2\/types\/product"}],"replies":[{"embeddable":true,"href":"https:\/\/silvertriangleleatherworks.ca\/fr\/wp-json\/wp\/v2\/comments?post=4165"}],"wp:attachment":[{"href":"https:\/\/silvertriangleleatherworks.ca\/fr\/wp-json\/wp\/v2\/media?parent=4165"}],"wp:term":[{"taxonomy":"product_brand","embeddable":true,"href":"https:\/\/silvertriangleleatherworks.ca\/fr\/wp-json\/wp\/v2\/product_brand?post=4165"},{"taxonomy":"product_cat","embeddable":true,"href":"https:\/\/silvertriangleleatherworks.ca\/fr\/wp-json\/wp\/v2\/product_cat?post=4165"},{"taxonomy":"product_tag","embeddable":true,"href":"https:\/\/silvertriangleleatherworks.ca\/fr\/wp-json\/wp\/v2\/product_tag?post=4165"}],"curies":[{"name":"wp","href":"https:\/\/api.w.org\/{rel}","templated":true}]}}