{"id":4094,"date":"2026-04-04T20:42:24","date_gmt":"2026-04-04T20:42:24","guid":{"rendered":"https:\/\/silvertriangleleatherworks.ca\/product\/stlw-leather-long-arm-paddle\/"},"modified":"2026-04-04T20:42:25","modified_gmt":"2026-04-04T20:42:25","slug":"stlw-leather-long-arm-paddle","status":"publish","type":"product","link":"https:\/\/silvertriangleleatherworks.ca\/fr\/produit\/stlw-leather-long-arm-paddle\/","title":{"rendered":"\u201cSTLW\u201d Pagaie \u00e0 bras long en cuir"},"content":{"rendered":"<p class=\"MsoNormal\"><b><span style=\"font-family: 'Aptost',serif;\">&#8220;STLW&#8221; Leather Long Arm Paddle &#8211; Available in a steel core (1\/2&#8243; x 14&#8243; Round SS) or Wooden core.<\/span><\/b><\/p>\n<p class=\"MsoNormal\"><b><span style=\"font-family: 'Aptost',serif;\">Chaque article en cuir \u201cSTLW\u201d est fabriqu\u00e9 \u00e0 la main \u00e0 la taille sp\u00e9cifi\u00e9e.<br \/>Si vous choisissez XL-XXL (sur mesure) ou si vous avez des exigences particuli\u00e8res en mati\u00e8re de coupe, il vous suffit de laisser vos mesures dans les commentaires lors de la commande - pas de d\u00e9lai, pas de frais suppl\u00e9mentaires.<\/span><\/b><\/p>\n<p class=\"MsoNormal\"><b><span style=\"font-family: 'Aptost',serif;\">Pour les personnes qui se trouvent entre deux tailles ou qui recherchent une coupe plus personnalis\u00e9e, nous vous encourageons \u00e0 indiquer vos mesures exactes.<\/span><\/b><\/p>\n<p class=\"MsoNormal\"><b><span style=\"font-family: 'Aptost',serif;\">Con\u00e7u pour la passion, con\u00e7u pour l'endurance.<br \/>Pour en savoir plus, veuillez consulter notre <a href=\"https:\/\/silvertriangleleatherworks.ca\/fr\/pages\/our-promise-to-you-our-customers\/\" title=\"Notre promesse \u00e0 vous, nos clients\" target=\"_blank\"><span style=\"mso-field-code: HYPERLINK;\">Notre promesse<\/span><\/a> et notre page <a href=\"https:\/\/silvertriangleleatherworks.ca\/fr\/pages\/warranty\/\" title=\"Notre garantie limit\u00e9e de 5 ans sur les pi\u00e8ces.\">Garantie<\/a> page.<\/span><\/b><\/p>","protected":false},"excerpt":{"rendered":"<p>&#8220;STLW&#8221; Leather Long Arm Paddle &#8211; Available in a steel core (1\/2&#8243; x 14&#8243; Round SS) or Wooden core. Every \u201cSTLW\u201d leather item is handcrafted to your specified size.If you select XL\u2013XXL (Custom) or have special fit requirements, just leave your measurements in the comments at checkout \u2014 no delays, no extra charge. For those [&hellip;]<\/p>\n","protected":false},"featured_media":4093,"comment_status":"open","ping_status":"closed","template":"","meta":{"_et_pb_use_builder":"","_et_pb_old_content":"","_et_gb_content_width":""},"product_brand":[],"product_cat":[88],"product_tag":[37,185,35,106,70,39,96,56,50,49,89,90,177,57,331,219,283,58,332,330,71],"class_list":{"0":"post-4094","1":"product","2":"type-product","3":"status-publish","4":"has-post-thumbnail","6":"product_cat-paddle","7":"product_tag-adult-2","8":"product_tag-adulthood","9":"product_tag-adultleathercalgary","10":"product_tag-bdsm-2","11":"product_tag-bedroom","12":"product_tag-erotic","13":"product_tag-erotica","14":"product_tag-kink","15":"product_tag-leather-3","16":"product_tag-leather-2","17":"product_tag-paddle","18":"product_tag-sadomasochism","19":"product_tag-accessories-2","20":"product_tag-adult-3","21":"product_tag-and","22":"product_tag-bdsm-3","23":"product_tag-bdsm-4","24":"product_tag-fetish-2","25":"product_tag-masochism","26":"product_tag-sadism","27":"product_tag-sex","29":"first","30":"instock","31":"taxable","32":"shipping-taxable","33":"product-type-simple"},"yoast_head":"<!-- This site is optimized with the Yoast SEO plugin v27.3 - https:\/\/yoast.com\/product\/yoast-seo-wordpress\/ -->\n<title>&quot;STLW&quot; Leather Long Arm Paddle - Silver Triangle Leatherworks<\/title>\n<meta name=\"robots\" content=\"index, follow, max-snippet:-1, max-image-preview:large, max-video-preview:-1\" \/>\n<link rel=\"canonical\" href=\"https:\/\/silvertriangleleatherworks.ca\/fr\/produit\/stlw-leather-long-arm-paddle\/\" \/>\n<meta property=\"og:locale\" content=\"fr_CA\" \/>\n<meta property=\"og:type\" content=\"article\" \/>\n<meta property=\"og:title\" content=\"&quot;STLW&quot; Leather Long Arm Paddle - Silver Triangle Leatherworks\" \/>\n<meta property=\"og:description\" content=\"&#8220;STLW&#8221; Leather Long Arm Paddle &#8211; Available in a steel core (1\/2&#8243; x 14&#8243; Round SS) or Wooden core. Every \u201cSTLW\u201d leather item is handcrafted to your specified size.If you select XL\u2013XXL (Custom) or have special fit requirements, just leave your measurements in the comments at checkout \u2014 no delays, no extra charge. For those [&hellip;]\" \/>\n<meta property=\"og:url\" content=\"https:\/\/silvertriangleleatherworks.ca\/fr\/produit\/stlw-leather-long-arm-paddle\/\" \/>\n<meta property=\"og:site_name\" content=\"Silver Triangle Leatherworks\" \/>\n<meta property=\"article:modified_time\" content=\"2026-04-04T20:42:25+00:00\" \/>\n<meta name=\"twitter:card\" content=\"summary_large_image\" \/>\n<script type=\"application\/ld+json\" class=\"yoast-schema-graph\">{\"@context\":\"https:\\\/\\\/schema.org\",\"@graph\":[{\"@type\":\"WebPage\",\"@id\":\"https:\\\/\\\/silvertriangleleatherworks.ca\\\/product\\\/stlw-leather-long-arm-paddle\\\/\",\"url\":\"https:\\\/\\\/silvertriangleleatherworks.ca\\\/product\\\/stlw-leather-long-arm-paddle\\\/\",\"name\":\"\\\"STLW\\\" Leather Long Arm Paddle - Silver Triangle Leatherworks\",\"isPartOf\":{\"@id\":\"https:\\\/\\\/silvertriangleleatherworks.ca\\\/#website\"},\"primaryImageOfPage\":{\"@id\":\"https:\\\/\\\/silvertriangleleatherworks.ca\\\/product\\\/stlw-leather-long-arm-paddle\\\/#primaryimage\"},\"image\":{\"@id\":\"https:\\\/\\\/silvertriangleleatherworks.ca\\\/product\\\/stlw-leather-long-arm-paddle\\\/#primaryimage\"},\"thumbnailUrl\":\"https:\\\/\\\/silvertriangleleatherworks.ca\\\/wp-content\\\/uploads\\\/2026\\\/04\\\/long_hand003.jpg\",\"datePublished\":\"2026-04-04T20:42:24+00:00\",\"dateModified\":\"2026-04-04T20:42:25+00:00\",\"breadcrumb\":{\"@id\":\"https:\\\/\\\/silvertriangleleatherworks.ca\\\/product\\\/stlw-leather-long-arm-paddle\\\/#breadcrumb\"},\"inLanguage\":\"fr-CA\",\"potentialAction\":[{\"@type\":\"ReadAction\",\"target\":[\"https:\\\/\\\/silvertriangleleatherworks.ca\\\/product\\\/stlw-leather-long-arm-paddle\\\/\"]}]},{\"@type\":\"ImageObject\",\"inLanguage\":\"fr-CA\",\"@id\":\"https:\\\/\\\/silvertriangleleatherworks.ca\\\/product\\\/stlw-leather-long-arm-paddle\\\/#primaryimage\",\"url\":\"https:\\\/\\\/silvertriangleleatherworks.ca\\\/wp-content\\\/uploads\\\/2026\\\/04\\\/long_hand003.jpg\",\"contentUrl\":\"https:\\\/\\\/silvertriangleleatherworks.ca\\\/wp-content\\\/uploads\\\/2026\\\/04\\\/long_hand003.jpg\",\"width\":450,\"height\":600},{\"@type\":\"BreadcrumbList\",\"@id\":\"https:\\\/\\\/silvertriangleleatherworks.ca\\\/product\\\/stlw-leather-long-arm-paddle\\\/#breadcrumb\",\"itemListElement\":[{\"@type\":\"ListItem\",\"position\":1,\"name\":\"Home\",\"item\":\"https:\\\/\\\/silvertriangleleatherworks.ca\\\/\"},{\"@type\":\"ListItem\",\"position\":2,\"name\":\"Shop\",\"item\":\"https:\\\/\\\/silvertriangleleatherworks.ca\\\/shopxmade-in-canada-adult-leathergoods\\\/\"},{\"@type\":\"ListItem\",\"position\":3,\"name\":\"&#8220;STLW&#8221; Leather Long Arm Paddle\"}]},{\"@type\":\"WebSite\",\"@id\":\"https:\\\/\\\/silvertriangleleatherworks.ca\\\/#website\",\"url\":\"https:\\\/\\\/silvertriangleleatherworks.ca\\\/\",\"name\":\"Silver Triangle Leatherworks\",\"description\":\"Designed for passion, Crafted for enduranse\",\"potentialAction\":[{\"@type\":\"SearchAction\",\"target\":{\"@type\":\"EntryPoint\",\"urlTemplate\":\"https:\\\/\\\/silvertriangleleatherworks.ca\\\/?s={search_term_string}\"},\"query-input\":{\"@type\":\"PropertyValueSpecification\",\"valueRequired\":true,\"valueName\":\"search_term_string\"}}],\"inLanguage\":\"fr-CA\"}]}<\/script>\n<!-- \/ Yoast SEO plugin. -->","yoast_head_json":{"title":"\"STLW\" Leather Long Arm Paddle - Silver Triangle Leatherworks","robots":{"index":"index","follow":"follow","max-snippet":"max-snippet:-1","max-image-preview":"max-image-preview:large","max-video-preview":"max-video-preview:-1"},"canonical":"https:\/\/silvertriangleleatherworks.ca\/fr\/produit\/stlw-leather-long-arm-paddle\/","og_locale":"fr_CA","og_type":"article","og_title":"\"STLW\" Leather Long Arm Paddle - Silver Triangle Leatherworks","og_description":"&#8220;STLW&#8221; Leather Long Arm Paddle &#8211; Available in a steel core (1\/2&#8243; x 14&#8243; Round SS) or Wooden core. Every \u201cSTLW\u201d leather item is handcrafted to your specified size.If you select XL\u2013XXL (Custom) or have special fit requirements, just leave your measurements in the comments at checkout \u2014 no delays, no extra charge. For those [&hellip;]","og_url":"https:\/\/silvertriangleleatherworks.ca\/fr\/produit\/stlw-leather-long-arm-paddle\/","og_site_name":"Silver Triangle Leatherworks","article_modified_time":"2026-04-04T20:42:25+00:00","twitter_card":"summary_large_image","schema":{"@context":"https:\/\/schema.org","@graph":[{"@type":"WebPage","@id":"https:\/\/silvertriangleleatherworks.ca\/product\/stlw-leather-long-arm-paddle\/","url":"https:\/\/silvertriangleleatherworks.ca\/product\/stlw-leather-long-arm-paddle\/","name":"\"STLW\" Leather Long Arm Paddle - Silver Triangle Leatherworks","isPartOf":{"@id":"https:\/\/silvertriangleleatherworks.ca\/#website"},"primaryImageOfPage":{"@id":"https:\/\/silvertriangleleatherworks.ca\/product\/stlw-leather-long-arm-paddle\/#primaryimage"},"image":{"@id":"https:\/\/silvertriangleleatherworks.ca\/product\/stlw-leather-long-arm-paddle\/#primaryimage"},"thumbnailUrl":"https:\/\/silvertriangleleatherworks.ca\/wp-content\/uploads\/2026\/04\/long_hand003.jpg","datePublished":"2026-04-04T20:42:24+00:00","dateModified":"2026-04-04T20:42:25+00:00","breadcrumb":{"@id":"https:\/\/silvertriangleleatherworks.ca\/product\/stlw-leather-long-arm-paddle\/#breadcrumb"},"inLanguage":"fr-CA","potentialAction":[{"@type":"ReadAction","target":["https:\/\/silvertriangleleatherworks.ca\/product\/stlw-leather-long-arm-paddle\/"]}]},{"@type":"ImageObject","inLanguage":"fr-CA","@id":"https:\/\/silvertriangleleatherworks.ca\/product\/stlw-leather-long-arm-paddle\/#primaryimage","url":"https:\/\/silvertriangleleatherworks.ca\/wp-content\/uploads\/2026\/04\/long_hand003.jpg","contentUrl":"https:\/\/silvertriangleleatherworks.ca\/wp-content\/uploads\/2026\/04\/long_hand003.jpg","width":450,"height":600},{"@type":"BreadcrumbList","@id":"https:\/\/silvertriangleleatherworks.ca\/product\/stlw-leather-long-arm-paddle\/#breadcrumb","itemListElement":[{"@type":"ListItem","position":1,"name":"Home","item":"https:\/\/silvertriangleleatherworks.ca\/"},{"@type":"ListItem","position":2,"name":"Shop","item":"https:\/\/silvertriangleleatherworks.ca\/shopxmade-in-canada-adult-leathergoods\/"},{"@type":"ListItem","position":3,"name":"&#8220;STLW&#8221; Leather Long Arm Paddle"}]},{"@type":"WebSite","@id":"https:\/\/silvertriangleleatherworks.ca\/#website","url":"https:\/\/silvertriangleleatherworks.ca\/","name":"Maroquinerie du Triangle d'Argent","description":"Designed for passion, Crafted for enduranse","potentialAction":[{"@type":"SearchAction","target":{"@type":"EntryPoint","urlTemplate":"https:\/\/silvertriangleleatherworks.ca\/?s={search_term_string}"},"query-input":{"@type":"PropertyValueSpecification","valueRequired":true,"valueName":"search_term_string"}}],"inLanguage":"fr-CA"}]}},"jetpack_sharing_enabled":true,"_links":{"self":[{"href":"https:\/\/silvertriangleleatherworks.ca\/fr\/wp-json\/wp\/v2\/product\/4094","targetHints":{"allow":["GET"]}}],"collection":[{"href":"https:\/\/silvertriangleleatherworks.ca\/fr\/wp-json\/wp\/v2\/product"}],"about":[{"href":"https:\/\/silvertriangleleatherworks.ca\/fr\/wp-json\/wp\/v2\/types\/product"}],"replies":[{"embeddable":true,"href":"https:\/\/silvertriangleleatherworks.ca\/fr\/wp-json\/wp\/v2\/comments?post=4094"}],"wp:featuredmedia":[{"embeddable":true,"href":"https:\/\/silvertriangleleatherworks.ca\/fr\/wp-json\/wp\/v2\/media\/4093"}],"wp:attachment":[{"href":"https:\/\/silvertriangleleatherworks.ca\/fr\/wp-json\/wp\/v2\/media?parent=4094"}],"wp:term":[{"taxonomy":"product_brand","embeddable":true,"href":"https:\/\/silvertriangleleatherworks.ca\/fr\/wp-json\/wp\/v2\/product_brand?post=4094"},{"taxonomy":"product_cat","embeddable":true,"href":"https:\/\/silvertriangleleatherworks.ca\/fr\/wp-json\/wp\/v2\/product_cat?post=4094"},{"taxonomy":"product_tag","embeddable":true,"href":"https:\/\/silvertriangleleatherworks.ca\/fr\/wp-json\/wp\/v2\/product_tag?post=4094"}],"curies":[{"name":"wp","href":"https:\/\/api.w.org\/{rel}","templated":true}]}}