{"id":4033,"date":"2026-04-04T20:41:57","date_gmt":"2026-04-04T20:41:57","guid":{"rendered":"https:\/\/silvertriangleleatherworks.ca\/product\/pup-play-large-mask-hood-10-colors-to-choose-from\/"},"modified":"2026-04-04T20:41:58","modified_gmt":"2026-04-04T20:41:58","slug":"pup-play-large-mask-hood-10-colors-to-choose-from","status":"publish","type":"product","link":"https:\/\/silvertriangleleatherworks.ca\/fr\/produit\/pup-play-large-mask-hood-10-colors-to-choose-from\/","title":{"rendered":"Pup Play Large Mask\/Hood - 10 couleurs au choix."},"content":{"rendered":"<p>Pup Play Large Mask\/Hood -10 couleurs au choix.<\/p>\n<p>Cet article est susceptible de faire l'objet d'une commande sp\u00e9ciale et peut n\u00e9cessiter un d\u00e9lai de livraison de 4 \u00e0 6 semaines.<\/p>\n<p>Le grand mod\u00e8le mesure de 56 \u00e0 61 cm.<\/p>","protected":false},"excerpt":{"rendered":"<p>Pup Play Large Mask\/Hood -10 Colors to choose from. This item is prone to be a special order and may require 4-6 weeks for delivery. Large measures at, 56-61 CM.<\/p>","protected":false},"featured_media":4013,"comment_status":"open","ping_status":"closed","template":"","meta":{"_et_pb_use_builder":"","_et_pb_old_content":"","_et_gb_content_width":""},"product_brand":[],"product_cat":[191],"product_tag":[280,106,39,56,195,206,331,219,283,379,380,28,330,381],"class_list":{"0":"post-4033","1":"product","2":"type-product","3":"status-publish","4":"has-post-thumbnail","6":"product_cat-pup-play","7":"product_tag-anime","8":"product_tag-bdsm-2","9":"product_tag-erotic","10":"product_tag-kink","11":"product_tag-mask-3","12":"product_tag-pup","13":"product_tag-and","14":"product_tag-bdsm-3","15":"product_tag-bdsm-4","16":"product_tag-claw","17":"product_tag-masochism-2","18":"product_tag-play","19":"product_tag-sadism","20":"product_tag-ws","22":"first","23":"instock","24":"taxable","25":"shipping-taxable","26":"product-type-simple"},"yoast_head":"<!-- This site is optimized with the Yoast SEO plugin v27.3 - https:\/\/yoast.com\/product\/yoast-seo-wordpress\/ -->\n<title>Pup Play Large Mask\/Hood - 10 Colors to choose from. - Silver Triangle Leatherworks<\/title>\n<meta name=\"robots\" content=\"index, follow, max-snippet:-1, max-image-preview:large, max-video-preview:-1\" \/>\n<link rel=\"canonical\" href=\"https:\/\/silvertriangleleatherworks.ca\/fr\/produit\/pup-play-large-mask-hood-10-colors-to-choose-from\/\" \/>\n<meta property=\"og:locale\" content=\"fr_CA\" \/>\n<meta property=\"og:type\" content=\"article\" \/>\n<meta property=\"og:title\" content=\"Pup Play Large Mask\/Hood - 10 Colors to choose from. - Silver Triangle Leatherworks\" \/>\n<meta property=\"og:description\" content=\"Pup Play Large Mask\/Hood -10 Colors to choose from. This item is prone to be a special order and may require 4-6 weeks for delivery. Large measures at, 56-61 CM.\" \/>\n<meta property=\"og:url\" content=\"https:\/\/silvertriangleleatherworks.ca\/fr\/produit\/pup-play-large-mask-hood-10-colors-to-choose-from\/\" \/>\n<meta property=\"og:site_name\" content=\"Silver Triangle Leatherworks\" \/>\n<meta property=\"article:modified_time\" content=\"2026-04-04T20:41:58+00:00\" \/>\n<meta name=\"twitter:card\" content=\"summary_large_image\" \/>\n<script type=\"application\/ld+json\" class=\"yoast-schema-graph\">{\"@context\":\"https:\\\/\\\/schema.org\",\"@graph\":[{\"@type\":\"WebPage\",\"@id\":\"https:\\\/\\\/silvertriangleleatherworks.ca\\\/product\\\/pup-play-large-mask-hood-10-colors-to-choose-from\\\/\",\"url\":\"https:\\\/\\\/silvertriangleleatherworks.ca\\\/product\\\/pup-play-large-mask-hood-10-colors-to-choose-from\\\/\",\"name\":\"Pup Play Large Mask\\\/Hood - 10 Colors to choose from. - Silver Triangle Leatherworks\",\"isPartOf\":{\"@id\":\"https:\\\/\\\/silvertriangleleatherworks.ca\\\/#website\"},\"primaryImageOfPage\":{\"@id\":\"https:\\\/\\\/silvertriangleleatherworks.ca\\\/product\\\/pup-play-large-mask-hood-10-colors-to-choose-from\\\/#primaryimage\"},\"image\":{\"@id\":\"https:\\\/\\\/silvertriangleleatherworks.ca\\\/product\\\/pup-play-large-mask-hood-10-colors-to-choose-from\\\/#primaryimage\"},\"thumbnailUrl\":\"https:\\\/\\\/silvertriangleleatherworks.ca\\\/wp-content\\\/uploads\\\/2026\\\/04\\\/aliexpyellowlarge_3157c08b-2718-45cc-86d4-fdb0946d0a35.jpg\",\"datePublished\":\"2026-04-04T20:41:57+00:00\",\"dateModified\":\"2026-04-04T20:41:58+00:00\",\"breadcrumb\":{\"@id\":\"https:\\\/\\\/silvertriangleleatherworks.ca\\\/product\\\/pup-play-large-mask-hood-10-colors-to-choose-from\\\/#breadcrumb\"},\"inLanguage\":\"fr-CA\",\"potentialAction\":[{\"@type\":\"ReadAction\",\"target\":[\"https:\\\/\\\/silvertriangleleatherworks.ca\\\/product\\\/pup-play-large-mask-hood-10-colors-to-choose-from\\\/\"]}]},{\"@type\":\"ImageObject\",\"inLanguage\":\"fr-CA\",\"@id\":\"https:\\\/\\\/silvertriangleleatherworks.ca\\\/product\\\/pup-play-large-mask-hood-10-colors-to-choose-from\\\/#primaryimage\",\"url\":\"https:\\\/\\\/silvertriangleleatherworks.ca\\\/wp-content\\\/uploads\\\/2026\\\/04\\\/aliexpyellowlarge_3157c08b-2718-45cc-86d4-fdb0946d0a35.jpg\",\"contentUrl\":\"https:\\\/\\\/silvertriangleleatherworks.ca\\\/wp-content\\\/uploads\\\/2026\\\/04\\\/aliexpyellowlarge_3157c08b-2718-45cc-86d4-fdb0946d0a35.jpg\",\"width\":1032,\"height\":1530},{\"@type\":\"BreadcrumbList\",\"@id\":\"https:\\\/\\\/silvertriangleleatherworks.ca\\\/product\\\/pup-play-large-mask-hood-10-colors-to-choose-from\\\/#breadcrumb\",\"itemListElement\":[{\"@type\":\"ListItem\",\"position\":1,\"name\":\"Home\",\"item\":\"https:\\\/\\\/silvertriangleleatherworks.ca\\\/\"},{\"@type\":\"ListItem\",\"position\":2,\"name\":\"Shop\",\"item\":\"https:\\\/\\\/silvertriangleleatherworks.ca\\\/shopxmade-in-canada-adult-leathergoods\\\/\"},{\"@type\":\"ListItem\",\"position\":3,\"name\":\"Pup Play Large Mask\\\/Hood &#8211; 10 Colors to choose from.\"}]},{\"@type\":\"WebSite\",\"@id\":\"https:\\\/\\\/silvertriangleleatherworks.ca\\\/#website\",\"url\":\"https:\\\/\\\/silvertriangleleatherworks.ca\\\/\",\"name\":\"Silver Triangle Leatherworks\",\"description\":\"Designed for passion, Crafted for enduranse\",\"potentialAction\":[{\"@type\":\"SearchAction\",\"target\":{\"@type\":\"EntryPoint\",\"urlTemplate\":\"https:\\\/\\\/silvertriangleleatherworks.ca\\\/?s={search_term_string}\"},\"query-input\":{\"@type\":\"PropertyValueSpecification\",\"valueRequired\":true,\"valueName\":\"search_term_string\"}}],\"inLanguage\":\"fr-CA\"}]}<\/script>\n<!-- \/ Yoast SEO plugin. -->","yoast_head_json":{"title":"Pup Play Large Mask\/Hood - 10 Colors to choose from. - Silver Triangle Leatherworks","robots":{"index":"index","follow":"follow","max-snippet":"max-snippet:-1","max-image-preview":"max-image-preview:large","max-video-preview":"max-video-preview:-1"},"canonical":"https:\/\/silvertriangleleatherworks.ca\/fr\/produit\/pup-play-large-mask-hood-10-colors-to-choose-from\/","og_locale":"fr_CA","og_type":"article","og_title":"Pup Play Large Mask\/Hood - 10 Colors to choose from. - Silver Triangle Leatherworks","og_description":"Pup Play Large Mask\/Hood -10 Colors to choose from. This item is prone to be a special order and may require 4-6 weeks for delivery. Large measures at, 56-61 CM.","og_url":"https:\/\/silvertriangleleatherworks.ca\/fr\/produit\/pup-play-large-mask-hood-10-colors-to-choose-from\/","og_site_name":"Silver Triangle Leatherworks","article_modified_time":"2026-04-04T20:41:58+00:00","twitter_card":"summary_large_image","schema":{"@context":"https:\/\/schema.org","@graph":[{"@type":"WebPage","@id":"https:\/\/silvertriangleleatherworks.ca\/product\/pup-play-large-mask-hood-10-colors-to-choose-from\/","url":"https:\/\/silvertriangleleatherworks.ca\/product\/pup-play-large-mask-hood-10-colors-to-choose-from\/","name":"Pup Play Large Mask\/Hood - 10 Colors to choose from. - Silver Triangle Leatherworks","isPartOf":{"@id":"https:\/\/silvertriangleleatherworks.ca\/#website"},"primaryImageOfPage":{"@id":"https:\/\/silvertriangleleatherworks.ca\/product\/pup-play-large-mask-hood-10-colors-to-choose-from\/#primaryimage"},"image":{"@id":"https:\/\/silvertriangleleatherworks.ca\/product\/pup-play-large-mask-hood-10-colors-to-choose-from\/#primaryimage"},"thumbnailUrl":"https:\/\/silvertriangleleatherworks.ca\/wp-content\/uploads\/2026\/04\/aliexpyellowlarge_3157c08b-2718-45cc-86d4-fdb0946d0a35.jpg","datePublished":"2026-04-04T20:41:57+00:00","dateModified":"2026-04-04T20:41:58+00:00","breadcrumb":{"@id":"https:\/\/silvertriangleleatherworks.ca\/product\/pup-play-large-mask-hood-10-colors-to-choose-from\/#breadcrumb"},"inLanguage":"fr-CA","potentialAction":[{"@type":"ReadAction","target":["https:\/\/silvertriangleleatherworks.ca\/product\/pup-play-large-mask-hood-10-colors-to-choose-from\/"]}]},{"@type":"ImageObject","inLanguage":"fr-CA","@id":"https:\/\/silvertriangleleatherworks.ca\/product\/pup-play-large-mask-hood-10-colors-to-choose-from\/#primaryimage","url":"https:\/\/silvertriangleleatherworks.ca\/wp-content\/uploads\/2026\/04\/aliexpyellowlarge_3157c08b-2718-45cc-86d4-fdb0946d0a35.jpg","contentUrl":"https:\/\/silvertriangleleatherworks.ca\/wp-content\/uploads\/2026\/04\/aliexpyellowlarge_3157c08b-2718-45cc-86d4-fdb0946d0a35.jpg","width":1032,"height":1530},{"@type":"BreadcrumbList","@id":"https:\/\/silvertriangleleatherworks.ca\/product\/pup-play-large-mask-hood-10-colors-to-choose-from\/#breadcrumb","itemListElement":[{"@type":"ListItem","position":1,"name":"Home","item":"https:\/\/silvertriangleleatherworks.ca\/"},{"@type":"ListItem","position":2,"name":"Shop","item":"https:\/\/silvertriangleleatherworks.ca\/shopxmade-in-canada-adult-leathergoods\/"},{"@type":"ListItem","position":3,"name":"Pup Play Large Mask\/Hood &#8211; 10 Colors to choose from."}]},{"@type":"WebSite","@id":"https:\/\/silvertriangleleatherworks.ca\/#website","url":"https:\/\/silvertriangleleatherworks.ca\/","name":"Maroquinerie du Triangle d'Argent","description":"Designed for passion, Crafted for enduranse","potentialAction":[{"@type":"SearchAction","target":{"@type":"EntryPoint","urlTemplate":"https:\/\/silvertriangleleatherworks.ca\/?s={search_term_string}"},"query-input":{"@type":"PropertyValueSpecification","valueRequired":true,"valueName":"search_term_string"}}],"inLanguage":"fr-CA"}]}},"jetpack_sharing_enabled":true,"_links":{"self":[{"href":"https:\/\/silvertriangleleatherworks.ca\/fr\/wp-json\/wp\/v2\/product\/4033","targetHints":{"allow":["GET"]}}],"collection":[{"href":"https:\/\/silvertriangleleatherworks.ca\/fr\/wp-json\/wp\/v2\/product"}],"about":[{"href":"https:\/\/silvertriangleleatherworks.ca\/fr\/wp-json\/wp\/v2\/types\/product"}],"replies":[{"embeddable":true,"href":"https:\/\/silvertriangleleatherworks.ca\/fr\/wp-json\/wp\/v2\/comments?post=4033"}],"wp:featuredmedia":[{"embeddable":true,"href":"https:\/\/silvertriangleleatherworks.ca\/fr\/wp-json\/wp\/v2\/media\/4013"}],"wp:attachment":[{"href":"https:\/\/silvertriangleleatherworks.ca\/fr\/wp-json\/wp\/v2\/media?parent=4033"}],"wp:term":[{"taxonomy":"product_brand","embeddable":true,"href":"https:\/\/silvertriangleleatherworks.ca\/fr\/wp-json\/wp\/v2\/product_brand?post=4033"},{"taxonomy":"product_cat","embeddable":true,"href":"https:\/\/silvertriangleleatherworks.ca\/fr\/wp-json\/wp\/v2\/product_cat?post=4033"},{"taxonomy":"product_tag","embeddable":true,"href":"https:\/\/silvertriangleleatherworks.ca\/fr\/wp-json\/wp\/v2\/product_tag?post=4033"}],"curies":[{"name":"wp","href":"https:\/\/api.w.org\/{rel}","templated":true}]}}