{"id":3985,"date":"2026-04-04T20:41:34","date_gmt":"2026-04-04T20:41:34","guid":{"rendered":"https:\/\/silvertriangleleatherworks.ca\/product\/stlw-handmade-leather-pup-mask\/"},"modified":"2026-04-04T20:41:34","modified_gmt":"2026-04-04T20:41:34","slug":"stlw-handmade-leather-pup-mask","status":"publish","type":"product","link":"https:\/\/silvertriangleleatherworks.ca\/fr\/produit\/stlw-handmade-leather-pup-mask\/","title":{"rendered":"\u201cSTLW\u201d Masque de chiot en cuir fait \u00e0 la main"},"content":{"rendered":"<p data-start=\"353\" data-end=\"604\">Lib\u00e9rez votre personnalit\u00e9 avec la derni\u00e8re <strong data-start=\"393\" data-end=\"413\">masque de chiot en cuir<\/strong> de Silver Triangle Leatherworks. D\u00e9coup\u00e9 et cousu \u00e0 la main, ce masque de type museli\u00e8re est un m\u00e9lange de <strong data-start=\"507\" data-end=\"545\">durabilit\u00e9 robuste avec des d\u00e9tails audacieux<\/strong>, Il s'agit donc autant d'une pi\u00e8ce d'apparat que d'un \u00e9quipement de jeu.<\/p>\n<p data-start=\"606\" data-end=\"907\">La base en cuir noir \u00e9pur\u00e9 est rehauss\u00e9e de <strong data-start=\"652\" data-end=\"678\">couture contrast\u00e9e<\/strong>, Vous choisissez la couleur du fil en fonction de votre style - des rouges f\u00e9roces aux noirs discrets en passant par les n\u00e9ons \u00e9lectrisants. Les bretelles r\u00e9glables garantissent confort et s\u00e9curit\u00e9, tandis que le design offre une silhouette puissante et incomparable.<\/p>\n<p data-start=\"909\" data-end=\"1090\">Ce masque est plus qu'un \u00e9quipement : c'est le <strong data-start=\"947\" data-end=\"978\">le dernier du genre en cuir<\/strong>, Il s'agit d'un produit qui porte le poids de la tradition et la marque d'un v\u00e9ritable savoir-faire artisanal. Une fois qu'il aura disparu, il n'y en aura plus d'autre.<\/p>\n<p data-start=\"1092\" data-end=\"1107\"><strong data-start=\"1092\" data-end=\"1105\">Caract\u00e9ristiques :<\/strong><\/p>\n<ul data-start=\"1108\" data-end=\"1349\">\n<li data-start=\"1108\" data-end=\"1162\">\n<p data-start=\"1110\" data-end=\"1162\">Cuir v\u00e9ritable, fabriqu\u00e9 \u00e0 la main par STLW<\/p>\n<\/li>\n<li data-start=\"1163\" data-end=\"1215\">\n<p data-start=\"1165\" data-end=\"1215\">Possibilit\u00e9 de personnaliser la couleur du fil en fonction de votre identit\u00e9. Il vous suffit de nous en informer dans la section des commentaires au moment du paiement.<\/p>\n<\/li>\n<li data-start=\"1216\" data-end=\"1257\">\n<p data-start=\"1218\" data-end=\"1257\">L\u00e9ger et durable pour une longue dur\u00e9e de vie<\/p>\n<\/li>\n<li data-start=\"1258\" data-end=\"1295\">\n<p data-start=\"1260\" data-end=\"1295\">Sangle r\u00e9glable pour un ajustement s\u00fbr<\/p>\n<\/li>\n<li data-start=\"1296\" data-end=\"1349\">\n<p data-start=\"1298\" data-end=\"1349\">Limit\u00e9 : dernier masque de chiot en cuir fait \u00e0 la main par STLW<\/p>\n<\/li>\n<\/ul>\n<p data-start=\"1351\" data-end=\"1399\"><strong data-start=\"1351\" data-end=\"1399\">Fabriqu\u00e9 pour la passion. Con\u00e7us pour l'endurance.<\/strong><\/p>\n<hr data-start=\"1401\" data-end=\"1404\">","protected":false},"excerpt":{"rendered":"<p>Unleash your personality with the final leather pup mask from Silver Triangle Leatherworks. Hand-cut and hand-stitched, this muzzle-style mask blends rugged durability with bold detail, making it as much a statement piece as it is play gear. The clean black leather base is accented with contrasting stitchwork, and you choose the thread color to match [&hellip;]<\/p>\n","protected":false},"featured_media":0,"comment_status":"open","ping_status":"closed","template":"","meta":{"_et_pb_use_builder":"","_et_pb_old_content":"","_et_gb_content_width":""},"product_brand":[],"product_cat":[191],"product_tag":[24,37,185,35,280,106,29,70,176,205,192,39,96,123,326,286,56,50,49,195,206,284,327,99,177,57,331,219,283,218,58,194,332,28,330,71],"class_list":{"0":"post-3985","1":"product","2":"type-product","3":"status-publish","5":"product_cat-pup-play","6":"product_tag-adult","7":"product_tag-adult-2","8":"product_tag-adulthood","9":"product_tag-adultleathercalgary","10":"product_tag-anime","11":"product_tag-bdsm-2","12":"product_tag-bdsm","13":"product_tag-bedroom","14":"product_tag-clothing","15":"product_tag-cosplay","16":"product_tag-dog","17":"product_tag-erotic","18":"product_tag-erotica","19":"product_tag-fetish-3","20":"product_tag-headgear","21":"product_tag-hood-2","22":"product_tag-kink","23":"product_tag-leather-3","24":"product_tag-leather-2","25":"product_tag-mask-3","26":"product_tag-pup","27":"product_tag-puppy-2","28":"product_tag-restraint-3","29":"product_tag-rubber","30":"product_tag-accessories-2","31":"product_tag-adult-3","32":"product_tag-and","33":"product_tag-bdsm-3","34":"product_tag-bdsm-4","35":"product_tag-collar-2","36":"product_tag-fetish-2","37":"product_tag-mask-2","38":"product_tag-masochism","39":"product_tag-play","40":"product_tag-sadism","41":"product_tag-sex","43":"first","44":"instock","45":"taxable","46":"shipping-taxable","47":"product-type-simple"},"yoast_head":"<!-- This site is optimized with the Yoast SEO plugin v27.3 - https:\/\/yoast.com\/product\/yoast-seo-wordpress\/ -->\n<title>&quot;STLW&quot; Handmade Leather Pup Mask - Silver Triangle Leatherworks<\/title>\n<meta name=\"robots\" content=\"index, follow, max-snippet:-1, max-image-preview:large, max-video-preview:-1\" \/>\n<link rel=\"canonical\" href=\"https:\/\/silvertriangleleatherworks.ca\/fr\/produit\/stlw-handmade-leather-pup-mask\/\" \/>\n<meta property=\"og:locale\" content=\"fr_CA\" \/>\n<meta property=\"og:type\" content=\"article\" \/>\n<meta property=\"og:title\" content=\"&quot;STLW&quot; Handmade Leather Pup Mask - Silver Triangle Leatherworks\" \/>\n<meta property=\"og:description\" content=\"Unleash your personality with the final leather pup mask from Silver Triangle Leatherworks. Hand-cut and hand-stitched, this muzzle-style mask blends rugged durability with bold detail, making it as much a statement piece as it is play gear. The clean black leather base is accented with contrasting stitchwork, and you choose the thread color to match [&hellip;]\" \/>\n<meta property=\"og:url\" content=\"https:\/\/silvertriangleleatherworks.ca\/fr\/produit\/stlw-handmade-leather-pup-mask\/\" \/>\n<meta property=\"og:site_name\" content=\"Silver Triangle Leatherworks\" \/>\n<meta name=\"twitter:card\" content=\"summary_large_image\" \/>\n<meta name=\"twitter:label1\" content=\"Estimation du temps de lecture\" \/>\n\t<meta name=\"twitter:data1\" content=\"1 minute\" \/>\n<script type=\"application\/ld+json\" class=\"yoast-schema-graph\">{\"@context\":\"https:\\\/\\\/schema.org\",\"@graph\":[{\"@type\":\"WebPage\",\"@id\":\"https:\\\/\\\/silvertriangleleatherworks.ca\\\/product\\\/stlw-handmade-leather-pup-mask\\\/\",\"url\":\"https:\\\/\\\/silvertriangleleatherworks.ca\\\/product\\\/stlw-handmade-leather-pup-mask\\\/\",\"name\":\"\\\"STLW\\\" Handmade Leather Pup Mask - Silver Triangle Leatherworks\",\"isPartOf\":{\"@id\":\"https:\\\/\\\/silvertriangleleatherworks.ca\\\/#website\"},\"datePublished\":\"2026-04-04T20:41:34+00:00\",\"breadcrumb\":{\"@id\":\"https:\\\/\\\/silvertriangleleatherworks.ca\\\/product\\\/stlw-handmade-leather-pup-mask\\\/#breadcrumb\"},\"inLanguage\":\"fr-CA\",\"potentialAction\":[{\"@type\":\"ReadAction\",\"target\":[\"https:\\\/\\\/silvertriangleleatherworks.ca\\\/product\\\/stlw-handmade-leather-pup-mask\\\/\"]}]},{\"@type\":\"BreadcrumbList\",\"@id\":\"https:\\\/\\\/silvertriangleleatherworks.ca\\\/product\\\/stlw-handmade-leather-pup-mask\\\/#breadcrumb\",\"itemListElement\":[{\"@type\":\"ListItem\",\"position\":1,\"name\":\"Home\",\"item\":\"https:\\\/\\\/silvertriangleleatherworks.ca\\\/\"},{\"@type\":\"ListItem\",\"position\":2,\"name\":\"Shop\",\"item\":\"https:\\\/\\\/silvertriangleleatherworks.ca\\\/shopxmade-in-canada-adult-leathergoods\\\/\"},{\"@type\":\"ListItem\",\"position\":3,\"name\":\"&#8220;STLW&#8221; Handmade Leather Pup Mask\"}]},{\"@type\":\"WebSite\",\"@id\":\"https:\\\/\\\/silvertriangleleatherworks.ca\\\/#website\",\"url\":\"https:\\\/\\\/silvertriangleleatherworks.ca\\\/\",\"name\":\"Silver Triangle Leatherworks\",\"description\":\"Designed for passion, Crafted for enduranse\",\"potentialAction\":[{\"@type\":\"SearchAction\",\"target\":{\"@type\":\"EntryPoint\",\"urlTemplate\":\"https:\\\/\\\/silvertriangleleatherworks.ca\\\/?s={search_term_string}\"},\"query-input\":{\"@type\":\"PropertyValueSpecification\",\"valueRequired\":true,\"valueName\":\"search_term_string\"}}],\"inLanguage\":\"fr-CA\"}]}<\/script>\n<!-- \/ Yoast SEO plugin. -->","yoast_head_json":{"title":"\"STLW\" Handmade Leather Pup Mask - Silver Triangle Leatherworks","robots":{"index":"index","follow":"follow","max-snippet":"max-snippet:-1","max-image-preview":"max-image-preview:large","max-video-preview":"max-video-preview:-1"},"canonical":"https:\/\/silvertriangleleatherworks.ca\/fr\/produit\/stlw-handmade-leather-pup-mask\/","og_locale":"fr_CA","og_type":"article","og_title":"\"STLW\" Handmade Leather Pup Mask - Silver Triangle Leatherworks","og_description":"Unleash your personality with the final leather pup mask from Silver Triangle Leatherworks. Hand-cut and hand-stitched, this muzzle-style mask blends rugged durability with bold detail, making it as much a statement piece as it is play gear. The clean black leather base is accented with contrasting stitchwork, and you choose the thread color to match [&hellip;]","og_url":"https:\/\/silvertriangleleatherworks.ca\/fr\/produit\/stlw-handmade-leather-pup-mask\/","og_site_name":"Silver Triangle Leatherworks","twitter_card":"summary_large_image","twitter_misc":{"Estimation du temps de lecture":"1 minute"},"schema":{"@context":"https:\/\/schema.org","@graph":[{"@type":"WebPage","@id":"https:\/\/silvertriangleleatherworks.ca\/product\/stlw-handmade-leather-pup-mask\/","url":"https:\/\/silvertriangleleatherworks.ca\/product\/stlw-handmade-leather-pup-mask\/","name":"\"STLW\" Handmade Leather Pup Mask - Silver Triangle Leatherworks","isPartOf":{"@id":"https:\/\/silvertriangleleatherworks.ca\/#website"},"datePublished":"2026-04-04T20:41:34+00:00","breadcrumb":{"@id":"https:\/\/silvertriangleleatherworks.ca\/product\/stlw-handmade-leather-pup-mask\/#breadcrumb"},"inLanguage":"fr-CA","potentialAction":[{"@type":"ReadAction","target":["https:\/\/silvertriangleleatherworks.ca\/product\/stlw-handmade-leather-pup-mask\/"]}]},{"@type":"BreadcrumbList","@id":"https:\/\/silvertriangleleatherworks.ca\/product\/stlw-handmade-leather-pup-mask\/#breadcrumb","itemListElement":[{"@type":"ListItem","position":1,"name":"Home","item":"https:\/\/silvertriangleleatherworks.ca\/"},{"@type":"ListItem","position":2,"name":"Shop","item":"https:\/\/silvertriangleleatherworks.ca\/shopxmade-in-canada-adult-leathergoods\/"},{"@type":"ListItem","position":3,"name":"&#8220;STLW&#8221; Handmade Leather Pup Mask"}]},{"@type":"WebSite","@id":"https:\/\/silvertriangleleatherworks.ca\/#website","url":"https:\/\/silvertriangleleatherworks.ca\/","name":"Maroquinerie du Triangle d'Argent","description":"Designed for passion, Crafted for enduranse","potentialAction":[{"@type":"SearchAction","target":{"@type":"EntryPoint","urlTemplate":"https:\/\/silvertriangleleatherworks.ca\/?s={search_term_string}"},"query-input":{"@type":"PropertyValueSpecification","valueRequired":true,"valueName":"search_term_string"}}],"inLanguage":"fr-CA"}]}},"jetpack_sharing_enabled":true,"_links":{"self":[{"href":"https:\/\/silvertriangleleatherworks.ca\/fr\/wp-json\/wp\/v2\/product\/3985","targetHints":{"allow":["GET"]}}],"collection":[{"href":"https:\/\/silvertriangleleatherworks.ca\/fr\/wp-json\/wp\/v2\/product"}],"about":[{"href":"https:\/\/silvertriangleleatherworks.ca\/fr\/wp-json\/wp\/v2\/types\/product"}],"replies":[{"embeddable":true,"href":"https:\/\/silvertriangleleatherworks.ca\/fr\/wp-json\/wp\/v2\/comments?post=3985"}],"wp:attachment":[{"href":"https:\/\/silvertriangleleatherworks.ca\/fr\/wp-json\/wp\/v2\/media?parent=3985"}],"wp:term":[{"taxonomy":"product_brand","embeddable":true,"href":"https:\/\/silvertriangleleatherworks.ca\/fr\/wp-json\/wp\/v2\/product_brand?post=3985"},{"taxonomy":"product_cat","embeddable":true,"href":"https:\/\/silvertriangleleatherworks.ca\/fr\/wp-json\/wp\/v2\/product_cat?post=3985"},{"taxonomy":"product_tag","embeddable":true,"href":"https:\/\/silvertriangleleatherworks.ca\/fr\/wp-json\/wp\/v2\/product_tag?post=3985"}],"curies":[{"name":"wp","href":"https:\/\/api.w.org\/{rel}","templated":true}]}}