{"id":3954,"date":"2026-04-04T20:41:23","date_gmt":"2026-04-04T20:41:23","guid":{"rendered":"https:\/\/silvertriangleleatherworks.ca\/product\/y-harness\/"},"modified":"2026-04-04T20:41:23","modified_gmt":"2026-04-04T20:41:23","slug":"y-harness","status":"publish","type":"product","link":"https:\/\/silvertriangleleatherworks.ca\/fr\/produit\/y-harness\/","title":{"rendered":"\u201cHarnais en \u201dY"},"content":{"rendered":"<h2 data-start=\"572\" data-end=\"632\">\u201cHarnais \u201dY\" Snap - L'embl\u00e9matique harnais de poitrine \u00e0 6 sangles<\/h2>\n<p data-start=\"634\" data-end=\"1039\"><strong data-start=\"634\" data-end=\"680\">Style \u201cY\u201d classique, fabriqu\u00e9 \u00e0 la main pour s'adapter.<\/strong><br data-start=\"680\" data-end=\"683\">\u201cHarnais \u00e0 boucle \u201dY\" - sangle de poitrine en cuir de 1,25\u2033 de 8 \u00e0 9 oz avec joints toriques et 6 sangles. R\u00e9glable, fabriqu\u00e9 \u00e0 la main et ferm\u00e9 par une boucle.<\/p>\n<p data-start=\"634\" data-end=\"1039\">Fabriqu\u00e9 \u00e0 Calgary, Alberta, Canada. Exp\u00e9dition possible dans le monde entier. E-mail : sean@silvertriangleleatherworks.ca<\/p>","protected":false},"excerpt":{"rendered":"<p>&#8220;Y&#8221; Snap Harness \u2014 The Iconic 6-Strap Chest Harness Classic &#8220;Y&#8221; style, handcrafted to fit.\u201cY&#8221; Buckle Harness \u2014 1.25\u2033 8-9 oz leather chest strap with O-rings and 6-strap layout. Adjustable, handcrafted, and buckle-closure. Made in Calgary, Alberts, Canada. Worldwide shipping available. E-mail: sean@silvertriangleleatherworks.ca<\/p>","protected":false},"featured_media":3953,"comment_status":"open","ping_status":"closed","template":"","meta":{"_et_pb_use_builder":"","_et_pb_old_content":"","_et_gb_content_width":""},"product_brand":[],"product_cat":[344],"product_tag":[37,29,345,318,346,123,46,144,50,48,47,145],"class_list":{"0":"post-3954","1":"product","2":"type-product","3":"status-publish","4":"has-post-thumbnail","6":"product_cat-mens-harnesses","7":"product_tag-adult-2","8":"product_tag-bdsm","9":"product_tag-blindfold","10":"product_tag-buckle","11":"product_tag-fantasy-2","12":"product_tag-fetish-3","13":"product_tag-handmade","14":"product_tag-harness","15":"product_tag-leather-3","16":"product_tag-canada","17":"product_tag-in","18":"product_tag-male","20":"first","21":"instock","22":"taxable","23":"shipping-taxable","24":"product-type-simple"},"yoast_head":"<!-- This site is optimized with the Yoast SEO plugin v27.3 - https:\/\/yoast.com\/product\/yoast-seo-wordpress\/ -->\n<title>&quot;Y&quot; Harness - Silver Triangle Leatherworks<\/title>\n<meta name=\"robots\" content=\"index, follow, max-snippet:-1, max-image-preview:large, max-video-preview:-1\" \/>\n<link rel=\"canonical\" href=\"https:\/\/silvertriangleleatherworks.ca\/fr\/produit\/y-harness\/\" \/>\n<meta property=\"og:locale\" content=\"fr_CA\" \/>\n<meta property=\"og:type\" content=\"article\" \/>\n<meta property=\"og:title\" content=\"&quot;Y&quot; Harness - Silver Triangle Leatherworks\" \/>\n<meta property=\"og:description\" content=\"&#8220;Y&#8221; Snap Harness \u2014 The Iconic 6-Strap Chest Harness Classic &#8220;Y&#8221; style, handcrafted to fit.\u201cY&#8221; Buckle Harness \u2014 1.25\u2033 8-9 oz leather chest strap with O-rings and 6-strap layout. Adjustable, handcrafted, and buckle-closure. Made in Calgary, Alberts, Canada. Worldwide shipping available. E-mail: sean@silvertriangleleatherworks.ca\" \/>\n<meta property=\"og:url\" content=\"https:\/\/silvertriangleleatherworks.ca\/fr\/produit\/y-harness\/\" \/>\n<meta property=\"og:site_name\" content=\"Silver Triangle Leatherworks\" \/>\n<meta name=\"twitter:card\" content=\"summary_large_image\" \/>\n<script type=\"application\/ld+json\" class=\"yoast-schema-graph\">{\"@context\":\"https:\\\/\\\/schema.org\",\"@graph\":[{\"@type\":\"WebPage\",\"@id\":\"https:\\\/\\\/silvertriangleleatherworks.ca\\\/product\\\/y-harness\\\/\",\"url\":\"https:\\\/\\\/silvertriangleleatherworks.ca\\\/product\\\/y-harness\\\/\",\"name\":\"\\\"Y\\\" Harness - Silver Triangle Leatherworks\",\"isPartOf\":{\"@id\":\"https:\\\/\\\/silvertriangleleatherworks.ca\\\/#website\"},\"primaryImageOfPage\":{\"@id\":\"https:\\\/\\\/silvertriangleleatherworks.ca\\\/product\\\/y-harness\\\/#primaryimage\"},\"image\":{\"@id\":\"https:\\\/\\\/silvertriangleleatherworks.ca\\\/product\\\/y-harness\\\/#primaryimage\"},\"thumbnailUrl\":\"https:\\\/\\\/silvertriangleleatherworks.ca\\\/wp-content\\\/uploads\\\/2026\\\/04\\\/masters_Y_Harness.jpg\",\"datePublished\":\"2026-04-04T20:41:23+00:00\",\"breadcrumb\":{\"@id\":\"https:\\\/\\\/silvertriangleleatherworks.ca\\\/product\\\/y-harness\\\/#breadcrumb\"},\"inLanguage\":\"fr-CA\",\"potentialAction\":[{\"@type\":\"ReadAction\",\"target\":[\"https:\\\/\\\/silvertriangleleatherworks.ca\\\/product\\\/y-harness\\\/\"]}]},{\"@type\":\"ImageObject\",\"inLanguage\":\"fr-CA\",\"@id\":\"https:\\\/\\\/silvertriangleleatherworks.ca\\\/product\\\/y-harness\\\/#primaryimage\",\"url\":\"https:\\\/\\\/silvertriangleleatherworks.ca\\\/wp-content\\\/uploads\\\/2026\\\/04\\\/masters_Y_Harness.jpg\",\"contentUrl\":\"https:\\\/\\\/silvertriangleleatherworks.ca\\\/wp-content\\\/uploads\\\/2026\\\/04\\\/masters_Y_Harness.jpg\",\"width\":904,\"height\":1032},{\"@type\":\"BreadcrumbList\",\"@id\":\"https:\\\/\\\/silvertriangleleatherworks.ca\\\/product\\\/y-harness\\\/#breadcrumb\",\"itemListElement\":[{\"@type\":\"ListItem\",\"position\":1,\"name\":\"Home\",\"item\":\"https:\\\/\\\/silvertriangleleatherworks.ca\\\/\"},{\"@type\":\"ListItem\",\"position\":2,\"name\":\"Shop\",\"item\":\"https:\\\/\\\/silvertriangleleatherworks.ca\\\/shopxmade-in-canada-adult-leathergoods\\\/\"},{\"@type\":\"ListItem\",\"position\":3,\"name\":\"&#8220;Y&#8221; Harness\"}]},{\"@type\":\"WebSite\",\"@id\":\"https:\\\/\\\/silvertriangleleatherworks.ca\\\/#website\",\"url\":\"https:\\\/\\\/silvertriangleleatherworks.ca\\\/\",\"name\":\"Silver Triangle Leatherworks\",\"description\":\"Designed for passion, Crafted for enduranse\",\"potentialAction\":[{\"@type\":\"SearchAction\",\"target\":{\"@type\":\"EntryPoint\",\"urlTemplate\":\"https:\\\/\\\/silvertriangleleatherworks.ca\\\/?s={search_term_string}\"},\"query-input\":{\"@type\":\"PropertyValueSpecification\",\"valueRequired\":true,\"valueName\":\"search_term_string\"}}],\"inLanguage\":\"fr-CA\"}]}<\/script>\n<!-- \/ Yoast SEO plugin. -->","yoast_head_json":{"title":"\"Y\" Harness - Silver Triangle Leatherworks","robots":{"index":"index","follow":"follow","max-snippet":"max-snippet:-1","max-image-preview":"max-image-preview:large","max-video-preview":"max-video-preview:-1"},"canonical":"https:\/\/silvertriangleleatherworks.ca\/fr\/produit\/y-harness\/","og_locale":"fr_CA","og_type":"article","og_title":"\"Y\" Harness - Silver Triangle Leatherworks","og_description":"&#8220;Y&#8221; Snap Harness \u2014 The Iconic 6-Strap Chest Harness Classic &#8220;Y&#8221; style, handcrafted to fit.\u201cY&#8221; Buckle Harness \u2014 1.25\u2033 8-9 oz leather chest strap with O-rings and 6-strap layout. Adjustable, handcrafted, and buckle-closure. Made in Calgary, Alberts, Canada. Worldwide shipping available. E-mail: sean@silvertriangleleatherworks.ca","og_url":"https:\/\/silvertriangleleatherworks.ca\/fr\/produit\/y-harness\/","og_site_name":"Silver Triangle Leatherworks","twitter_card":"summary_large_image","schema":{"@context":"https:\/\/schema.org","@graph":[{"@type":"WebPage","@id":"https:\/\/silvertriangleleatherworks.ca\/product\/y-harness\/","url":"https:\/\/silvertriangleleatherworks.ca\/product\/y-harness\/","name":"\"Y\" Harness - Silver Triangle Leatherworks","isPartOf":{"@id":"https:\/\/silvertriangleleatherworks.ca\/#website"},"primaryImageOfPage":{"@id":"https:\/\/silvertriangleleatherworks.ca\/product\/y-harness\/#primaryimage"},"image":{"@id":"https:\/\/silvertriangleleatherworks.ca\/product\/y-harness\/#primaryimage"},"thumbnailUrl":"https:\/\/silvertriangleleatherworks.ca\/wp-content\/uploads\/2026\/04\/masters_Y_Harness.jpg","datePublished":"2026-04-04T20:41:23+00:00","breadcrumb":{"@id":"https:\/\/silvertriangleleatherworks.ca\/product\/y-harness\/#breadcrumb"},"inLanguage":"fr-CA","potentialAction":[{"@type":"ReadAction","target":["https:\/\/silvertriangleleatherworks.ca\/product\/y-harness\/"]}]},{"@type":"ImageObject","inLanguage":"fr-CA","@id":"https:\/\/silvertriangleleatherworks.ca\/product\/y-harness\/#primaryimage","url":"https:\/\/silvertriangleleatherworks.ca\/wp-content\/uploads\/2026\/04\/masters_Y_Harness.jpg","contentUrl":"https:\/\/silvertriangleleatherworks.ca\/wp-content\/uploads\/2026\/04\/masters_Y_Harness.jpg","width":904,"height":1032},{"@type":"BreadcrumbList","@id":"https:\/\/silvertriangleleatherworks.ca\/product\/y-harness\/#breadcrumb","itemListElement":[{"@type":"ListItem","position":1,"name":"Home","item":"https:\/\/silvertriangleleatherworks.ca\/"},{"@type":"ListItem","position":2,"name":"Shop","item":"https:\/\/silvertriangleleatherworks.ca\/shopxmade-in-canada-adult-leathergoods\/"},{"@type":"ListItem","position":3,"name":"&#8220;Y&#8221; Harness"}]},{"@type":"WebSite","@id":"https:\/\/silvertriangleleatherworks.ca\/#website","url":"https:\/\/silvertriangleleatherworks.ca\/","name":"Maroquinerie du Triangle d'Argent","description":"Designed for passion, Crafted for enduranse","potentialAction":[{"@type":"SearchAction","target":{"@type":"EntryPoint","urlTemplate":"https:\/\/silvertriangleleatherworks.ca\/?s={search_term_string}"},"query-input":{"@type":"PropertyValueSpecification","valueRequired":true,"valueName":"search_term_string"}}],"inLanguage":"fr-CA"}]}},"jetpack_sharing_enabled":true,"_links":{"self":[{"href":"https:\/\/silvertriangleleatherworks.ca\/fr\/wp-json\/wp\/v2\/product\/3954","targetHints":{"allow":["GET"]}}],"collection":[{"href":"https:\/\/silvertriangleleatherworks.ca\/fr\/wp-json\/wp\/v2\/product"}],"about":[{"href":"https:\/\/silvertriangleleatherworks.ca\/fr\/wp-json\/wp\/v2\/types\/product"}],"replies":[{"embeddable":true,"href":"https:\/\/silvertriangleleatherworks.ca\/fr\/wp-json\/wp\/v2\/comments?post=3954"}],"wp:featuredmedia":[{"embeddable":true,"href":"https:\/\/silvertriangleleatherworks.ca\/fr\/wp-json\/wp\/v2\/media\/3953"}],"wp:attachment":[{"href":"https:\/\/silvertriangleleatherworks.ca\/fr\/wp-json\/wp\/v2\/media?parent=3954"}],"wp:term":[{"taxonomy":"product_brand","embeddable":true,"href":"https:\/\/silvertriangleleatherworks.ca\/fr\/wp-json\/wp\/v2\/product_brand?post=3954"},{"taxonomy":"product_cat","embeddable":true,"href":"https:\/\/silvertriangleleatherworks.ca\/fr\/wp-json\/wp\/v2\/product_cat?post=3954"},{"taxonomy":"product_tag","embeddable":true,"href":"https:\/\/silvertriangleleatherworks.ca\/fr\/wp-json\/wp\/v2\/product_tag?post=3954"}],"curies":[{"name":"wp","href":"https:\/\/api.w.org\/{rel}","templated":true}]}}