{"id":3945,"date":"2026-04-04T20:41:20","date_gmt":"2026-04-04T20:41:20","guid":{"rendered":"https:\/\/silvertriangleleatherworks.ca\/product\/remote-controlled-butt-plug\/"},"modified":"2026-04-04T20:41:20","modified_gmt":"2026-04-04T20:41:20","slug":"remote-controlled-butt-plug","status":"publish","type":"product","link":"https:\/\/silvertriangleleatherworks.ca\/fr\/produit\/remote-controlled-butt-plug\/","title":{"rendered":"Bouchon de cul t\u00e9l\u00e9command\u00e9"},"content":{"rendered":"<p><span>BDSM Electric Anal Plug &#8211; Magnetic USB Charging, Vibrating Male Intimacy Aid, Adult Sex Toy, Aluminum Alloy, Hand Wash Only<\/span><\/p>","protected":false},"excerpt":{"rendered":"<p>BDSM Electric Anal Plug &#8211; Magnetic USB Charging, Vibrating Male Intimacy Aid, Adult Sex Toy, Aluminum Alloy, Hand Wash Only<\/p>","protected":false},"featured_media":0,"comment_status":"open","ping_status":"closed","template":"","meta":{"_et_pb_use_builder":"","_et_pb_old_content":"","_et_gb_content_width":""},"product_brand":[],"product_cat":[337],"product_tag":[37,185,35,106,29,70,30,33,302,304,39,96,122,56,50,338,90,329,177,57,331,219,283,339,58,332,31,330,71,305,303],"class_list":{"0":"post-3945","1":"product","2":"type-product","3":"status-publish","5":"product_cat-sex-toy","6":"product_tag-adult-2","7":"product_tag-adulthood","8":"product_tag-adultleathercalgary","9":"product_tag-bdsm-2","10":"product_tag-bdsm","11":"product_tag-bedroom","12":"product_tag-butt","13":"product_tag-dildo-2","14":"product_tag-electric","15":"product_tag-electrical","16":"product_tag-erotic","17":"product_tag-erotica","18":"product_tag-female","19":"product_tag-kink","20":"product_tag-leather-3","21":"product_tag-remote","22":"product_tag-sadomasochism","23":"product_tag-strapon","24":"product_tag-accessories-2","25":"product_tag-adult-3","26":"product_tag-and","27":"product_tag-bdsm-3","28":"product_tag-bdsm-4","29":"product_tag-controlled","30":"product_tag-fetish-2","31":"product_tag-masochism","32":"product_tag-plug","33":"product_tag-sadism","34":"product_tag-sex","35":"product_tag-stimulation","36":"product_tag-toy","38":"first","39":"instock","40":"taxable","41":"shipping-taxable","42":"product-type-simple"},"yoast_head":"<!-- This site is optimized with the Yoast SEO plugin v27.3 - https:\/\/yoast.com\/product\/yoast-seo-wordpress\/ -->\n<title>Remote Controlled Butt Plug - Silver Triangle Leatherworks<\/title>\n<meta name=\"robots\" content=\"index, follow, max-snippet:-1, max-image-preview:large, max-video-preview:-1\" \/>\n<link rel=\"canonical\" href=\"https:\/\/silvertriangleleatherworks.ca\/fr\/produit\/remote-controlled-butt-plug\/\" \/>\n<meta property=\"og:locale\" content=\"fr_CA\" \/>\n<meta property=\"og:type\" content=\"article\" \/>\n<meta property=\"og:title\" content=\"Remote Controlled Butt Plug - Silver Triangle Leatherworks\" \/>\n<meta property=\"og:description\" content=\"BDSM Electric Anal Plug &#8211; Magnetic USB Charging, Vibrating Male Intimacy Aid, Adult Sex Toy, Aluminum Alloy, Hand Wash Only\" \/>\n<meta property=\"og:url\" content=\"https:\/\/silvertriangleleatherworks.ca\/fr\/produit\/remote-controlled-butt-plug\/\" \/>\n<meta property=\"og:site_name\" content=\"Silver Triangle Leatherworks\" \/>\n<meta name=\"twitter:card\" content=\"summary_large_image\" \/>\n<script type=\"application\/ld+json\" class=\"yoast-schema-graph\">{\"@context\":\"https:\\\/\\\/schema.org\",\"@graph\":[{\"@type\":\"WebPage\",\"@id\":\"https:\\\/\\\/silvertriangleleatherworks.ca\\\/product\\\/remote-controlled-butt-plug\\\/\",\"url\":\"https:\\\/\\\/silvertriangleleatherworks.ca\\\/product\\\/remote-controlled-butt-plug\\\/\",\"name\":\"Remote Controlled Butt Plug - Silver Triangle Leatherworks\",\"isPartOf\":{\"@id\":\"https:\\\/\\\/silvertriangleleatherworks.ca\\\/#website\"},\"datePublished\":\"2026-04-04T20:41:20+00:00\",\"breadcrumb\":{\"@id\":\"https:\\\/\\\/silvertriangleleatherworks.ca\\\/product\\\/remote-controlled-butt-plug\\\/#breadcrumb\"},\"inLanguage\":\"fr-CA\",\"potentialAction\":[{\"@type\":\"ReadAction\",\"target\":[\"https:\\\/\\\/silvertriangleleatherworks.ca\\\/product\\\/remote-controlled-butt-plug\\\/\"]}]},{\"@type\":\"BreadcrumbList\",\"@id\":\"https:\\\/\\\/silvertriangleleatherworks.ca\\\/product\\\/remote-controlled-butt-plug\\\/#breadcrumb\",\"itemListElement\":[{\"@type\":\"ListItem\",\"position\":1,\"name\":\"Home\",\"item\":\"https:\\\/\\\/silvertriangleleatherworks.ca\\\/\"},{\"@type\":\"ListItem\",\"position\":2,\"name\":\"Shop\",\"item\":\"https:\\\/\\\/silvertriangleleatherworks.ca\\\/shop\\\/\"},{\"@type\":\"ListItem\",\"position\":3,\"name\":\"Remote Controlled Butt Plug\"}]},{\"@type\":\"WebSite\",\"@id\":\"https:\\\/\\\/silvertriangleleatherworks.ca\\\/#website\",\"url\":\"https:\\\/\\\/silvertriangleleatherworks.ca\\\/\",\"name\":\"Silver Triangle Leatherworks\",\"description\":\"Designed for passion, Crafted for enduranse\",\"potentialAction\":[{\"@type\":\"SearchAction\",\"target\":{\"@type\":\"EntryPoint\",\"urlTemplate\":\"https:\\\/\\\/silvertriangleleatherworks.ca\\\/?s={search_term_string}\"},\"query-input\":{\"@type\":\"PropertyValueSpecification\",\"valueRequired\":true,\"valueName\":\"search_term_string\"}}],\"inLanguage\":\"fr-CA\"}]}<\/script>\n<!-- \/ Yoast SEO plugin. -->","yoast_head_json":{"title":"Remote Controlled Butt Plug - Silver Triangle Leatherworks","robots":{"index":"index","follow":"follow","max-snippet":"max-snippet:-1","max-image-preview":"max-image-preview:large","max-video-preview":"max-video-preview:-1"},"canonical":"https:\/\/silvertriangleleatherworks.ca\/fr\/produit\/remote-controlled-butt-plug\/","og_locale":"fr_CA","og_type":"article","og_title":"Remote Controlled Butt Plug - Silver Triangle Leatherworks","og_description":"BDSM Electric Anal Plug &#8211; Magnetic USB Charging, Vibrating Male Intimacy Aid, Adult Sex Toy, Aluminum Alloy, Hand Wash Only","og_url":"https:\/\/silvertriangleleatherworks.ca\/fr\/produit\/remote-controlled-butt-plug\/","og_site_name":"Silver Triangle Leatherworks","twitter_card":"summary_large_image","schema":{"@context":"https:\/\/schema.org","@graph":[{"@type":"WebPage","@id":"https:\/\/silvertriangleleatherworks.ca\/product\/remote-controlled-butt-plug\/","url":"https:\/\/silvertriangleleatherworks.ca\/product\/remote-controlled-butt-plug\/","name":"Remote Controlled Butt Plug - Silver Triangle Leatherworks","isPartOf":{"@id":"https:\/\/silvertriangleleatherworks.ca\/#website"},"datePublished":"2026-04-04T20:41:20+00:00","breadcrumb":{"@id":"https:\/\/silvertriangleleatherworks.ca\/product\/remote-controlled-butt-plug\/#breadcrumb"},"inLanguage":"fr-CA","potentialAction":[{"@type":"ReadAction","target":["https:\/\/silvertriangleleatherworks.ca\/product\/remote-controlled-butt-plug\/"]}]},{"@type":"BreadcrumbList","@id":"https:\/\/silvertriangleleatherworks.ca\/product\/remote-controlled-butt-plug\/#breadcrumb","itemListElement":[{"@type":"ListItem","position":1,"name":"Home","item":"https:\/\/silvertriangleleatherworks.ca\/"},{"@type":"ListItem","position":2,"name":"Shop","item":"https:\/\/silvertriangleleatherworks.ca\/shop\/"},{"@type":"ListItem","position":3,"name":"Remote Controlled Butt Plug"}]},{"@type":"WebSite","@id":"https:\/\/silvertriangleleatherworks.ca\/#website","url":"https:\/\/silvertriangleleatherworks.ca\/","name":"Maroquinerie du Triangle d'Argent","description":"Designed for passion, Crafted for enduranse","potentialAction":[{"@type":"SearchAction","target":{"@type":"EntryPoint","urlTemplate":"https:\/\/silvertriangleleatherworks.ca\/?s={search_term_string}"},"query-input":{"@type":"PropertyValueSpecification","valueRequired":true,"valueName":"search_term_string"}}],"inLanguage":"fr-CA"}]}},"jetpack_sharing_enabled":true,"_links":{"self":[{"href":"https:\/\/silvertriangleleatherworks.ca\/fr\/wp-json\/wp\/v2\/product\/3945","targetHints":{"allow":["GET"]}}],"collection":[{"href":"https:\/\/silvertriangleleatherworks.ca\/fr\/wp-json\/wp\/v2\/product"}],"about":[{"href":"https:\/\/silvertriangleleatherworks.ca\/fr\/wp-json\/wp\/v2\/types\/product"}],"replies":[{"embeddable":true,"href":"https:\/\/silvertriangleleatherworks.ca\/fr\/wp-json\/wp\/v2\/comments?post=3945"}],"wp:attachment":[{"href":"https:\/\/silvertriangleleatherworks.ca\/fr\/wp-json\/wp\/v2\/media?parent=3945"}],"wp:term":[{"taxonomy":"product_brand","embeddable":true,"href":"https:\/\/silvertriangleleatherworks.ca\/fr\/wp-json\/wp\/v2\/product_brand?post=3945"},{"taxonomy":"product_cat","embeddable":true,"href":"https:\/\/silvertriangleleatherworks.ca\/fr\/wp-json\/wp\/v2\/product_cat?post=3945"},{"taxonomy":"product_tag","embeddable":true,"href":"https:\/\/silvertriangleleatherworks.ca\/fr\/wp-json\/wp\/v2\/product_tag?post=3945"}],"curies":[{"name":"wp","href":"https:\/\/api.w.org\/{rel}","templated":true}]}}