{"id":3944,"date":"2026-04-04T20:41:19","date_gmt":"2026-04-04T20:41:19","guid":{"rendered":"https:\/\/silvertriangleleatherworks.ca\/product\/chastity-cage-w-butt-plug\/"},"modified":"2026-04-04T20:41:19","modified_gmt":"2026-04-04T20:41:19","slug":"chastity-cage-w-butt-plug","status":"publish","type":"product","link":"https:\/\/silvertriangleleatherworks.ca\/fr\/produit\/chastity-cage-w-butt-plug\/","title":{"rendered":"Cage de chastet\u00e9 avec bouchon de cul"},"content":{"rendered":"<p><span>Cage de chastet\u00e9 masculine r\u00e9glable avec bouchons de fesses anaux - Harnais r\u00e9glable avec 3 tailles d'anneaux, plastique durable, id\u00e9al pour le d\u00e9sir et le bien-\u00eatre des adultes, cadeau d'anniversaire parfait, appareil de divertissement pour adultes \/ harnais pratique \/ cage en plastique durable<\/span><\/p>","protected":false},"excerpt":{"rendered":"<p>Cage de chastet\u00e9 masculine r\u00e9glable avec bouchons de fesses anaux - Harnais r\u00e9glable avec 3 tailles d'anneaux, plastique durable, id\u00e9al pour le d\u00e9sir et le bien-\u00eatre des adultes, cadeau d'anniversaire parfait, appareil de divertissement pour adultes \/ harnais pratique \/ cage en plastique durable<\/p>","protected":false},"featured_media":0,"comment_status":"open","ping_status":"closed","template":"","meta":{"_et_pb_use_builder":"","_et_pb_old_content":"","_et_gb_content_width":""},"product_brand":[],"product_cat":[333],"product_tag":[37,185,35,106,29,70,30,62,65,39,96,123,56,50,334,328,329,177,57,219,283,66,335,58,31,336,71],"class_list":{"0":"post-3944","1":"product","2":"type-product","3":"status-publish","5":"product_cat-chastity-cage","6":"product_tag-adult-2","7":"product_tag-adulthood","8":"product_tag-adultleathercalgary","9":"product_tag-bdsm-2","10":"product_tag-bdsm","11":"product_tag-bedroom","12":"product_tag-butt","13":"product_tag-chastity","14":"product_tag-cock","15":"product_tag-erotic","16":"product_tag-erotica","17":"product_tag-fetish-3","18":"product_tag-kink","19":"product_tag-leather-3","20":"product_tag-padlock","21":"product_tag-strap-on-2","22":"product_tag-strapon","23":"product_tag-accessories-2","24":"product_tag-adult-3","25":"product_tag-bdsm-3","26":"product_tag-bdsm-4","27":"product_tag-cage","28":"product_tag-cock-2","29":"product_tag-fetish-2","30":"product_tag-plug","31":"product_tag-ring-2","32":"product_tag-sex","34":"first","35":"instock","36":"taxable","37":"shipping-taxable","38":"product-type-simple"},"yoast_head":"<!-- This site is optimized with the Yoast SEO plugin v27.3 - https:\/\/yoast.com\/product\/yoast-seo-wordpress\/ -->\n<title>Chastity Cage w\/Butt Plug - Silver Triangle Leatherworks<\/title>\n<meta name=\"robots\" content=\"index, follow, max-snippet:-1, max-image-preview:large, max-video-preview:-1\" \/>\n<link rel=\"canonical\" href=\"https:\/\/silvertriangleleatherworks.ca\/fr\/produit\/chastity-cage-w-butt-plug\/\" \/>\n<meta property=\"og:locale\" content=\"fr_CA\" \/>\n<meta property=\"og:type\" content=\"article\" \/>\n<meta property=\"og:title\" content=\"Chastity Cage w\/Butt Plug - Silver Triangle Leatherworks\" \/>\n<meta property=\"og:description\" content=\"Adjustable Male Chastity Cage with Anal Butt Plugs &#8211; Adjustable Harness Device Featuring 3 Size Rings, Durable Plastic, Ideal for Adult Desire and Wellness, Perfect Birthday Gift, Adult Entertainment Device\/Practical Harness\/Durable Plastic Cage\" \/>\n<meta property=\"og:url\" content=\"https:\/\/silvertriangleleatherworks.ca\/fr\/produit\/chastity-cage-w-butt-plug\/\" \/>\n<meta property=\"og:site_name\" content=\"Silver Triangle Leatherworks\" \/>\n<meta name=\"twitter:card\" content=\"summary_large_image\" \/>\n<script type=\"application\/ld+json\" class=\"yoast-schema-graph\">{\"@context\":\"https:\\\/\\\/schema.org\",\"@graph\":[{\"@type\":\"WebPage\",\"@id\":\"https:\\\/\\\/silvertriangleleatherworks.ca\\\/product\\\/chastity-cage-w-butt-plug\\\/\",\"url\":\"https:\\\/\\\/silvertriangleleatherworks.ca\\\/product\\\/chastity-cage-w-butt-plug\\\/\",\"name\":\"Chastity Cage w\\\/Butt Plug - Silver Triangle Leatherworks\",\"isPartOf\":{\"@id\":\"https:\\\/\\\/silvertriangleleatherworks.ca\\\/#website\"},\"datePublished\":\"2026-04-04T20:41:19+00:00\",\"breadcrumb\":{\"@id\":\"https:\\\/\\\/silvertriangleleatherworks.ca\\\/product\\\/chastity-cage-w-butt-plug\\\/#breadcrumb\"},\"inLanguage\":\"fr-CA\",\"potentialAction\":[{\"@type\":\"ReadAction\",\"target\":[\"https:\\\/\\\/silvertriangleleatherworks.ca\\\/product\\\/chastity-cage-w-butt-plug\\\/\"]}]},{\"@type\":\"BreadcrumbList\",\"@id\":\"https:\\\/\\\/silvertriangleleatherworks.ca\\\/product\\\/chastity-cage-w-butt-plug\\\/#breadcrumb\",\"itemListElement\":[{\"@type\":\"ListItem\",\"position\":1,\"name\":\"Home\",\"item\":\"https:\\\/\\\/silvertriangleleatherworks.ca\\\/\"},{\"@type\":\"ListItem\",\"position\":2,\"name\":\"Shop\",\"item\":\"https:\\\/\\\/silvertriangleleatherworks.ca\\\/shop\\\/\"},{\"@type\":\"ListItem\",\"position\":3,\"name\":\"Chastity Cage w\\\/Butt Plug\"}]},{\"@type\":\"WebSite\",\"@id\":\"https:\\\/\\\/silvertriangleleatherworks.ca\\\/#website\",\"url\":\"https:\\\/\\\/silvertriangleleatherworks.ca\\\/\",\"name\":\"Silver Triangle Leatherworks\",\"description\":\"Designed for passion, Crafted for enduranse\",\"potentialAction\":[{\"@type\":\"SearchAction\",\"target\":{\"@type\":\"EntryPoint\",\"urlTemplate\":\"https:\\\/\\\/silvertriangleleatherworks.ca\\\/?s={search_term_string}\"},\"query-input\":{\"@type\":\"PropertyValueSpecification\",\"valueRequired\":true,\"valueName\":\"search_term_string\"}}],\"inLanguage\":\"fr-CA\"}]}<\/script>\n<!-- \/ Yoast SEO plugin. -->","yoast_head_json":{"title":"Chastity Cage w\/Butt Plug - Silver Triangle Leatherworks","robots":{"index":"index","follow":"follow","max-snippet":"max-snippet:-1","max-image-preview":"max-image-preview:large","max-video-preview":"max-video-preview:-1"},"canonical":"https:\/\/silvertriangleleatherworks.ca\/fr\/produit\/chastity-cage-w-butt-plug\/","og_locale":"fr_CA","og_type":"article","og_title":"Chastity Cage w\/Butt Plug - Silver Triangle Leatherworks","og_description":"Adjustable Male Chastity Cage with Anal Butt Plugs &#8211; Adjustable Harness Device Featuring 3 Size Rings, Durable Plastic, Ideal for Adult Desire and Wellness, Perfect Birthday Gift, Adult Entertainment Device\/Practical Harness\/Durable Plastic Cage","og_url":"https:\/\/silvertriangleleatherworks.ca\/fr\/produit\/chastity-cage-w-butt-plug\/","og_site_name":"Silver Triangle Leatherworks","twitter_card":"summary_large_image","schema":{"@context":"https:\/\/schema.org","@graph":[{"@type":"WebPage","@id":"https:\/\/silvertriangleleatherworks.ca\/product\/chastity-cage-w-butt-plug\/","url":"https:\/\/silvertriangleleatherworks.ca\/product\/chastity-cage-w-butt-plug\/","name":"Chastity Cage w\/Butt Plug - Silver Triangle Leatherworks","isPartOf":{"@id":"https:\/\/silvertriangleleatherworks.ca\/#website"},"datePublished":"2026-04-04T20:41:19+00:00","breadcrumb":{"@id":"https:\/\/silvertriangleleatherworks.ca\/product\/chastity-cage-w-butt-plug\/#breadcrumb"},"inLanguage":"fr-CA","potentialAction":[{"@type":"ReadAction","target":["https:\/\/silvertriangleleatherworks.ca\/product\/chastity-cage-w-butt-plug\/"]}]},{"@type":"BreadcrumbList","@id":"https:\/\/silvertriangleleatherworks.ca\/product\/chastity-cage-w-butt-plug\/#breadcrumb","itemListElement":[{"@type":"ListItem","position":1,"name":"Home","item":"https:\/\/silvertriangleleatherworks.ca\/"},{"@type":"ListItem","position":2,"name":"Shop","item":"https:\/\/silvertriangleleatherworks.ca\/shop\/"},{"@type":"ListItem","position":3,"name":"Chastity Cage w\/Butt Plug"}]},{"@type":"WebSite","@id":"https:\/\/silvertriangleleatherworks.ca\/#website","url":"https:\/\/silvertriangleleatherworks.ca\/","name":"Maroquinerie du Triangle d'Argent","description":"Designed for passion, Crafted for enduranse","potentialAction":[{"@type":"SearchAction","target":{"@type":"EntryPoint","urlTemplate":"https:\/\/silvertriangleleatherworks.ca\/?s={search_term_string}"},"query-input":{"@type":"PropertyValueSpecification","valueRequired":true,"valueName":"search_term_string"}}],"inLanguage":"fr-CA"}]}},"jetpack_sharing_enabled":true,"_links":{"self":[{"href":"https:\/\/silvertriangleleatherworks.ca\/fr\/wp-json\/wp\/v2\/product\/3944","targetHints":{"allow":["GET"]}}],"collection":[{"href":"https:\/\/silvertriangleleatherworks.ca\/fr\/wp-json\/wp\/v2\/product"}],"about":[{"href":"https:\/\/silvertriangleleatherworks.ca\/fr\/wp-json\/wp\/v2\/types\/product"}],"replies":[{"embeddable":true,"href":"https:\/\/silvertriangleleatherworks.ca\/fr\/wp-json\/wp\/v2\/comments?post=3944"}],"wp:attachment":[{"href":"https:\/\/silvertriangleleatherworks.ca\/fr\/wp-json\/wp\/v2\/media?parent=3944"}],"wp:term":[{"taxonomy":"product_brand","embeddable":true,"href":"https:\/\/silvertriangleleatherworks.ca\/fr\/wp-json\/wp\/v2\/product_brand?post=3944"},{"taxonomy":"product_cat","embeddable":true,"href":"https:\/\/silvertriangleleatherworks.ca\/fr\/wp-json\/wp\/v2\/product_cat?post=3944"},{"taxonomy":"product_tag","embeddable":true,"href":"https:\/\/silvertriangleleatherworks.ca\/fr\/wp-json\/wp\/v2\/product_tag?post=3944"}],"curies":[{"name":"wp","href":"https:\/\/api.w.org\/{rel}","templated":true}]}}