{"id":3936,"date":"2026-04-04T20:41:17","date_gmt":"2026-04-04T20:41:17","guid":{"rendered":"https:\/\/silvertriangleleatherworks.ca\/product\/stlw-leather-bit-gag\/"},"modified":"2026-04-04T20:41:17","modified_gmt":"2026-04-04T20:41:17","slug":"stlw-leather-bit-gag","status":"publish","type":"product","link":"https:\/\/silvertriangleleatherworks.ca\/fr\/produit\/stlw-leather-bit-gag\/","title":{"rendered":"\u201cB\u00e2illon en cuir \u201dSTLW"},"content":{"rendered":"<p>&#8220;STLW&#8221; Hand-Made Leather Bit Gag.<\/p>\n<p class=\"MsoNormal\"><b><span style=\"font-family: 'Aptost',serif;\">Chaque article en cuir \u201cSTLW\u201d est fabriqu\u00e9 \u00e0 la main \u00e0 la taille sp\u00e9cifi\u00e9e.<br \/>Si vous choisissez XL-XXL (sur mesure) ou si vous avez des exigences particuli\u00e8res en mati\u00e8re de coupe, il vous suffit de laisser vos mesures dans les commentaires lors de la commande - pas de d\u00e9lai, pas de frais suppl\u00e9mentaires.<\/span><\/b><\/p>\n<p class=\"MsoNormal\"><b><span style=\"font-family: 'Aptost',serif;\">Pour les personnes qui se trouvent entre deux tailles ou qui recherchent une coupe plus personnalis\u00e9e, nous vous encourageons \u00e0 indiquer vos mesures exactes.<\/span><\/b><\/p>\n<p class=\"MsoNormal\"><b><span style=\"font-family: 'Aptost',serif;\">Con\u00e7u pour la passion, con\u00e7u pour l'endurance.<br \/>Pour en savoir plus, veuillez consulter notre <a href=\"https:\/\/silvertriangleleatherworks.ca\/fr\/pages\/our-promise-to-you-our-customers\/\" title=\"Notre promesse \u00e0 vous, nos clients\" target=\"_blank\"><span style=\"mso-field-code: HYPERLINK;\">Notre promesse<\/span><\/a> et notre page <a href=\"https:\/\/silvertriangleleatherworks.ca\/fr\/pages\/warranty\/\" title=\"Notre garantie limit\u00e9e de 5 ans sur les pi\u00e8ces.\">Garantie<\/a> page.<\/span><\/b><\/p>","protected":false},"excerpt":{"rendered":"<p>&#8220;STLW&#8221; Hand-Made Leather Bit Gag. Every \u201cSTLW\u201d leather item is handcrafted to your specified size.If you select XL\u2013XXL (Custom) or have special fit requirements, just leave your measurements in the comments at checkout \u2014 no delays, no extra charge. For those between sizes or seeking a more tailored fit, we encourage you to include your [&hellip;]<\/p>\n","protected":false},"featured_media":0,"comment_status":"open","ping_status":"closed","template":"","meta":{"_et_pb_use_builder":"","_et_pb_old_content":"","_et_gb_content_width":""},"product_brand":[],"product_cat":[257],"product_tag":[37,185,35,106,29,70,247,39,96,122,123,326,286,56,50,49,327,90,313,328,329,316,104,57,219,283,58,71],"class_list":{"0":"post-3936","1":"product","2":"type-product","3":"status-publish","5":"product_cat-gag","6":"product_tag-adult-2","7":"product_tag-adulthood","8":"product_tag-adultleathercalgary","9":"product_tag-bdsm-2","10":"product_tag-bdsm","11":"product_tag-bedroom","12":"product_tag-choker-3","13":"product_tag-erotic","14":"product_tag-erotica","15":"product_tag-female","16":"product_tag-fetish-3","17":"product_tag-headgear","18":"product_tag-hood-2","19":"product_tag-kink","20":"product_tag-leather-3","21":"product_tag-leather-2","22":"product_tag-restraint-3","23":"product_tag-sadomasochism","24":"product_tag-show-leather-info","25":"product_tag-strap-on-2","26":"product_tag-strapon","27":"product_tag-stud","28":"product_tag-accessories","29":"product_tag-adult-3","30":"product_tag-bdsm-3","31":"product_tag-bdsm-4","32":"product_tag-fetish-2","33":"product_tag-sex","35":"first","36":"instock","37":"taxable","38":"shipping-taxable","39":"product-type-simple"},"yoast_head":"<!-- This site is optimized with the Yoast SEO plugin v27.3 - https:\/\/yoast.com\/product\/yoast-seo-wordpress\/ -->\n<title>&quot;STLW&quot; Leather Bit Gag - Silver Triangle Leatherworks<\/title>\n<meta name=\"robots\" content=\"index, follow, max-snippet:-1, max-image-preview:large, max-video-preview:-1\" \/>\n<link rel=\"canonical\" href=\"https:\/\/silvertriangleleatherworks.ca\/fr\/produit\/stlw-leather-bit-gag\/\" \/>\n<meta property=\"og:locale\" content=\"fr_CA\" \/>\n<meta property=\"og:type\" content=\"article\" \/>\n<meta property=\"og:title\" content=\"&quot;STLW&quot; Leather Bit Gag - Silver Triangle Leatherworks\" \/>\n<meta property=\"og:description\" content=\"&#8220;STLW&#8221; Hand-Made Leather Bit Gag. Every \u201cSTLW\u201d leather item is handcrafted to your specified size.If you select XL\u2013XXL (Custom) or have special fit requirements, just leave your measurements in the comments at checkout \u2014 no delays, no extra charge. For those between sizes or seeking a more tailored fit, we encourage you to include your [&hellip;]\" \/>\n<meta property=\"og:url\" content=\"https:\/\/silvertriangleleatherworks.ca\/fr\/produit\/stlw-leather-bit-gag\/\" \/>\n<meta property=\"og:site_name\" content=\"Silver Triangle Leatherworks\" \/>\n<meta name=\"twitter:card\" content=\"summary_large_image\" \/>\n<script type=\"application\/ld+json\" class=\"yoast-schema-graph\">{\"@context\":\"https:\\\/\\\/schema.org\",\"@graph\":[{\"@type\":\"WebPage\",\"@id\":\"https:\\\/\\\/silvertriangleleatherworks.ca\\\/product\\\/stlw-leather-bit-gag\\\/\",\"url\":\"https:\\\/\\\/silvertriangleleatherworks.ca\\\/product\\\/stlw-leather-bit-gag\\\/\",\"name\":\"\\\"STLW\\\" Leather Bit Gag - Silver Triangle Leatherworks\",\"isPartOf\":{\"@id\":\"https:\\\/\\\/silvertriangleleatherworks.ca\\\/#website\"},\"datePublished\":\"2026-04-04T20:41:17+00:00\",\"breadcrumb\":{\"@id\":\"https:\\\/\\\/silvertriangleleatherworks.ca\\\/product\\\/stlw-leather-bit-gag\\\/#breadcrumb\"},\"inLanguage\":\"fr-CA\",\"potentialAction\":[{\"@type\":\"ReadAction\",\"target\":[\"https:\\\/\\\/silvertriangleleatherworks.ca\\\/product\\\/stlw-leather-bit-gag\\\/\"]}]},{\"@type\":\"BreadcrumbList\",\"@id\":\"https:\\\/\\\/silvertriangleleatherworks.ca\\\/product\\\/stlw-leather-bit-gag\\\/#breadcrumb\",\"itemListElement\":[{\"@type\":\"ListItem\",\"position\":1,\"name\":\"Home\",\"item\":\"https:\\\/\\\/silvertriangleleatherworks.ca\\\/\"},{\"@type\":\"ListItem\",\"position\":2,\"name\":\"Shop\",\"item\":\"https:\\\/\\\/silvertriangleleatherworks.ca\\\/shop\\\/\"},{\"@type\":\"ListItem\",\"position\":3,\"name\":\"&#8220;STLW&#8221; Leather Bit Gag\"}]},{\"@type\":\"WebSite\",\"@id\":\"https:\\\/\\\/silvertriangleleatherworks.ca\\\/#website\",\"url\":\"https:\\\/\\\/silvertriangleleatherworks.ca\\\/\",\"name\":\"Silver Triangle Leatherworks\",\"description\":\"Designed for passion, Crafted for enduranse\",\"potentialAction\":[{\"@type\":\"SearchAction\",\"target\":{\"@type\":\"EntryPoint\",\"urlTemplate\":\"https:\\\/\\\/silvertriangleleatherworks.ca\\\/?s={search_term_string}\"},\"query-input\":{\"@type\":\"PropertyValueSpecification\",\"valueRequired\":true,\"valueName\":\"search_term_string\"}}],\"inLanguage\":\"fr-CA\"}]}<\/script>\n<!-- \/ Yoast SEO plugin. -->","yoast_head_json":{"title":"\"STLW\" Leather Bit Gag - Silver Triangle Leatherworks","robots":{"index":"index","follow":"follow","max-snippet":"max-snippet:-1","max-image-preview":"max-image-preview:large","max-video-preview":"max-video-preview:-1"},"canonical":"https:\/\/silvertriangleleatherworks.ca\/fr\/produit\/stlw-leather-bit-gag\/","og_locale":"fr_CA","og_type":"article","og_title":"\"STLW\" Leather Bit Gag - Silver Triangle Leatherworks","og_description":"&#8220;STLW&#8221; Hand-Made Leather Bit Gag. Every \u201cSTLW\u201d leather item is handcrafted to your specified size.If you select XL\u2013XXL (Custom) or have special fit requirements, just leave your measurements in the comments at checkout \u2014 no delays, no extra charge. For those between sizes or seeking a more tailored fit, we encourage you to include your [&hellip;]","og_url":"https:\/\/silvertriangleleatherworks.ca\/fr\/produit\/stlw-leather-bit-gag\/","og_site_name":"Silver Triangle Leatherworks","twitter_card":"summary_large_image","schema":{"@context":"https:\/\/schema.org","@graph":[{"@type":"WebPage","@id":"https:\/\/silvertriangleleatherworks.ca\/product\/stlw-leather-bit-gag\/","url":"https:\/\/silvertriangleleatherworks.ca\/product\/stlw-leather-bit-gag\/","name":"\"STLW\" Leather Bit Gag - Silver Triangle Leatherworks","isPartOf":{"@id":"https:\/\/silvertriangleleatherworks.ca\/#website"},"datePublished":"2026-04-04T20:41:17+00:00","breadcrumb":{"@id":"https:\/\/silvertriangleleatherworks.ca\/product\/stlw-leather-bit-gag\/#breadcrumb"},"inLanguage":"fr-CA","potentialAction":[{"@type":"ReadAction","target":["https:\/\/silvertriangleleatherworks.ca\/product\/stlw-leather-bit-gag\/"]}]},{"@type":"BreadcrumbList","@id":"https:\/\/silvertriangleleatherworks.ca\/product\/stlw-leather-bit-gag\/#breadcrumb","itemListElement":[{"@type":"ListItem","position":1,"name":"Home","item":"https:\/\/silvertriangleleatherworks.ca\/"},{"@type":"ListItem","position":2,"name":"Shop","item":"https:\/\/silvertriangleleatherworks.ca\/shop\/"},{"@type":"ListItem","position":3,"name":"&#8220;STLW&#8221; Leather Bit Gag"}]},{"@type":"WebSite","@id":"https:\/\/silvertriangleleatherworks.ca\/#website","url":"https:\/\/silvertriangleleatherworks.ca\/","name":"Maroquinerie du Triangle d'Argent","description":"Designed for passion, Crafted for enduranse","potentialAction":[{"@type":"SearchAction","target":{"@type":"EntryPoint","urlTemplate":"https:\/\/silvertriangleleatherworks.ca\/?s={search_term_string}"},"query-input":{"@type":"PropertyValueSpecification","valueRequired":true,"valueName":"search_term_string"}}],"inLanguage":"fr-CA"}]}},"jetpack_sharing_enabled":true,"_links":{"self":[{"href":"https:\/\/silvertriangleleatherworks.ca\/fr\/wp-json\/wp\/v2\/product\/3936","targetHints":{"allow":["GET"]}}],"collection":[{"href":"https:\/\/silvertriangleleatherworks.ca\/fr\/wp-json\/wp\/v2\/product"}],"about":[{"href":"https:\/\/silvertriangleleatherworks.ca\/fr\/wp-json\/wp\/v2\/types\/product"}],"replies":[{"embeddable":true,"href":"https:\/\/silvertriangleleatherworks.ca\/fr\/wp-json\/wp\/v2\/comments?post=3936"}],"wp:attachment":[{"href":"https:\/\/silvertriangleleatherworks.ca\/fr\/wp-json\/wp\/v2\/media?parent=3936"}],"wp:term":[{"taxonomy":"product_brand","embeddable":true,"href":"https:\/\/silvertriangleleatherworks.ca\/fr\/wp-json\/wp\/v2\/product_brand?post=3936"},{"taxonomy":"product_cat","embeddable":true,"href":"https:\/\/silvertriangleleatherworks.ca\/fr\/wp-json\/wp\/v2\/product_cat?post=3936"},{"taxonomy":"product_tag","embeddable":true,"href":"https:\/\/silvertriangleleatherworks.ca\/fr\/wp-json\/wp\/v2\/product_tag?post=3936"}],"curies":[{"name":"wp","href":"https:\/\/api.w.org\/{rel}","templated":true}]}}