{"id":3928,"date":"2026-04-04T20:41:13","date_gmt":"2026-04-04T20:41:13","guid":{"rendered":"https:\/\/silvertriangleleatherworks.ca\/product\/stlw-leather-ball-stretcher\/"},"modified":"2026-04-04T20:41:13","modified_gmt":"2026-04-04T20:41:13","slug":"stlw-leather-ball-stretcher","status":"publish","type":"product","link":"https:\/\/silvertriangleleatherworks.ca\/fr\/produit\/stlw-leather-ball-stretcher\/","title":{"rendered":"\u201cSTLW\u201d Stretcher de balle en cuir"},"content":{"rendered":"<p>\u201cStretcher de balle en cuir \u201dSTLW\". Ces tendeurs de balles en cuir sont livr\u00e9s avec 2 t\u00eates \u00e0 pression. Veuillez commander par hauteur et par diam\u00e8tre.<\/p>\n<p class=\"MsoNormal\"><b><span style=\"font-family: 'Aptost',serif;\">Con\u00e7u pour la passion, con\u00e7u pour l'endurance.<br \/>Pour en savoir plus, veuillez consulter notre <\/span><\/b><a title=\"Notre promesse \u00e0 vous, nos clients\" href=\"https:\/\/silvertriangleleatherworks.ca\/fr\/pages\/our-promise-to-you-our-customers\/\" target=\"_blank\"><span style=\"mso-field-code: HYPERLINK;\"><b><span style=\"font-family: 'Aptost',serif;\">Notre promesse<\/span><\/b><\/span><\/a><b><span style=\"font-family: 'Aptost',serif;\"> et notre page <\/span><\/b><a title=\"Notre garantie limit\u00e9e de 5 ans sur les pi\u00e8ces.\" href=\"https:\/\/silvertriangleleatherworks.ca\/fr\/pages\/warranty\/\"><b><span style=\"font-family: 'Aptost',serif;\">Garantie<\/span><\/b><\/a><b><span style=\"font-family: 'Aptost',serif;\"> page.<\/span><\/b><\/p>","protected":false},"excerpt":{"rendered":"<p>&#8220;STLW&#8221; Leather Ball Stretcher. These Leather Ball Stretchers come with 2 snap Heads. Please order by height, and diameter. Crafted for passion, designed for endurance.To learn more, please visit our Our Promise page, and our Warranty page.<\/p>","protected":false},"featured_media":0,"comment_status":"open","ping_status":"closed","template":"","meta":{"_et_pb_use_builder":"","_et_pb_old_content":"","_et_gb_content_width":""},"product_brand":[],"product_cat":[67],"product_tag":[37,185,35,68,106,29,70,39,96,123,56,50,49,177,57,219,283,324,58,325,71,69],"class_list":{"0":"post-3928","1":"product","2":"type-product","3":"status-publish","5":"product_cat-ball-stretcher","6":"product_tag-adult-2","7":"product_tag-adulthood","8":"product_tag-adultleathercalgary","9":"product_tag-ball","10":"product_tag-bdsm-2","11":"product_tag-bdsm","12":"product_tag-bedroom","13":"product_tag-erotic","14":"product_tag-erotica","15":"product_tag-fetish-3","16":"product_tag-kink","17":"product_tag-leather-3","18":"product_tag-leather-2","19":"product_tag-accessories-2","20":"product_tag-adult-3","21":"product_tag-bdsm-3","22":"product_tag-bdsm-4","23":"product_tag-enhancing","24":"product_tag-fetish-2","25":"product_tag-penis","26":"product_tag-sex","27":"product_tag-stretcher","29":"first","30":"instock","31":"taxable","32":"shipping-taxable","33":"product-type-simple"},"yoast_head":"<!-- This site is optimized with the Yoast SEO plugin v27.3 - https:\/\/yoast.com\/product\/yoast-seo-wordpress\/ -->\n<title>&quot;STLW&quot; Leather Ball Stretcher - Silver Triangle Leatherworks<\/title>\n<meta name=\"robots\" content=\"index, follow, max-snippet:-1, max-image-preview:large, max-video-preview:-1\" \/>\n<link rel=\"canonical\" href=\"https:\/\/silvertriangleleatherworks.ca\/fr\/produit\/stlw-leather-ball-stretcher\/\" \/>\n<meta property=\"og:locale\" content=\"fr_CA\" \/>\n<meta property=\"og:type\" content=\"article\" \/>\n<meta property=\"og:title\" content=\"&quot;STLW&quot; Leather Ball Stretcher - Silver Triangle Leatherworks\" \/>\n<meta property=\"og:description\" content=\"&#8220;STLW&#8221; Leather Ball Stretcher. These Leather Ball Stretchers come with 2 snap Heads. Please order by height, and diameter. Crafted for passion, designed for endurance.To learn more, please visit our Our Promise page, and our Warranty page.\" \/>\n<meta property=\"og:url\" content=\"https:\/\/silvertriangleleatherworks.ca\/fr\/produit\/stlw-leather-ball-stretcher\/\" \/>\n<meta property=\"og:site_name\" content=\"Silver Triangle Leatherworks\" \/>\n<meta name=\"twitter:card\" content=\"summary_large_image\" \/>\n<script type=\"application\/ld+json\" class=\"yoast-schema-graph\">{\"@context\":\"https:\\\/\\\/schema.org\",\"@graph\":[{\"@type\":\"WebPage\",\"@id\":\"https:\\\/\\\/silvertriangleleatherworks.ca\\\/product\\\/stlw-leather-ball-stretcher\\\/\",\"url\":\"https:\\\/\\\/silvertriangleleatherworks.ca\\\/product\\\/stlw-leather-ball-stretcher\\\/\",\"name\":\"\\\"STLW\\\" Leather Ball Stretcher - Silver Triangle Leatherworks\",\"isPartOf\":{\"@id\":\"https:\\\/\\\/silvertriangleleatherworks.ca\\\/#website\"},\"datePublished\":\"2026-04-04T20:41:13+00:00\",\"breadcrumb\":{\"@id\":\"https:\\\/\\\/silvertriangleleatherworks.ca\\\/product\\\/stlw-leather-ball-stretcher\\\/#breadcrumb\"},\"inLanguage\":\"fr-CA\",\"potentialAction\":[{\"@type\":\"ReadAction\",\"target\":[\"https:\\\/\\\/silvertriangleleatherworks.ca\\\/product\\\/stlw-leather-ball-stretcher\\\/\"]}]},{\"@type\":\"BreadcrumbList\",\"@id\":\"https:\\\/\\\/silvertriangleleatherworks.ca\\\/product\\\/stlw-leather-ball-stretcher\\\/#breadcrumb\",\"itemListElement\":[{\"@type\":\"ListItem\",\"position\":1,\"name\":\"Home\",\"item\":\"https:\\\/\\\/silvertriangleleatherworks.ca\\\/\"},{\"@type\":\"ListItem\",\"position\":2,\"name\":\"Shop\",\"item\":\"https:\\\/\\\/silvertriangleleatherworks.ca\\\/shopxmade-in-canada-adult-leathergoods\\\/\"},{\"@type\":\"ListItem\",\"position\":3,\"name\":\"&#8220;STLW&#8221; Leather Ball Stretcher\"}]},{\"@type\":\"WebSite\",\"@id\":\"https:\\\/\\\/silvertriangleleatherworks.ca\\\/#website\",\"url\":\"https:\\\/\\\/silvertriangleleatherworks.ca\\\/\",\"name\":\"Silver Triangle Leatherworks\",\"description\":\"Designed for passion, Crafted for enduranse\",\"potentialAction\":[{\"@type\":\"SearchAction\",\"target\":{\"@type\":\"EntryPoint\",\"urlTemplate\":\"https:\\\/\\\/silvertriangleleatherworks.ca\\\/?s={search_term_string}\"},\"query-input\":{\"@type\":\"PropertyValueSpecification\",\"valueRequired\":true,\"valueName\":\"search_term_string\"}}],\"inLanguage\":\"fr-CA\"}]}<\/script>\n<!-- \/ Yoast SEO plugin. -->","yoast_head_json":{"title":"\"STLW\" Leather Ball Stretcher - Silver Triangle Leatherworks","robots":{"index":"index","follow":"follow","max-snippet":"max-snippet:-1","max-image-preview":"max-image-preview:large","max-video-preview":"max-video-preview:-1"},"canonical":"https:\/\/silvertriangleleatherworks.ca\/fr\/produit\/stlw-leather-ball-stretcher\/","og_locale":"fr_CA","og_type":"article","og_title":"\"STLW\" Leather Ball Stretcher - Silver Triangle Leatherworks","og_description":"&#8220;STLW&#8221; Leather Ball Stretcher. These Leather Ball Stretchers come with 2 snap Heads. Please order by height, and diameter. Crafted for passion, designed for endurance.To learn more, please visit our Our Promise page, and our Warranty page.","og_url":"https:\/\/silvertriangleleatherworks.ca\/fr\/produit\/stlw-leather-ball-stretcher\/","og_site_name":"Silver Triangle Leatherworks","twitter_card":"summary_large_image","schema":{"@context":"https:\/\/schema.org","@graph":[{"@type":"WebPage","@id":"https:\/\/silvertriangleleatherworks.ca\/product\/stlw-leather-ball-stretcher\/","url":"https:\/\/silvertriangleleatherworks.ca\/product\/stlw-leather-ball-stretcher\/","name":"\"STLW\" Leather Ball Stretcher - Silver Triangle Leatherworks","isPartOf":{"@id":"https:\/\/silvertriangleleatherworks.ca\/#website"},"datePublished":"2026-04-04T20:41:13+00:00","breadcrumb":{"@id":"https:\/\/silvertriangleleatherworks.ca\/product\/stlw-leather-ball-stretcher\/#breadcrumb"},"inLanguage":"fr-CA","potentialAction":[{"@type":"ReadAction","target":["https:\/\/silvertriangleleatherworks.ca\/product\/stlw-leather-ball-stretcher\/"]}]},{"@type":"BreadcrumbList","@id":"https:\/\/silvertriangleleatherworks.ca\/product\/stlw-leather-ball-stretcher\/#breadcrumb","itemListElement":[{"@type":"ListItem","position":1,"name":"Home","item":"https:\/\/silvertriangleleatherworks.ca\/"},{"@type":"ListItem","position":2,"name":"Shop","item":"https:\/\/silvertriangleleatherworks.ca\/shopxmade-in-canada-adult-leathergoods\/"},{"@type":"ListItem","position":3,"name":"&#8220;STLW&#8221; Leather Ball Stretcher"}]},{"@type":"WebSite","@id":"https:\/\/silvertriangleleatherworks.ca\/#website","url":"https:\/\/silvertriangleleatherworks.ca\/","name":"Maroquinerie du Triangle d'Argent","description":"Designed for passion, Crafted for enduranse","potentialAction":[{"@type":"SearchAction","target":{"@type":"EntryPoint","urlTemplate":"https:\/\/silvertriangleleatherworks.ca\/?s={search_term_string}"},"query-input":{"@type":"PropertyValueSpecification","valueRequired":true,"valueName":"search_term_string"}}],"inLanguage":"fr-CA"}]}},"jetpack_sharing_enabled":true,"_links":{"self":[{"href":"https:\/\/silvertriangleleatherworks.ca\/fr\/wp-json\/wp\/v2\/product\/3928","targetHints":{"allow":["GET"]}}],"collection":[{"href":"https:\/\/silvertriangleleatherworks.ca\/fr\/wp-json\/wp\/v2\/product"}],"about":[{"href":"https:\/\/silvertriangleleatherworks.ca\/fr\/wp-json\/wp\/v2\/types\/product"}],"replies":[{"embeddable":true,"href":"https:\/\/silvertriangleleatherworks.ca\/fr\/wp-json\/wp\/v2\/comments?post=3928"}],"wp:attachment":[{"href":"https:\/\/silvertriangleleatherworks.ca\/fr\/wp-json\/wp\/v2\/media?parent=3928"}],"wp:term":[{"taxonomy":"product_brand","embeddable":true,"href":"https:\/\/silvertriangleleatherworks.ca\/fr\/wp-json\/wp\/v2\/product_brand?post=3928"},{"taxonomy":"product_cat","embeddable":true,"href":"https:\/\/silvertriangleleatherworks.ca\/fr\/wp-json\/wp\/v2\/product_cat?post=3928"},{"taxonomy":"product_tag","embeddable":true,"href":"https:\/\/silvertriangleleatherworks.ca\/fr\/wp-json\/wp\/v2\/product_tag?post=3928"}],"curies":[{"name":"wp","href":"https:\/\/api.w.org\/{rel}","templated":true}]}}