{"id":3919,"date":"2026-04-04T20:41:10","date_gmt":"2026-04-04T20:41:10","guid":{"rendered":"https:\/\/silvertriangleleatherworks.ca\/product\/reinforced-paddle\/"},"modified":"2026-04-04T20:41:10","modified_gmt":"2026-04-04T20:41:10","slug":"reinforced-paddle","status":"publish","type":"product","link":"https:\/\/silvertriangleleatherworks.ca\/fr\/produit\/reinforced-paddle\/","title":{"rendered":"Pagaie renforc\u00e9e"},"content":{"rendered":"<p>\u201cSTLW\u201d HD Leather Reinforced Paddle, lisse des deux c\u00f4t\u00e9s, renforc\u00e9e \u00e0 l'int\u00e9rieur par une tige d'acier de 1\/2\u2033 au centre, prise en sandwich entre les deux couches de cuir.<\/p>\n<p>Mesure 3\u2033 x 12\u2033. Poids approximatif ; .809 livres<\/p>\n<p class=\"MsoNormal\"><span lang=\"EN-US\" style=\"font-family: 'Roboto Condensed Black'; mso-ansi-language: EN-US;\">Fabriqu\u00e9 \u00e0 la main \u00e0 Calgary, Alberta, Canada.<br \/>Exp\u00e9dition possible dans le monde entier.<br \/>Contact : info@silvertriangleleatherworks.ca<\/span><\/p>","protected":false},"excerpt":{"rendered":"<p>&#8220;STLW&#8221; HD Leather Reinforced Paddle, smooth on both sides, reinforced inside with\u00a0 a 1\/2&#8243; steel rod running up the center, sandwiched between the 2 layers of leather. Measures 3&#8243; x 12&#8243;. Approximate weight; .809 pounds Hand-Made in Calgary, Alberta, Canada.Shipping worldwide available.Contact: info@silvertriangleleatherworks.ca<\/p>","protected":false},"featured_media":0,"comment_status":"open","ping_status":"closed","template":"","meta":{"_et_pb_use_builder":"","_et_pb_old_content":"","_et_gb_content_width":""},"product_brand":[],"product_cat":[88],"product_tag":[37,185,35,106,70,39,96,56,50,49,89,314,313,315,316,177,57,219,283,58,71],"class_list":{"0":"post-3919","1":"product","2":"type-product","3":"status-publish","5":"product_cat-paddle","6":"product_tag-adult-2","7":"product_tag-adulthood","8":"product_tag-adultleathercalgary","9":"product_tag-bdsm-2","10":"product_tag-bedroom","11":"product_tag-erotic","12":"product_tag-erotica","13":"product_tag-kink","14":"product_tag-leather-3","15":"product_tag-leather-2","16":"product_tag-paddle","17":"product_tag-show_leather_info","18":"product_tag-show-leather-info","19":"product_tag-spike","20":"product_tag-stud","21":"product_tag-accessories-2","22":"product_tag-adult-3","23":"product_tag-bdsm-3","24":"product_tag-bdsm-4","25":"product_tag-fetish-2","26":"product_tag-sex","28":"first","29":"instock","30":"taxable","31":"shipping-taxable","32":"product-type-simple"},"yoast_head":"<!-- This site is optimized with the Yoast SEO plugin v27.3 - https:\/\/yoast.com\/product\/yoast-seo-wordpress\/ -->\n<title>Reinforced Paddle - Silver Triangle Leatherworks<\/title>\n<meta name=\"robots\" content=\"index, follow, max-snippet:-1, max-image-preview:large, max-video-preview:-1\" \/>\n<link rel=\"canonical\" href=\"https:\/\/silvertriangleleatherworks.ca\/fr\/produit\/reinforced-paddle\/\" \/>\n<meta property=\"og:locale\" content=\"fr_CA\" \/>\n<meta property=\"og:type\" content=\"article\" \/>\n<meta property=\"og:title\" content=\"Reinforced Paddle - Silver Triangle Leatherworks\" \/>\n<meta property=\"og:description\" content=\"&#8220;STLW&#8221; HD Leather Reinforced Paddle, smooth on both sides, reinforced inside with\u00a0 a 1\/2&#8243; steel rod running up the center, sandwiched between the 2 layers of leather. Measures 3&#8243; x 12&#8243;. Approximate weight; .809 pounds Hand-Made in Calgary, Alberta, Canada.Shipping worldwide available.Contact: info@silvertriangleleatherworks.ca\" \/>\n<meta property=\"og:url\" content=\"https:\/\/silvertriangleleatherworks.ca\/fr\/produit\/reinforced-paddle\/\" \/>\n<meta property=\"og:site_name\" content=\"Silver Triangle Leatherworks\" \/>\n<meta name=\"twitter:card\" content=\"summary_large_image\" \/>\n<script type=\"application\/ld+json\" class=\"yoast-schema-graph\">{\"@context\":\"https:\\\/\\\/schema.org\",\"@graph\":[{\"@type\":\"WebPage\",\"@id\":\"https:\\\/\\\/silvertriangleleatherworks.ca\\\/product\\\/reinforced-paddle\\\/\",\"url\":\"https:\\\/\\\/silvertriangleleatherworks.ca\\\/product\\\/reinforced-paddle\\\/\",\"name\":\"Reinforced Paddle - Silver Triangle Leatherworks\",\"isPartOf\":{\"@id\":\"https:\\\/\\\/silvertriangleleatherworks.ca\\\/#website\"},\"datePublished\":\"2026-04-04T20:41:10+00:00\",\"breadcrumb\":{\"@id\":\"https:\\\/\\\/silvertriangleleatherworks.ca\\\/product\\\/reinforced-paddle\\\/#breadcrumb\"},\"inLanguage\":\"fr-CA\",\"potentialAction\":[{\"@type\":\"ReadAction\",\"target\":[\"https:\\\/\\\/silvertriangleleatherworks.ca\\\/product\\\/reinforced-paddle\\\/\"]}]},{\"@type\":\"BreadcrumbList\",\"@id\":\"https:\\\/\\\/silvertriangleleatherworks.ca\\\/product\\\/reinforced-paddle\\\/#breadcrumb\",\"itemListElement\":[{\"@type\":\"ListItem\",\"position\":1,\"name\":\"Home\",\"item\":\"https:\\\/\\\/silvertriangleleatherworks.ca\\\/\"},{\"@type\":\"ListItem\",\"position\":2,\"name\":\"Shop\",\"item\":\"https:\\\/\\\/silvertriangleleatherworks.ca\\\/shopxmade-in-canada-adult-leathergoods\\\/\"},{\"@type\":\"ListItem\",\"position\":3,\"name\":\"Reinforced Paddle\"}]},{\"@type\":\"WebSite\",\"@id\":\"https:\\\/\\\/silvertriangleleatherworks.ca\\\/#website\",\"url\":\"https:\\\/\\\/silvertriangleleatherworks.ca\\\/\",\"name\":\"Silver Triangle Leatherworks\",\"description\":\"Designed for passion, Crafted for enduranse\",\"potentialAction\":[{\"@type\":\"SearchAction\",\"target\":{\"@type\":\"EntryPoint\",\"urlTemplate\":\"https:\\\/\\\/silvertriangleleatherworks.ca\\\/?s={search_term_string}\"},\"query-input\":{\"@type\":\"PropertyValueSpecification\",\"valueRequired\":true,\"valueName\":\"search_term_string\"}}],\"inLanguage\":\"fr-CA\"}]}<\/script>\n<!-- \/ Yoast SEO plugin. -->","yoast_head_json":{"title":"Reinforced Paddle - Silver Triangle Leatherworks","robots":{"index":"index","follow":"follow","max-snippet":"max-snippet:-1","max-image-preview":"max-image-preview:large","max-video-preview":"max-video-preview:-1"},"canonical":"https:\/\/silvertriangleleatherworks.ca\/fr\/produit\/reinforced-paddle\/","og_locale":"fr_CA","og_type":"article","og_title":"Reinforced Paddle - Silver Triangle Leatherworks","og_description":"&#8220;STLW&#8221; HD Leather Reinforced Paddle, smooth on both sides, reinforced inside with\u00a0 a 1\/2&#8243; steel rod running up the center, sandwiched between the 2 layers of leather. Measures 3&#8243; x 12&#8243;. Approximate weight; .809 pounds Hand-Made in Calgary, Alberta, Canada.Shipping worldwide available.Contact: info@silvertriangleleatherworks.ca","og_url":"https:\/\/silvertriangleleatherworks.ca\/fr\/produit\/reinforced-paddle\/","og_site_name":"Silver Triangle Leatherworks","twitter_card":"summary_large_image","schema":{"@context":"https:\/\/schema.org","@graph":[{"@type":"WebPage","@id":"https:\/\/silvertriangleleatherworks.ca\/product\/reinforced-paddle\/","url":"https:\/\/silvertriangleleatherworks.ca\/product\/reinforced-paddle\/","name":"Reinforced Paddle - Silver Triangle Leatherworks","isPartOf":{"@id":"https:\/\/silvertriangleleatherworks.ca\/#website"},"datePublished":"2026-04-04T20:41:10+00:00","breadcrumb":{"@id":"https:\/\/silvertriangleleatherworks.ca\/product\/reinforced-paddle\/#breadcrumb"},"inLanguage":"fr-CA","potentialAction":[{"@type":"ReadAction","target":["https:\/\/silvertriangleleatherworks.ca\/product\/reinforced-paddle\/"]}]},{"@type":"BreadcrumbList","@id":"https:\/\/silvertriangleleatherworks.ca\/product\/reinforced-paddle\/#breadcrumb","itemListElement":[{"@type":"ListItem","position":1,"name":"Home","item":"https:\/\/silvertriangleleatherworks.ca\/"},{"@type":"ListItem","position":2,"name":"Shop","item":"https:\/\/silvertriangleleatherworks.ca\/shopxmade-in-canada-adult-leathergoods\/"},{"@type":"ListItem","position":3,"name":"Reinforced Paddle"}]},{"@type":"WebSite","@id":"https:\/\/silvertriangleleatherworks.ca\/#website","url":"https:\/\/silvertriangleleatherworks.ca\/","name":"Maroquinerie du Triangle d'Argent","description":"Designed for passion, Crafted for enduranse","potentialAction":[{"@type":"SearchAction","target":{"@type":"EntryPoint","urlTemplate":"https:\/\/silvertriangleleatherworks.ca\/?s={search_term_string}"},"query-input":{"@type":"PropertyValueSpecification","valueRequired":true,"valueName":"search_term_string"}}],"inLanguage":"fr-CA"}]}},"jetpack_sharing_enabled":true,"_links":{"self":[{"href":"https:\/\/silvertriangleleatherworks.ca\/fr\/wp-json\/wp\/v2\/product\/3919","targetHints":{"allow":["GET"]}}],"collection":[{"href":"https:\/\/silvertriangleleatherworks.ca\/fr\/wp-json\/wp\/v2\/product"}],"about":[{"href":"https:\/\/silvertriangleleatherworks.ca\/fr\/wp-json\/wp\/v2\/types\/product"}],"replies":[{"embeddable":true,"href":"https:\/\/silvertriangleleatherworks.ca\/fr\/wp-json\/wp\/v2\/comments?post=3919"}],"wp:attachment":[{"href":"https:\/\/silvertriangleleatherworks.ca\/fr\/wp-json\/wp\/v2\/media?parent=3919"}],"wp:term":[{"taxonomy":"product_brand","embeddable":true,"href":"https:\/\/silvertriangleleatherworks.ca\/fr\/wp-json\/wp\/v2\/product_brand?post=3919"},{"taxonomy":"product_cat","embeddable":true,"href":"https:\/\/silvertriangleleatherworks.ca\/fr\/wp-json\/wp\/v2\/product_cat?post=3919"},{"taxonomy":"product_tag","embeddable":true,"href":"https:\/\/silvertriangleleatherworks.ca\/fr\/wp-json\/wp\/v2\/product_tag?post=3919"}],"curies":[{"name":"wp","href":"https:\/\/api.w.org\/{rel}","templated":true}]}}