{"id":3723,"date":"2026-04-04T20:40:13","date_gmt":"2026-04-04T20:40:13","guid":{"rendered":"https:\/\/silvertriangleleatherworks.ca\/product\/sexy-rhinestone-see-through-nightdress\/"},"modified":"2026-04-04T20:40:14","modified_gmt":"2026-04-04T20:40:14","slug":"sexy-rhinestone-see-through-nightdress","status":"publish","type":"product","link":"https:\/\/silvertriangleleatherworks.ca\/fr\/produit\/sexy-rhinestone-see-through-nightdress\/","title":{"rendered":"Chemise de nuit transparente avec strass"},"content":{"rendered":"<p>Disponible en S-M (4-8), L (10), XL (12), 2XL (14), 3XL (16), 4XL (18), 5XL (20), 6XL (22), 6XL (24)<\/p>\n<p>Disponible en 6 couleurs. Noir, violet fonc\u00e9, blanc, rouge, rose, rouge noir<\/p>\n<p>Notre s\u00e9lection d'articles en stock va \u00eatre r\u00e9duite pendant un certain temps, c'est pourquoi beaucoup d'entre eux sont des commandes sp\u00e9ciales.<\/p>\n<p>C'est une chose \u00e0 laquelle je n'avais jamais pens\u00e9 jusqu'\u00e0 ce que je l'aborde ce week-end lors d'une exposition.<\/p>\n<p>Toutes les ventes de lingerie sont d\u00e9finitives, AUCUNE EXCEPTION !<\/p>","protected":false},"excerpt":{"rendered":"<p>Available in S-M (4-8), L (10), XL (12), 2XL (14), 3XL (16), 4XL (18), 5XL (20), 6XL (22), 6XL (24) Available in 6 colours. Black, Dark Purple, White, Red, Pink, Black Red Our selection of in stock items is going to be small for a while so a lot of these are special order. This [&hellip;]<\/p>\n","protected":false},"featured_media":3722,"comment_status":"open","ping_status":"closed","template":"","meta":{"_et_pb_use_builder":"","_et_pb_old_content":"","_et_gb_content_width":""},"product_brand":[],"product_cat":[121],"product_tag":[37,176,178,39,122,128,180,177,179],"class_list":{"0":"post-3723","1":"product","2":"type-product","3":"status-publish","4":"has-post-thumbnail","6":"product_cat-lingerie-2","7":"product_tag-adult-2","8":"product_tag-clothing","9":"product_tag-cross","10":"product_tag-erotic","11":"product_tag-female","12":"product_tag-lingerie-3","13":"product_tag-mask","14":"product_tag-accessories-2","15":"product_tag-dressing","17":"first","18":"outofstock","19":"taxable","20":"shipping-taxable","21":"product-type-simple"},"yoast_head":"<!-- This site is optimized with the Yoast SEO plugin v27.3 - https:\/\/yoast.com\/product\/yoast-seo-wordpress\/ -->\n<title>Sexy Rhinestone See-through Nightdress - Silver Triangle Leatherworks<\/title>\n<meta name=\"robots\" content=\"index, follow, max-snippet:-1, max-image-preview:large, max-video-preview:-1\" \/>\n<link rel=\"canonical\" href=\"https:\/\/silvertriangleleatherworks.ca\/fr\/produit\/sexy-rhinestone-see-through-nightdress\/\" \/>\n<meta property=\"og:locale\" content=\"fr_CA\" \/>\n<meta property=\"og:type\" content=\"article\" \/>\n<meta property=\"og:title\" content=\"Sexy Rhinestone See-through Nightdress - Silver Triangle Leatherworks\" \/>\n<meta property=\"og:description\" content=\"Available in S-M (4-8), L (10), XL (12), 2XL (14), 3XL (16), 4XL (18), 5XL (20), 6XL (22), 6XL (24) Available in 6 colours. Black, Dark Purple, White, Red, Pink, Black Red Our selection of in stock items is going to be small for a while so a lot of these are special order. This [&hellip;]\" \/>\n<meta property=\"og:url\" content=\"https:\/\/silvertriangleleatherworks.ca\/fr\/produit\/sexy-rhinestone-see-through-nightdress\/\" \/>\n<meta property=\"og:site_name\" content=\"Silver Triangle Leatherworks\" \/>\n<meta property=\"article:modified_time\" content=\"2026-04-04T20:40:14+00:00\" \/>\n<meta name=\"twitter:card\" content=\"summary_large_image\" \/>\n<script type=\"application\/ld+json\" class=\"yoast-schema-graph\">{\"@context\":\"https:\\\/\\\/schema.org\",\"@graph\":[{\"@type\":\"WebPage\",\"@id\":\"https:\\\/\\\/silvertriangleleatherworks.ca\\\/product\\\/sexy-rhinestone-see-through-nightdress\\\/\",\"url\":\"https:\\\/\\\/silvertriangleleatherworks.ca\\\/product\\\/sexy-rhinestone-see-through-nightdress\\\/\",\"name\":\"Sexy Rhinestone See-through Nightdress - Silver Triangle Leatherworks\",\"isPartOf\":{\"@id\":\"https:\\\/\\\/silvertriangleleatherworks.ca\\\/#website\"},\"primaryImageOfPage\":{\"@id\":\"https:\\\/\\\/silvertriangleleatherworks.ca\\\/product\\\/sexy-rhinestone-see-through-nightdress\\\/#primaryimage\"},\"image\":{\"@id\":\"https:\\\/\\\/silvertriangleleatherworks.ca\\\/product\\\/sexy-rhinestone-see-through-nightdress\\\/#primaryimage\"},\"thumbnailUrl\":\"https:\\\/\\\/silvertriangleleatherworks.ca\\\/wp-content\\\/uploads\\\/2026\\\/04\\\/e20735.jpg\",\"datePublished\":\"2026-04-04T20:40:13+00:00\",\"dateModified\":\"2026-04-04T20:40:14+00:00\",\"breadcrumb\":{\"@id\":\"https:\\\/\\\/silvertriangleleatherworks.ca\\\/product\\\/sexy-rhinestone-see-through-nightdress\\\/#breadcrumb\"},\"inLanguage\":\"fr-CA\",\"potentialAction\":[{\"@type\":\"ReadAction\",\"target\":[\"https:\\\/\\\/silvertriangleleatherworks.ca\\\/product\\\/sexy-rhinestone-see-through-nightdress\\\/\"]}]},{\"@type\":\"ImageObject\",\"inLanguage\":\"fr-CA\",\"@id\":\"https:\\\/\\\/silvertriangleleatherworks.ca\\\/product\\\/sexy-rhinestone-see-through-nightdress\\\/#primaryimage\",\"url\":\"https:\\\/\\\/silvertriangleleatherworks.ca\\\/wp-content\\\/uploads\\\/2026\\\/04\\\/e20735.jpg\",\"contentUrl\":\"https:\\\/\\\/silvertriangleleatherworks.ca\\\/wp-content\\\/uploads\\\/2026\\\/04\\\/e20735.jpg\",\"width\":394,\"height\":512},{\"@type\":\"BreadcrumbList\",\"@id\":\"https:\\\/\\\/silvertriangleleatherworks.ca\\\/product\\\/sexy-rhinestone-see-through-nightdress\\\/#breadcrumb\",\"itemListElement\":[{\"@type\":\"ListItem\",\"position\":1,\"name\":\"Home\",\"item\":\"https:\\\/\\\/silvertriangleleatherworks.ca\\\/\"},{\"@type\":\"ListItem\",\"position\":2,\"name\":\"Shop\",\"item\":\"https:\\\/\\\/silvertriangleleatherworks.ca\\\/shopxmade-in-canada-adult-leathergoods\\\/\"},{\"@type\":\"ListItem\",\"position\":3,\"name\":\"Sexy Rhinestone See-through Nightdress\"}]},{\"@type\":\"WebSite\",\"@id\":\"https:\\\/\\\/silvertriangleleatherworks.ca\\\/#website\",\"url\":\"https:\\\/\\\/silvertriangleleatherworks.ca\\\/\",\"name\":\"Silver Triangle Leatherworks\",\"description\":\"Designed for passion, Crafted for enduranse\",\"potentialAction\":[{\"@type\":\"SearchAction\",\"target\":{\"@type\":\"EntryPoint\",\"urlTemplate\":\"https:\\\/\\\/silvertriangleleatherworks.ca\\\/?s={search_term_string}\"},\"query-input\":{\"@type\":\"PropertyValueSpecification\",\"valueRequired\":true,\"valueName\":\"search_term_string\"}}],\"inLanguage\":\"fr-CA\"}]}<\/script>\n<!-- \/ Yoast SEO plugin. -->","yoast_head_json":{"title":"Sexy Rhinestone See-through Nightdress - Silver Triangle Leatherworks","robots":{"index":"index","follow":"follow","max-snippet":"max-snippet:-1","max-image-preview":"max-image-preview:large","max-video-preview":"max-video-preview:-1"},"canonical":"https:\/\/silvertriangleleatherworks.ca\/fr\/produit\/sexy-rhinestone-see-through-nightdress\/","og_locale":"fr_CA","og_type":"article","og_title":"Sexy Rhinestone See-through Nightdress - Silver Triangle Leatherworks","og_description":"Available in S-M (4-8), L (10), XL (12), 2XL (14), 3XL (16), 4XL (18), 5XL (20), 6XL (22), 6XL (24) Available in 6 colours. Black, Dark Purple, White, Red, Pink, Black Red Our selection of in stock items is going to be small for a while so a lot of these are special order. This [&hellip;]","og_url":"https:\/\/silvertriangleleatherworks.ca\/fr\/produit\/sexy-rhinestone-see-through-nightdress\/","og_site_name":"Silver Triangle Leatherworks","article_modified_time":"2026-04-04T20:40:14+00:00","twitter_card":"summary_large_image","schema":{"@context":"https:\/\/schema.org","@graph":[{"@type":"WebPage","@id":"https:\/\/silvertriangleleatherworks.ca\/product\/sexy-rhinestone-see-through-nightdress\/","url":"https:\/\/silvertriangleleatherworks.ca\/product\/sexy-rhinestone-see-through-nightdress\/","name":"Sexy Rhinestone See-through Nightdress - Silver Triangle Leatherworks","isPartOf":{"@id":"https:\/\/silvertriangleleatherworks.ca\/#website"},"primaryImageOfPage":{"@id":"https:\/\/silvertriangleleatherworks.ca\/product\/sexy-rhinestone-see-through-nightdress\/#primaryimage"},"image":{"@id":"https:\/\/silvertriangleleatherworks.ca\/product\/sexy-rhinestone-see-through-nightdress\/#primaryimage"},"thumbnailUrl":"https:\/\/silvertriangleleatherworks.ca\/wp-content\/uploads\/2026\/04\/e20735.jpg","datePublished":"2026-04-04T20:40:13+00:00","dateModified":"2026-04-04T20:40:14+00:00","breadcrumb":{"@id":"https:\/\/silvertriangleleatherworks.ca\/product\/sexy-rhinestone-see-through-nightdress\/#breadcrumb"},"inLanguage":"fr-CA","potentialAction":[{"@type":"ReadAction","target":["https:\/\/silvertriangleleatherworks.ca\/product\/sexy-rhinestone-see-through-nightdress\/"]}]},{"@type":"ImageObject","inLanguage":"fr-CA","@id":"https:\/\/silvertriangleleatherworks.ca\/product\/sexy-rhinestone-see-through-nightdress\/#primaryimage","url":"https:\/\/silvertriangleleatherworks.ca\/wp-content\/uploads\/2026\/04\/e20735.jpg","contentUrl":"https:\/\/silvertriangleleatherworks.ca\/wp-content\/uploads\/2026\/04\/e20735.jpg","width":394,"height":512},{"@type":"BreadcrumbList","@id":"https:\/\/silvertriangleleatherworks.ca\/product\/sexy-rhinestone-see-through-nightdress\/#breadcrumb","itemListElement":[{"@type":"ListItem","position":1,"name":"Home","item":"https:\/\/silvertriangleleatherworks.ca\/"},{"@type":"ListItem","position":2,"name":"Shop","item":"https:\/\/silvertriangleleatherworks.ca\/shopxmade-in-canada-adult-leathergoods\/"},{"@type":"ListItem","position":3,"name":"Sexy Rhinestone See-through Nightdress"}]},{"@type":"WebSite","@id":"https:\/\/silvertriangleleatherworks.ca\/#website","url":"https:\/\/silvertriangleleatherworks.ca\/","name":"Maroquinerie du Triangle d'Argent","description":"Designed for passion, Crafted for enduranse","potentialAction":[{"@type":"SearchAction","target":{"@type":"EntryPoint","urlTemplate":"https:\/\/silvertriangleleatherworks.ca\/?s={search_term_string}"},"query-input":{"@type":"PropertyValueSpecification","valueRequired":true,"valueName":"search_term_string"}}],"inLanguage":"fr-CA"}]}},"jetpack_sharing_enabled":true,"_links":{"self":[{"href":"https:\/\/silvertriangleleatherworks.ca\/fr\/wp-json\/wp\/v2\/product\/3723","targetHints":{"allow":["GET"]}}],"collection":[{"href":"https:\/\/silvertriangleleatherworks.ca\/fr\/wp-json\/wp\/v2\/product"}],"about":[{"href":"https:\/\/silvertriangleleatherworks.ca\/fr\/wp-json\/wp\/v2\/types\/product"}],"replies":[{"embeddable":true,"href":"https:\/\/silvertriangleleatherworks.ca\/fr\/wp-json\/wp\/v2\/comments?post=3723"}],"wp:featuredmedia":[{"embeddable":true,"href":"https:\/\/silvertriangleleatherworks.ca\/fr\/wp-json\/wp\/v2\/media\/3722"}],"wp:attachment":[{"href":"https:\/\/silvertriangleleatherworks.ca\/fr\/wp-json\/wp\/v2\/media?parent=3723"}],"wp:term":[{"taxonomy":"product_brand","embeddable":true,"href":"https:\/\/silvertriangleleatherworks.ca\/fr\/wp-json\/wp\/v2\/product_brand?post=3723"},{"taxonomy":"product_cat","embeddable":true,"href":"https:\/\/silvertriangleleatherworks.ca\/fr\/wp-json\/wp\/v2\/product_cat?post=3723"},{"taxonomy":"product_tag","embeddable":true,"href":"https:\/\/silvertriangleleatherworks.ca\/fr\/wp-json\/wp\/v2\/product_tag?post=3723"}],"curies":[{"name":"wp","href":"https:\/\/api.w.org\/{rel}","templated":true}]}}