{"id":3693,"date":"2026-04-04T20:40:06","date_gmt":"2026-04-04T20:40:06","guid":{"rendered":"https:\/\/silvertriangleleatherworks.ca\/product\/black-sexy-pu-men-underwear-with-zipper\/"},"modified":"2026-04-04T20:40:07","modified_gmt":"2026-04-04T20:40:07","slug":"black-sexy-pu-men-underwear-with-zipper","status":"publish","type":"product","link":"https:\/\/silvertriangleleatherworks.ca\/fr\/produit\/black-sexy-pu-men-underwear-with-zipper\/","title":{"rendered":"Sous-v\u00eatements noirs sexy en PU pour hommes avec fermeture \u00e0 glissi\u00e8re"},"content":{"rendered":"<p>Beg&#8217;em not to say Zip It!\u00a0 <br \/>Disponible en noir uniquement.\u00a0<br \/>Available in sizes S, M, L, XL and 2XL.<br \/>MP290-1<\/p>","protected":false},"excerpt":{"rendered":"<p>Beg&#8217;em not to say Zip It!\u00a0 Available in Black only.\u00a0Available in sizes S, M, L, XL and 2XL.MP290-1<\/p>","protected":false},"featured_media":3692,"comment_status":"open","ping_status":"closed","template":"","meta":{"_et_pb_use_builder":"","_et_pb_old_content":"","_et_gb_content_width":""},"product_brand":[],"product_cat":[146],"product_tag":[155,156,171,133,142,141,172],"class_list":{"0":"post-3693","1":"product","2":"type-product","3":"status-publish","4":"has-post-thumbnail","6":"product_cat-mens-underwear-2","7":"product_tag-boxers","8":"product_tag-briefs","9":"product_tag-mans","10":"product_tag-sexy","11":"product_tag-undergarment-2","12":"product_tag-underwear-2","13":"product_tag-man","15":"first","16":"outofstock","17":"taxable","18":"shipping-taxable","19":"product-type-simple"},"yoast_head":"<!-- This site is optimized with the Yoast SEO plugin v27.3 - https:\/\/yoast.com\/product\/yoast-seo-wordpress\/ -->\n<title>Black Sexy PU Men Underwear With Zipper - Silver Triangle Leatherworks<\/title>\n<meta name=\"robots\" content=\"index, follow, max-snippet:-1, max-image-preview:large, max-video-preview:-1\" \/>\n<link rel=\"canonical\" href=\"https:\/\/silvertriangleleatherworks.ca\/fr\/produit\/black-sexy-pu-men-underwear-with-zipper\/\" \/>\n<meta property=\"og:locale\" content=\"fr_CA\" \/>\n<meta property=\"og:type\" content=\"article\" \/>\n<meta property=\"og:title\" content=\"Black Sexy PU Men Underwear With Zipper - Silver Triangle Leatherworks\" \/>\n<meta property=\"og:description\" content=\"Beg&#8217;em not to say Zip It!\u00a0 Available in Black only.\u00a0Available in sizes S, M, L, XL and 2XL.MP290-1\" \/>\n<meta property=\"og:url\" content=\"https:\/\/silvertriangleleatherworks.ca\/fr\/produit\/black-sexy-pu-men-underwear-with-zipper\/\" \/>\n<meta property=\"og:site_name\" content=\"Silver Triangle Leatherworks\" \/>\n<meta property=\"article:modified_time\" content=\"2026-04-04T20:40:07+00:00\" \/>\n<meta name=\"twitter:card\" content=\"summary_large_image\" \/>\n<script type=\"application\/ld+json\" class=\"yoast-schema-graph\">{\"@context\":\"https:\\\/\\\/schema.org\",\"@graph\":[{\"@type\":\"WebPage\",\"@id\":\"https:\\\/\\\/silvertriangleleatherworks.ca\\\/product\\\/black-sexy-pu-men-underwear-with-zipper\\\/\",\"url\":\"https:\\\/\\\/silvertriangleleatherworks.ca\\\/product\\\/black-sexy-pu-men-underwear-with-zipper\\\/\",\"name\":\"Black Sexy PU Men Underwear With Zipper - Silver Triangle Leatherworks\",\"isPartOf\":{\"@id\":\"https:\\\/\\\/silvertriangleleatherworks.ca\\\/#website\"},\"primaryImageOfPage\":{\"@id\":\"https:\\\/\\\/silvertriangleleatherworks.ca\\\/product\\\/black-sexy-pu-men-underwear-with-zipper\\\/#primaryimage\"},\"image\":{\"@id\":\"https:\\\/\\\/silvertriangleleatherworks.ca\\\/product\\\/black-sexy-pu-men-underwear-with-zipper\\\/#primaryimage\"},\"thumbnailUrl\":\"https:\\\/\\\/silvertriangleleatherworks.ca\\\/wp-content\\\/uploads\\\/2026\\\/04\\\/MP290-1.jpg\",\"datePublished\":\"2026-04-04T20:40:06+00:00\",\"dateModified\":\"2026-04-04T20:40:07+00:00\",\"breadcrumb\":{\"@id\":\"https:\\\/\\\/silvertriangleleatherworks.ca\\\/product\\\/black-sexy-pu-men-underwear-with-zipper\\\/#breadcrumb\"},\"inLanguage\":\"fr-CA\",\"potentialAction\":[{\"@type\":\"ReadAction\",\"target\":[\"https:\\\/\\\/silvertriangleleatherworks.ca\\\/product\\\/black-sexy-pu-men-underwear-with-zipper\\\/\"]}]},{\"@type\":\"ImageObject\",\"inLanguage\":\"fr-CA\",\"@id\":\"https:\\\/\\\/silvertriangleleatherworks.ca\\\/product\\\/black-sexy-pu-men-underwear-with-zipper\\\/#primaryimage\",\"url\":\"https:\\\/\\\/silvertriangleleatherworks.ca\\\/wp-content\\\/uploads\\\/2026\\\/04\\\/MP290-1.jpg\",\"contentUrl\":\"https:\\\/\\\/silvertriangleleatherworks.ca\\\/wp-content\\\/uploads\\\/2026\\\/04\\\/MP290-1.jpg\",\"width\":394,\"height\":512},{\"@type\":\"BreadcrumbList\",\"@id\":\"https:\\\/\\\/silvertriangleleatherworks.ca\\\/product\\\/black-sexy-pu-men-underwear-with-zipper\\\/#breadcrumb\",\"itemListElement\":[{\"@type\":\"ListItem\",\"position\":1,\"name\":\"Home\",\"item\":\"https:\\\/\\\/silvertriangleleatherworks.ca\\\/\"},{\"@type\":\"ListItem\",\"position\":2,\"name\":\"Shop\",\"item\":\"https:\\\/\\\/silvertriangleleatherworks.ca\\\/shopxmade-in-canada-adult-leathergoods\\\/\"},{\"@type\":\"ListItem\",\"position\":3,\"name\":\"Black Sexy PU Men Underwear With Zipper\"}]},{\"@type\":\"WebSite\",\"@id\":\"https:\\\/\\\/silvertriangleleatherworks.ca\\\/#website\",\"url\":\"https:\\\/\\\/silvertriangleleatherworks.ca\\\/\",\"name\":\"Silver Triangle Leatherworks\",\"description\":\"Designed for passion, Crafted for enduranse\",\"potentialAction\":[{\"@type\":\"SearchAction\",\"target\":{\"@type\":\"EntryPoint\",\"urlTemplate\":\"https:\\\/\\\/silvertriangleleatherworks.ca\\\/?s={search_term_string}\"},\"query-input\":{\"@type\":\"PropertyValueSpecification\",\"valueRequired\":true,\"valueName\":\"search_term_string\"}}],\"inLanguage\":\"fr-CA\"}]}<\/script>\n<!-- \/ Yoast SEO plugin. -->","yoast_head_json":{"title":"Black Sexy PU Men Underwear With Zipper - Silver Triangle Leatherworks","robots":{"index":"index","follow":"follow","max-snippet":"max-snippet:-1","max-image-preview":"max-image-preview:large","max-video-preview":"max-video-preview:-1"},"canonical":"https:\/\/silvertriangleleatherworks.ca\/fr\/produit\/black-sexy-pu-men-underwear-with-zipper\/","og_locale":"fr_CA","og_type":"article","og_title":"Black Sexy PU Men Underwear With Zipper - Silver Triangle Leatherworks","og_description":"Beg&#8217;em not to say Zip It!\u00a0 Available in Black only.\u00a0Available in sizes S, M, L, XL and 2XL.MP290-1","og_url":"https:\/\/silvertriangleleatherworks.ca\/fr\/produit\/black-sexy-pu-men-underwear-with-zipper\/","og_site_name":"Silver Triangle Leatherworks","article_modified_time":"2026-04-04T20:40:07+00:00","twitter_card":"summary_large_image","schema":{"@context":"https:\/\/schema.org","@graph":[{"@type":"WebPage","@id":"https:\/\/silvertriangleleatherworks.ca\/product\/black-sexy-pu-men-underwear-with-zipper\/","url":"https:\/\/silvertriangleleatherworks.ca\/product\/black-sexy-pu-men-underwear-with-zipper\/","name":"Black Sexy PU Men Underwear With Zipper - Silver Triangle Leatherworks","isPartOf":{"@id":"https:\/\/silvertriangleleatherworks.ca\/#website"},"primaryImageOfPage":{"@id":"https:\/\/silvertriangleleatherworks.ca\/product\/black-sexy-pu-men-underwear-with-zipper\/#primaryimage"},"image":{"@id":"https:\/\/silvertriangleleatherworks.ca\/product\/black-sexy-pu-men-underwear-with-zipper\/#primaryimage"},"thumbnailUrl":"https:\/\/silvertriangleleatherworks.ca\/wp-content\/uploads\/2026\/04\/MP290-1.jpg","datePublished":"2026-04-04T20:40:06+00:00","dateModified":"2026-04-04T20:40:07+00:00","breadcrumb":{"@id":"https:\/\/silvertriangleleatherworks.ca\/product\/black-sexy-pu-men-underwear-with-zipper\/#breadcrumb"},"inLanguage":"fr-CA","potentialAction":[{"@type":"ReadAction","target":["https:\/\/silvertriangleleatherworks.ca\/product\/black-sexy-pu-men-underwear-with-zipper\/"]}]},{"@type":"ImageObject","inLanguage":"fr-CA","@id":"https:\/\/silvertriangleleatherworks.ca\/product\/black-sexy-pu-men-underwear-with-zipper\/#primaryimage","url":"https:\/\/silvertriangleleatherworks.ca\/wp-content\/uploads\/2026\/04\/MP290-1.jpg","contentUrl":"https:\/\/silvertriangleleatherworks.ca\/wp-content\/uploads\/2026\/04\/MP290-1.jpg","width":394,"height":512},{"@type":"BreadcrumbList","@id":"https:\/\/silvertriangleleatherworks.ca\/product\/black-sexy-pu-men-underwear-with-zipper\/#breadcrumb","itemListElement":[{"@type":"ListItem","position":1,"name":"Home","item":"https:\/\/silvertriangleleatherworks.ca\/"},{"@type":"ListItem","position":2,"name":"Shop","item":"https:\/\/silvertriangleleatherworks.ca\/shopxmade-in-canada-adult-leathergoods\/"},{"@type":"ListItem","position":3,"name":"Black Sexy PU Men Underwear With Zipper"}]},{"@type":"WebSite","@id":"https:\/\/silvertriangleleatherworks.ca\/#website","url":"https:\/\/silvertriangleleatherworks.ca\/","name":"Maroquinerie du Triangle d'Argent","description":"Designed for passion, Crafted for enduranse","potentialAction":[{"@type":"SearchAction","target":{"@type":"EntryPoint","urlTemplate":"https:\/\/silvertriangleleatherworks.ca\/?s={search_term_string}"},"query-input":{"@type":"PropertyValueSpecification","valueRequired":true,"valueName":"search_term_string"}}],"inLanguage":"fr-CA"}]}},"jetpack_sharing_enabled":true,"_links":{"self":[{"href":"https:\/\/silvertriangleleatherworks.ca\/fr\/wp-json\/wp\/v2\/product\/3693","targetHints":{"allow":["GET"]}}],"collection":[{"href":"https:\/\/silvertriangleleatherworks.ca\/fr\/wp-json\/wp\/v2\/product"}],"about":[{"href":"https:\/\/silvertriangleleatherworks.ca\/fr\/wp-json\/wp\/v2\/types\/product"}],"replies":[{"embeddable":true,"href":"https:\/\/silvertriangleleatherworks.ca\/fr\/wp-json\/wp\/v2\/comments?post=3693"}],"wp:featuredmedia":[{"embeddable":true,"href":"https:\/\/silvertriangleleatherworks.ca\/fr\/wp-json\/wp\/v2\/media\/3692"}],"wp:attachment":[{"href":"https:\/\/silvertriangleleatherworks.ca\/fr\/wp-json\/wp\/v2\/media?parent=3693"}],"wp:term":[{"taxonomy":"product_brand","embeddable":true,"href":"https:\/\/silvertriangleleatherworks.ca\/fr\/wp-json\/wp\/v2\/product_brand?post=3693"},{"taxonomy":"product_cat","embeddable":true,"href":"https:\/\/silvertriangleleatherworks.ca\/fr\/wp-json\/wp\/v2\/product_cat?post=3693"},{"taxonomy":"product_tag","embeddable":true,"href":"https:\/\/silvertriangleleatherworks.ca\/fr\/wp-json\/wp\/v2\/product_tag?post=3693"}],"curies":[{"name":"wp","href":"https:\/\/api.w.org\/{rel}","templated":true}]}}