{"id":3635,"date":"2026-04-04T20:39:46","date_gmt":"2026-04-04T20:39:46","guid":{"rendered":"https:\/\/silvertriangleleatherworks.ca\/product\/blue-men-sexy-pu-leather-harness-zipper-underwear-set\/"},"modified":"2026-04-04T20:39:46","modified_gmt":"2026-04-04T20:39:46","slug":"blue-men-sexy-pu-leather-harness-zipper-underwear-set","status":"publish","type":"product","link":"https:\/\/silvertriangleleatherworks.ca\/fr\/produit\/blue-men-sexy-pu-leather-harness-zipper-underwear-set\/","title":{"rendered":"Ensemble de sous-v\u00eatements \u00e0 fermeture \u00e0 glissi\u00e8re en cuir PU bleu pour hommes sexy"},"content":{"rendered":"<p>Available in sizes S, M, L, and XL.<\/p>\n<p>MP267<\/p>","protected":false},"excerpt":{"rendered":"<p>Available in sizes S, M, L, and XL. MP267<\/p>","protected":false},"featured_media":3634,"comment_status":"open","ping_status":"closed","template":"","meta":{"_et_pb_use_builder":"","_et_pb_old_content":"","_et_gb_content_width":""},"product_brand":[],"product_cat":[146],"product_tag":[155,156,144,157,142,141,145],"class_list":{"0":"post-3635","1":"product","2":"type-product","3":"status-publish","4":"has-post-thumbnail","6":"product_cat-mens-underwear-2","7":"product_tag-boxers","8":"product_tag-briefs","9":"product_tag-harness","10":"product_tag-jockstrap","11":"product_tag-undergarment-2","12":"product_tag-underwear-2","13":"product_tag-male","15":"first","16":"outofstock","17":"taxable","18":"shipping-taxable","19":"product-type-simple"},"yoast_head":"<!-- This site is optimized with the Yoast SEO plugin v27.3 - https:\/\/yoast.com\/product\/yoast-seo-wordpress\/ -->\n<title>Blue Men Sexy PU Leather Harness Zipper Underwear Set - Silver Triangle Leatherworks<\/title>\n<meta name=\"robots\" content=\"index, follow, max-snippet:-1, max-image-preview:large, max-video-preview:-1\" \/>\n<link rel=\"canonical\" href=\"https:\/\/silvertriangleleatherworks.ca\/fr\/produit\/blue-men-sexy-pu-leather-harness-zipper-underwear-set\/\" \/>\n<meta property=\"og:locale\" content=\"fr_CA\" \/>\n<meta property=\"og:type\" content=\"article\" \/>\n<meta property=\"og:title\" content=\"Blue Men Sexy PU Leather Harness Zipper Underwear Set - Silver Triangle Leatherworks\" \/>\n<meta property=\"og:description\" content=\"Available in sizes S, M, L, and XL. MP267\" \/>\n<meta property=\"og:url\" content=\"https:\/\/silvertriangleleatherworks.ca\/fr\/produit\/blue-men-sexy-pu-leather-harness-zipper-underwear-set\/\" \/>\n<meta property=\"og:site_name\" content=\"Silver Triangle Leatherworks\" \/>\n<meta name=\"twitter:card\" content=\"summary_large_image\" \/>\n<script type=\"application\/ld+json\" class=\"yoast-schema-graph\">{\"@context\":\"https:\\\/\\\/schema.org\",\"@graph\":[{\"@type\":\"WebPage\",\"@id\":\"https:\\\/\\\/silvertriangleleatherworks.ca\\\/product\\\/blue-men-sexy-pu-leather-harness-zipper-underwear-set\\\/\",\"url\":\"https:\\\/\\\/silvertriangleleatherworks.ca\\\/product\\\/blue-men-sexy-pu-leather-harness-zipper-underwear-set\\\/\",\"name\":\"Blue Men Sexy PU Leather Harness Zipper Underwear Set - Silver Triangle Leatherworks\",\"isPartOf\":{\"@id\":\"https:\\\/\\\/silvertriangleleatherworks.ca\\\/#website\"},\"primaryImageOfPage\":{\"@id\":\"https:\\\/\\\/silvertriangleleatherworks.ca\\\/product\\\/blue-men-sexy-pu-leather-harness-zipper-underwear-set\\\/#primaryimage\"},\"image\":{\"@id\":\"https:\\\/\\\/silvertriangleleatherworks.ca\\\/product\\\/blue-men-sexy-pu-leather-harness-zipper-underwear-set\\\/#primaryimage\"},\"thumbnailUrl\":\"https:\\\/\\\/silvertriangleleatherworks.ca\\\/wp-content\\\/uploads\\\/2026\\\/04\\\/mp267.jpg\",\"datePublished\":\"2026-04-04T20:39:46+00:00\",\"breadcrumb\":{\"@id\":\"https:\\\/\\\/silvertriangleleatherworks.ca\\\/product\\\/blue-men-sexy-pu-leather-harness-zipper-underwear-set\\\/#breadcrumb\"},\"inLanguage\":\"fr-CA\",\"potentialAction\":[{\"@type\":\"ReadAction\",\"target\":[\"https:\\\/\\\/silvertriangleleatherworks.ca\\\/product\\\/blue-men-sexy-pu-leather-harness-zipper-underwear-set\\\/\"]}]},{\"@type\":\"ImageObject\",\"inLanguage\":\"fr-CA\",\"@id\":\"https:\\\/\\\/silvertriangleleatherworks.ca\\\/product\\\/blue-men-sexy-pu-leather-harness-zipper-underwear-set\\\/#primaryimage\",\"url\":\"https:\\\/\\\/silvertriangleleatherworks.ca\\\/wp-content\\\/uploads\\\/2026\\\/04\\\/mp267.jpg\",\"contentUrl\":\"https:\\\/\\\/silvertriangleleatherworks.ca\\\/wp-content\\\/uploads\\\/2026\\\/04\\\/mp267.jpg\",\"width\":394,\"height\":512},{\"@type\":\"BreadcrumbList\",\"@id\":\"https:\\\/\\\/silvertriangleleatherworks.ca\\\/product\\\/blue-men-sexy-pu-leather-harness-zipper-underwear-set\\\/#breadcrumb\",\"itemListElement\":[{\"@type\":\"ListItem\",\"position\":1,\"name\":\"Home\",\"item\":\"https:\\\/\\\/silvertriangleleatherworks.ca\\\/\"},{\"@type\":\"ListItem\",\"position\":2,\"name\":\"Shop\",\"item\":\"https:\\\/\\\/silvertriangleleatherworks.ca\\\/shopxmade-in-canada-adult-leathergoods\\\/\"},{\"@type\":\"ListItem\",\"position\":3,\"name\":\"Blue Men Sexy PU Leather Harness Zipper Underwear Set\"}]},{\"@type\":\"WebSite\",\"@id\":\"https:\\\/\\\/silvertriangleleatherworks.ca\\\/#website\",\"url\":\"https:\\\/\\\/silvertriangleleatherworks.ca\\\/\",\"name\":\"Silver Triangle Leatherworks\",\"description\":\"Designed for passion, Crafted for enduranse\",\"potentialAction\":[{\"@type\":\"SearchAction\",\"target\":{\"@type\":\"EntryPoint\",\"urlTemplate\":\"https:\\\/\\\/silvertriangleleatherworks.ca\\\/?s={search_term_string}\"},\"query-input\":{\"@type\":\"PropertyValueSpecification\",\"valueRequired\":true,\"valueName\":\"search_term_string\"}}],\"inLanguage\":\"fr-CA\"}]}<\/script>\n<!-- \/ Yoast SEO plugin. -->","yoast_head_json":{"title":"Blue Men Sexy PU Leather Harness Zipper Underwear Set - Silver Triangle Leatherworks","robots":{"index":"index","follow":"follow","max-snippet":"max-snippet:-1","max-image-preview":"max-image-preview:large","max-video-preview":"max-video-preview:-1"},"canonical":"https:\/\/silvertriangleleatherworks.ca\/fr\/produit\/blue-men-sexy-pu-leather-harness-zipper-underwear-set\/","og_locale":"fr_CA","og_type":"article","og_title":"Blue Men Sexy PU Leather Harness Zipper Underwear Set - Silver Triangle Leatherworks","og_description":"Available in sizes S, M, L, and XL. MP267","og_url":"https:\/\/silvertriangleleatherworks.ca\/fr\/produit\/blue-men-sexy-pu-leather-harness-zipper-underwear-set\/","og_site_name":"Silver Triangle Leatherworks","twitter_card":"summary_large_image","schema":{"@context":"https:\/\/schema.org","@graph":[{"@type":"WebPage","@id":"https:\/\/silvertriangleleatherworks.ca\/product\/blue-men-sexy-pu-leather-harness-zipper-underwear-set\/","url":"https:\/\/silvertriangleleatherworks.ca\/product\/blue-men-sexy-pu-leather-harness-zipper-underwear-set\/","name":"Blue Men Sexy PU Leather Harness Zipper Underwear Set - Silver Triangle Leatherworks","isPartOf":{"@id":"https:\/\/silvertriangleleatherworks.ca\/#website"},"primaryImageOfPage":{"@id":"https:\/\/silvertriangleleatherworks.ca\/product\/blue-men-sexy-pu-leather-harness-zipper-underwear-set\/#primaryimage"},"image":{"@id":"https:\/\/silvertriangleleatherworks.ca\/product\/blue-men-sexy-pu-leather-harness-zipper-underwear-set\/#primaryimage"},"thumbnailUrl":"https:\/\/silvertriangleleatherworks.ca\/wp-content\/uploads\/2026\/04\/mp267.jpg","datePublished":"2026-04-04T20:39:46+00:00","breadcrumb":{"@id":"https:\/\/silvertriangleleatherworks.ca\/product\/blue-men-sexy-pu-leather-harness-zipper-underwear-set\/#breadcrumb"},"inLanguage":"fr-CA","potentialAction":[{"@type":"ReadAction","target":["https:\/\/silvertriangleleatherworks.ca\/product\/blue-men-sexy-pu-leather-harness-zipper-underwear-set\/"]}]},{"@type":"ImageObject","inLanguage":"fr-CA","@id":"https:\/\/silvertriangleleatherworks.ca\/product\/blue-men-sexy-pu-leather-harness-zipper-underwear-set\/#primaryimage","url":"https:\/\/silvertriangleleatherworks.ca\/wp-content\/uploads\/2026\/04\/mp267.jpg","contentUrl":"https:\/\/silvertriangleleatherworks.ca\/wp-content\/uploads\/2026\/04\/mp267.jpg","width":394,"height":512},{"@type":"BreadcrumbList","@id":"https:\/\/silvertriangleleatherworks.ca\/product\/blue-men-sexy-pu-leather-harness-zipper-underwear-set\/#breadcrumb","itemListElement":[{"@type":"ListItem","position":1,"name":"Home","item":"https:\/\/silvertriangleleatherworks.ca\/"},{"@type":"ListItem","position":2,"name":"Shop","item":"https:\/\/silvertriangleleatherworks.ca\/shopxmade-in-canada-adult-leathergoods\/"},{"@type":"ListItem","position":3,"name":"Blue Men Sexy PU Leather Harness Zipper Underwear Set"}]},{"@type":"WebSite","@id":"https:\/\/silvertriangleleatherworks.ca\/#website","url":"https:\/\/silvertriangleleatherworks.ca\/","name":"Maroquinerie du Triangle d'Argent","description":"Designed for passion, Crafted for enduranse","potentialAction":[{"@type":"SearchAction","target":{"@type":"EntryPoint","urlTemplate":"https:\/\/silvertriangleleatherworks.ca\/?s={search_term_string}"},"query-input":{"@type":"PropertyValueSpecification","valueRequired":true,"valueName":"search_term_string"}}],"inLanguage":"fr-CA"}]}},"jetpack_sharing_enabled":true,"_links":{"self":[{"href":"https:\/\/silvertriangleleatherworks.ca\/fr\/wp-json\/wp\/v2\/product\/3635","targetHints":{"allow":["GET"]}}],"collection":[{"href":"https:\/\/silvertriangleleatherworks.ca\/fr\/wp-json\/wp\/v2\/product"}],"about":[{"href":"https:\/\/silvertriangleleatherworks.ca\/fr\/wp-json\/wp\/v2\/types\/product"}],"replies":[{"embeddable":true,"href":"https:\/\/silvertriangleleatherworks.ca\/fr\/wp-json\/wp\/v2\/comments?post=3635"}],"wp:featuredmedia":[{"embeddable":true,"href":"https:\/\/silvertriangleleatherworks.ca\/fr\/wp-json\/wp\/v2\/media\/3634"}],"wp:attachment":[{"href":"https:\/\/silvertriangleleatherworks.ca\/fr\/wp-json\/wp\/v2\/media?parent=3635"}],"wp:term":[{"taxonomy":"product_brand","embeddable":true,"href":"https:\/\/silvertriangleleatherworks.ca\/fr\/wp-json\/wp\/v2\/product_brand?post=3635"},{"taxonomy":"product_cat","embeddable":true,"href":"https:\/\/silvertriangleleatherworks.ca\/fr\/wp-json\/wp\/v2\/product_cat?post=3635"},{"taxonomy":"product_tag","embeddable":true,"href":"https:\/\/silvertriangleleatherworks.ca\/fr\/wp-json\/wp\/v2\/product_tag?post=3635"}],"curies":[{"name":"wp","href":"https:\/\/api.w.org\/{rel}","templated":true}]}}