{"id":3543,"date":"2026-04-04T20:39:13","date_gmt":"2026-04-04T20:39:13","guid":{"rendered":"https:\/\/silvertriangleleatherworks.ca\/product\/leather-4-ring-circus\/"},"modified":"2026-04-04T20:39:13","modified_gmt":"2026-04-04T20:39:13","slug":"leather-4-ring-circus","status":"publish","type":"product","link":"https:\/\/silvertriangleleatherworks.ca\/fr\/produit\/leather-4-ring-circus\/","title":{"rendered":"Cirque \u00e0 4 anneaux en cuir"},"content":{"rendered":"<p>Le cirque \u00e0 4 anneaux en cuir est fabriqu\u00e9 \u00e0 la main avec du cuir de premi\u00e8re qualit\u00e9 et comprend la ceinture et 4 anneaux espac\u00e9s sur une bande de cuir de 4\u2033. La ceinture peut aller jusqu'\u00e0 38\u2033 et se ferme \u00e0 l'aide d'une boucle. Vous pouvez percer des trous l\u00e0 o\u00f9 vous le souhaitez dans la ceinture, les 5 premiers sont faits.<\/p>\n<p>Choisissez votre taille de bague dans les options. Si vous ne le voyez pas, laissez un commentaire, je trouverai.<\/p>\n<p><span style=\"text-decoration: underline;\"><strong>Les tailles des bagues sont des diam\u00e8tres int\u00e9rieurs.<\/strong><\/span><\/p>","protected":false},"excerpt":{"rendered":"<p>The leather 4 Ring Circus, is hand-made using top grain leather and comes wit the waist belt, and 4 rings spaced on a 4&#8243; strip of leather. The waist is good for up to 38&#8243; and has a buckle closure. You can poke holes where needed in then belt, first 5 are done. Pick your [&hellip;]<\/p>\n","protected":false},"featured_media":0,"comment_status":"open","ping_status":"closed","template":"","meta":{"_et_pb_use_builder":"","_et_pb_old_content":"","_et_gb_content_width":""},"product_brand":[],"product_cat":[64],"product_tag":[37,29,65,56,51,66,52,47],"class_list":{"0":"post-3543","1":"product","2":"type-product","3":"status-publish","5":"product_cat-cock-ring","6":"product_tag-adult-2","7":"product_tag-bdsm","8":"product_tag-cock","9":"product_tag-kink","10":"product_tag-made","11":"product_tag-cage","12":"product_tag-canada-2","13":"product_tag-in","15":"first","16":"instock","17":"taxable","18":"shipping-taxable","19":"product-type-simple"},"yoast_head":"<!-- This site is optimized with the Yoast SEO plugin v27.3 - https:\/\/yoast.com\/product\/yoast-seo-wordpress\/ -->\n<title>Leather 4 Ring Circus - Silver Triangle Leatherworks<\/title>\n<meta name=\"robots\" content=\"index, follow, max-snippet:-1, max-image-preview:large, max-video-preview:-1\" \/>\n<link rel=\"canonical\" href=\"https:\/\/silvertriangleleatherworks.ca\/fr\/produit\/leather-4-ring-circus\/\" \/>\n<meta property=\"og:locale\" content=\"fr_CA\" \/>\n<meta property=\"og:type\" content=\"article\" \/>\n<meta property=\"og:title\" content=\"Leather 4 Ring Circus - Silver Triangle Leatherworks\" \/>\n<meta property=\"og:description\" content=\"The leather 4 Ring Circus, is hand-made using top grain leather and comes wit the waist belt, and 4 rings spaced on a 4&#8243; strip of leather. The waist is good for up to 38&#8243; and has a buckle closure. You can poke holes where needed in then belt, first 5 are done. Pick your [&hellip;]\" \/>\n<meta property=\"og:url\" content=\"https:\/\/silvertriangleleatherworks.ca\/fr\/produit\/leather-4-ring-circus\/\" \/>\n<meta property=\"og:site_name\" content=\"Silver Triangle Leatherworks\" \/>\n<meta name=\"twitter:card\" content=\"summary_large_image\" \/>\n<script type=\"application\/ld+json\" class=\"yoast-schema-graph\">{\"@context\":\"https:\\\/\\\/schema.org\",\"@graph\":[{\"@type\":\"WebPage\",\"@id\":\"https:\\\/\\\/silvertriangleleatherworks.ca\\\/product\\\/leather-4-ring-circus\\\/\",\"url\":\"https:\\\/\\\/silvertriangleleatherworks.ca\\\/product\\\/leather-4-ring-circus\\\/\",\"name\":\"Leather 4 Ring Circus - Silver Triangle Leatherworks\",\"isPartOf\":{\"@id\":\"https:\\\/\\\/silvertriangleleatherworks.ca\\\/#website\"},\"datePublished\":\"2026-04-04T20:39:13+00:00\",\"breadcrumb\":{\"@id\":\"https:\\\/\\\/silvertriangleleatherworks.ca\\\/product\\\/leather-4-ring-circus\\\/#breadcrumb\"},\"inLanguage\":\"fr-CA\",\"potentialAction\":[{\"@type\":\"ReadAction\",\"target\":[\"https:\\\/\\\/silvertriangleleatherworks.ca\\\/product\\\/leather-4-ring-circus\\\/\"]}]},{\"@type\":\"BreadcrumbList\",\"@id\":\"https:\\\/\\\/silvertriangleleatherworks.ca\\\/product\\\/leather-4-ring-circus\\\/#breadcrumb\",\"itemListElement\":[{\"@type\":\"ListItem\",\"position\":1,\"name\":\"Home\",\"item\":\"https:\\\/\\\/silvertriangleleatherworks.ca\\\/\"},{\"@type\":\"ListItem\",\"position\":2,\"name\":\"Shop\",\"item\":\"https:\\\/\\\/silvertriangleleatherworks.ca\\\/shopxmade-in-canada-adult-leathergoods\\\/\"},{\"@type\":\"ListItem\",\"position\":3,\"name\":\"Leather 4 Ring Circus\"}]},{\"@type\":\"WebSite\",\"@id\":\"https:\\\/\\\/silvertriangleleatherworks.ca\\\/#website\",\"url\":\"https:\\\/\\\/silvertriangleleatherworks.ca\\\/\",\"name\":\"Silver Triangle Leatherworks\",\"description\":\"Designed for passion, Crafted for enduranse\",\"potentialAction\":[{\"@type\":\"SearchAction\",\"target\":{\"@type\":\"EntryPoint\",\"urlTemplate\":\"https:\\\/\\\/silvertriangleleatherworks.ca\\\/?s={search_term_string}\"},\"query-input\":{\"@type\":\"PropertyValueSpecification\",\"valueRequired\":true,\"valueName\":\"search_term_string\"}}],\"inLanguage\":\"fr-CA\"}]}<\/script>\n<!-- \/ Yoast SEO plugin. -->","yoast_head_json":{"title":"Leather 4 Ring Circus - Silver Triangle Leatherworks","robots":{"index":"index","follow":"follow","max-snippet":"max-snippet:-1","max-image-preview":"max-image-preview:large","max-video-preview":"max-video-preview:-1"},"canonical":"https:\/\/silvertriangleleatherworks.ca\/fr\/produit\/leather-4-ring-circus\/","og_locale":"fr_CA","og_type":"article","og_title":"Leather 4 Ring Circus - Silver Triangle Leatherworks","og_description":"The leather 4 Ring Circus, is hand-made using top grain leather and comes wit the waist belt, and 4 rings spaced on a 4&#8243; strip of leather. The waist is good for up to 38&#8243; and has a buckle closure. You can poke holes where needed in then belt, first 5 are done. Pick your [&hellip;]","og_url":"https:\/\/silvertriangleleatherworks.ca\/fr\/produit\/leather-4-ring-circus\/","og_site_name":"Silver Triangle Leatherworks","twitter_card":"summary_large_image","schema":{"@context":"https:\/\/schema.org","@graph":[{"@type":"WebPage","@id":"https:\/\/silvertriangleleatherworks.ca\/product\/leather-4-ring-circus\/","url":"https:\/\/silvertriangleleatherworks.ca\/product\/leather-4-ring-circus\/","name":"Leather 4 Ring Circus - Silver Triangle Leatherworks","isPartOf":{"@id":"https:\/\/silvertriangleleatherworks.ca\/#website"},"datePublished":"2026-04-04T20:39:13+00:00","breadcrumb":{"@id":"https:\/\/silvertriangleleatherworks.ca\/product\/leather-4-ring-circus\/#breadcrumb"},"inLanguage":"fr-CA","potentialAction":[{"@type":"ReadAction","target":["https:\/\/silvertriangleleatherworks.ca\/product\/leather-4-ring-circus\/"]}]},{"@type":"BreadcrumbList","@id":"https:\/\/silvertriangleleatherworks.ca\/product\/leather-4-ring-circus\/#breadcrumb","itemListElement":[{"@type":"ListItem","position":1,"name":"Home","item":"https:\/\/silvertriangleleatherworks.ca\/"},{"@type":"ListItem","position":2,"name":"Shop","item":"https:\/\/silvertriangleleatherworks.ca\/shopxmade-in-canada-adult-leathergoods\/"},{"@type":"ListItem","position":3,"name":"Leather 4 Ring Circus"}]},{"@type":"WebSite","@id":"https:\/\/silvertriangleleatherworks.ca\/#website","url":"https:\/\/silvertriangleleatherworks.ca\/","name":"Maroquinerie du Triangle d'Argent","description":"Designed for passion, Crafted for enduranse","potentialAction":[{"@type":"SearchAction","target":{"@type":"EntryPoint","urlTemplate":"https:\/\/silvertriangleleatherworks.ca\/?s={search_term_string}"},"query-input":{"@type":"PropertyValueSpecification","valueRequired":true,"valueName":"search_term_string"}}],"inLanguage":"fr-CA"}]}},"jetpack_sharing_enabled":true,"_links":{"self":[{"href":"https:\/\/silvertriangleleatherworks.ca\/fr\/wp-json\/wp\/v2\/product\/3543","targetHints":{"allow":["GET"]}}],"collection":[{"href":"https:\/\/silvertriangleleatherworks.ca\/fr\/wp-json\/wp\/v2\/product"}],"about":[{"href":"https:\/\/silvertriangleleatherworks.ca\/fr\/wp-json\/wp\/v2\/types\/product"}],"replies":[{"embeddable":true,"href":"https:\/\/silvertriangleleatherworks.ca\/fr\/wp-json\/wp\/v2\/comments?post=3543"}],"wp:attachment":[{"href":"https:\/\/silvertriangleleatherworks.ca\/fr\/wp-json\/wp\/v2\/media?parent=3543"}],"wp:term":[{"taxonomy":"product_brand","embeddable":true,"href":"https:\/\/silvertriangleleatherworks.ca\/fr\/wp-json\/wp\/v2\/product_brand?post=3543"},{"taxonomy":"product_cat","embeddable":true,"href":"https:\/\/silvertriangleleatherworks.ca\/fr\/wp-json\/wp\/v2\/product_cat?post=3543"},{"taxonomy":"product_tag","embeddable":true,"href":"https:\/\/silvertriangleleatherworks.ca\/fr\/wp-json\/wp\/v2\/product_tag?post=3543"}],"curies":[{"name":"wp","href":"https:\/\/api.w.org\/{rel}","templated":true}]}}